{"id":9889,"date":"2023-03-23T17:50:49","date_gmt":"2023-03-23T14:50:49","guid":{"rendered":"https:\/\/www.beno.az\/?post_type=product&#038;p=9889"},"modified":"2023-03-23T17:50:50","modified_gmt":"2023-03-23T14:50:50","slug":"h%c9%99b-inspector-quadro-tabs-g%c9%99n%c9%99-bir%c9%99-v%c9%99-helmintl%c9%99r%c9%99-qarsi-c%c9%99kisi-8-kq-dan-16-kq-a-q%c9%99d%c9%99r-olan-itl%c9%99r-ucun-1-h%c9%99b","status":"publish","type":"product","link":"https:\/\/www.beno.az\/ru\/checkout\/h%c9%99b-inspector-quadro-tabs-g%c9%99n%c9%99-bir%c9%99-v%c9%99-helmintl%c9%99r%c9%99-qarsi-c%c9%99kisi-8-kq-dan-16-kq-a-q%c9%99d%c9%99r-olan-itl%c9%99r-ucun-1-h%c9%99b\/","title":{"rendered":"H\u0259b Inspector Quadro Tabs g\u0259n\u0259, bir\u0259 v\u0259 helmintl\u0259r\u0259 qar\u015f\u0131, \u00e7\u0259kisi 8 kq-dan 16 kq-a q\u0259d\u0259r olan itl\u0259r \u00fc\u00e7\u00fcn, 1 h\u0259b"},"content":{"rendered":"<div class=\"text-block show\">\n<p>Ev heyvanlar\u0131m\u0131z daim parazitl\u0259rl\u0259 yoluxma t\u0259hl\u00fck\u0259si alt\u0131ndad\u0131r: g\u0259n\u0259l\u0259r, bir\u0259l\u0259r, qurular, d\u0259yirmi v\u0259 tapeworms. M\u00fcf\u0259tti\u015f QUADRO 20 n\u00f6v xarici v\u0259 daxili parazitl\u0259rd\u0259n qoruyur. Inspector QUADRO insektisid v\u0259 antihelmintikdir. Inspector QUADRO-dan istifad\u0259 edin: &#8211; 6 h\u0259ft\u0259d\u0259n &#8211; 0,5-d\u0259n 2 kq-a q\u0259d\u0259r \u0130stifad\u0259 qaydas\u0131: heyvan\u0131 s\u0259h\u0259r yem\u0259yind\u0259 v\u0259 ya ondan d\u0259rhal sonra bir tabletl\u0259 qidaland\u0131rmaq kifay\u0259tdir. M\u00fcalic\u0259d\u0259n d\u0259rhal sonra ev heyvan\u0131n\u0131z\u0131 \u00fct\u00fcl\u0259y\u0259, oynaya, \u00e7im\u0259 v\u0259 yuya bil\u0259rsiniz! Aktiv madd\u0259l\u0259r: lufenuron &#8211; 16,66% v\u0259 prazikvantel &#8211; 8,33%, moksidektin &#8211; 0,5% M\u00fcf\u0259tti\u015f QUADRO 20 n\u00f6v xarici v\u0259 daxili parazitl\u0259rd\u0259n qoruyur. Parazitl\u0259r\u0259 qar\u015f\u0131 effektiv qoruyur: 5 h\u0259ft\u0259 \u0259rzind\u0259. Mal \u0259tinin \u0259tri heyvan\u0131 c\u0259lb edir, dad\u0131n\u0131 art\u0131r\u0131r. Oval forma problemsiz qidalanma t\u0259min edir v\u0259 d\u0259rin \u00e7entik laz\u0131m olduqda tableti s\u0131nd\u0131rma\u011f\u0131 asanla\u015fd\u0131r\u0131r.<\/p>\n<\/div>","protected":false},"excerpt":{"rendered":"<p>Ev heyvanlar\u0131m\u0131z daim parazitl\u0259rl\u0259 yoluxma t\u0259hl\u00fck\u0259si alt\u0131ndad\u0131r: g\u0259n\u0259l\u0259r, bir\u0259l\u0259r, qurular, d\u0259yirmi v\u0259 tapeworms. M\u00fcf\u0259tti\u015f QUADRO 20 n\u00f6v xarici v\u0259 daxili<\/p>","protected":false},"featured_media":9890,"comment_status":"open","ping_status":"closed","template":"","meta":[],"pwb-brand":[403],"product_brand":[],"product_cat":[19,16],"product_tag":[],"class_list":{"0":"post-9889","1":"product","2":"type-product","3":"status-publish","4":"has-post-thumbnail","6":"pwb-brand-inspector","7":"product_cat-baytarliq-it","8":"product_cat-it","10":"first","11":"instock","12":"shipping-taxable","13":"purchasable","14":"product-type-simple"},"pure_taxonomies":{"pwb-brand":[{"term_id":403,"name":"\u0130nspector","slug":"inspector","term_group":0,"term_taxonomy_id":403,"taxonomy":"pwb-brand","description":"","parent":0,"count":5,"filter":"raw","image":""}],"product_cat":[{"term_id":19,"name":"Baytarl\u0131q","slug":"baytarliq-it","term_group":0,"term_taxonomy_id":19,"taxonomy":"product_cat","description":"","parent":16,"count":59,"filter":"raw","image":""},{"term_id":16,"name":"\u0130TL\u018fR","slug":"it","term_group":0,"term_taxonomy_id":16,"taxonomy":"product_cat","description":"","parent":0,"count":228,"filter":"raw","image":""}]},"brands":[{"id":403,"name":"\u0130nspector","slug":"inspector"}],"_links":{"self":[{"href":"https:\/\/www.beno.az\/ru\/wp-json\/wp\/v2\/product\/9889","targetHints":{"allow":["GET"]}}],"collection":[{"href":"https:\/\/www.beno.az\/ru\/wp-json\/wp\/v2\/product"}],"about":[{"href":"https:\/\/www.beno.az\/ru\/wp-json\/wp\/v2\/types\/product"}],"replies":[{"embeddable":true,"href":"https:\/\/www.beno.az\/ru\/wp-json\/wp\/v2\/comments?post=9889"}],"version-history":[{"count":0,"href":"https:\/\/www.beno.az\/ru\/wp-json\/wp\/v2\/product\/9889\/revisions"}],"wp:featuredmedia":[{"embeddable":true,"href":"https:\/\/www.beno.az\/ru\/wp-json\/wp\/v2\/media\/9890"}],"wp:attachment":[{"href":"https:\/\/www.beno.az\/ru\/wp-json\/wp\/v2\/media?parent=9889"}],"wp:term":[{"taxonomy":"pwb-brand","embeddable":true,"href":"https:\/\/www.beno.az\/ru\/wp-json\/wp\/v2\/pwb-brand?post=9889"},{"taxonomy":"product_brand","embeddable":true,"href":"https:\/\/www.beno.az\/ru\/wp-json\/wp\/v2\/product_brand?post=9889"},{"taxonomy":"product_cat","embeddable":true,"href":"https:\/\/www.beno.az\/ru\/wp-json\/wp\/v2\/product_cat?post=9889"},{"taxonomy":"product_tag","embeddable":true,"href":"https:\/\/www.beno.az\/ru\/wp-json\/wp\/v2\/product_tag?post=9889"}],"curies":[{"name":"wp","href":"https:\/\/api.w.org\/{rel}","templated":true}]}}