{"id":9886,"date":"2023-03-23T17:48:11","date_gmt":"2023-03-23T14:48:11","guid":{"rendered":"https:\/\/www.beno.az\/?post_type=product&#038;p=9886"},"modified":"2023-03-23T17:48:11","modified_gmt":"2023-03-23T14:48:11","slug":"damci-inspector-total-%d1%81-1-4-kq-olan-itl%c9%99r-ucun-1-pipet","status":"publish","type":"product","link":"https:\/\/www.beno.az\/ru\/checkout\/damci-inspector-total-%d1%81-1-4-kq-olan-itl%c9%99r-ucun-1-pipet\/","title":{"rendered":"Damc\u0131 Inspector Total \u0421 1-4 kq olan itl\u0259r \u00fc\u00e7\u00fcn (1 pipet)"},"content":{"rendered":"<div class=\"text-block show\">\n<p>4 kq-dan az itl\u0259r \u00fc\u00e7\u00fcn Inspector Total C xarici v\u0259 daxili parazitl\u0259rl\u0259 m\u00fcbariz\u0259 \u00fc\u00e7\u00fcn istifad\u0259 edil\u0259n kompleks antiparazitar d\u0259rmand\u0131r. D\u0259rman\u0131 t\u0259\u015fkil ed\u0259n b\u00fct\u00fcn komponentl\u0259r diqq\u0259tl\u0259 se\u00e7ilir v\u0259 bir-biri il\u0259 uy\u011fun g\u0259lir. Bu, b\u00fct\u00fcn il boyu heyvanlardan g\u0259l\u0259n parazitl\u0259ri \u0259n t\u0259sirli, sad\u0259 v\u0259 t\u0259hl\u00fck\u0259siz \u015f\u0259kild\u0259 m\u00fcalic\u0259 etm\u0259y\u0259 v\u0259 qar\u015f\u0131s\u0131n\u0131 alma\u011fa imkan verir. D\u0259rman unikal iki komponentli formulaya (moksidektin, fipronil) \u0259saslan\u0131r. Moksidektin m\u00fcasir sistemli endoekotsiddir, xarici parazitl\u0259rin v\u0259 helmintl\u0259rin ani iflicin\u0259 v\u0259 \u00f6l\u00fcm\u00fcn\u0259 s\u0259b\u0259b olur. Fipronil, qana daxil olmadan, xarici parazitl\u0259ri m\u0259hv edir v\u0259 uzunm\u00fcdd\u0259tli qoruyucu t\u0259sir g\u00f6st\u0259rir. M\u00fcalic\u0259 olunan heyvan d\u0259rman\u0131n effektivliyini itirm\u0259d\u0259n yuyula v\u0259 yuyula bil\u0259r. Effektiv \u2022 D\u0259rman ixodid, demodektik g\u0259n\u0259l\u0259r v\u0259 \u00fcr\u0259k qurdlar\u0131 daxil olmaqla 14 n\u00f6v xarici v\u0259 daxili parazitl\u0259r\u0259 qar\u015f\u0131 t\u0259sirlidir. \u2022 Parazitl\u0259ri 97-100% m\u0259hv edir. \u2022 2 aya q\u0259d\u0259r t\u0259krar infeksiyadan qoruyur. T\u0259hl\u00fck\u0259siz \u2022 B\u00fct\u00fcn cinsl\u0259rin itl\u0259ri m\u0259hdudiyy\u0259tsiz m\u00fcalic\u0259 edil\u0259 bil\u0259r. \u2022 Hamil\u0259 v\u0259 laktasiya ed\u0259n qad\u0131nlar\u0131n emal\u0131na icaz\u0259 verilir. \u2022 7 h\u0259ft\u0259lik balalar \u00fc\u00e7\u00fcn t\u0259sdiq edilmi\u015fdir. \u2022 Profilaktik m\u0259qs\u0259dl\u0259r \u00fc\u00e7\u00fcn d\u0259rmandan il \u0259rzind\u0259 h\u0259r ay istifad\u0259 etm\u0259k olar. Rahat \u2022 SPOT-ON t\u0259tbiqinin rahat formas\u0131. \u2022 Heyvan\u0131n n\u00f6v\u00fc v\u0259 \u00e7\u0259kisi n\u0259z\u0259r\u0259 al\u0131nmaqla \u00e7e\u015fid diapazonu. T\u0259rkibi: itl\u0259r \u00fc\u00e7\u00fcn fipronil (10%), moksidektin (2,5%) inspektor geni\u015f spektrli antiparazitar f\u0259aliyy\u0259t\u0259 malikdir v\u0259 itl\u0259ri parazitl\u0259\u015fdir\u0259n demodektik g\u0259n\u0259l\u0259r\u0259 (Demodex canis), sarkoptoid g\u0259n\u0259l\u0259r\u0259 (Sarcoptes canis), otodektoz g\u0259n\u0259l\u0259rin\u0259 (Otodectes) v\u0259 pi\u015fikl\u0259r.cynotis), ixodid g\u0259n\u0259l\u0259r (Ixodidae recinus), bir\u0259 (Steocephalides canis), bitl\u0259r (Linognatus setotus), bitl\u0259r (Trichodectes canis), ba\u011f\u0131rsaq nematodlar\u0131n\u0131n s\u00fcrf\u0259 v\u0259 yetkin inki\u015faf m\u0259rh\u0259l\u0259l\u0259ri (Toxosara canis, Toxascariscy leontoineum, An lostoineumin, An lostoineum) tubaeforme, Uncinaria stenocephala, Trichuris vulpis), h\u0259m\u00e7inin dirofilaria s\u00fcrf\u0259 formalar\u0131 (Dirofilaria immitis). \u0130nspektor Total C, entomozun m\u00fcalic\u0259si v\u0259 qar\u015f\u0131s\u0131n\u0131n al\u0131nmas\u0131 \u00fc\u00e7\u00fcn itl\u0259r\u0259 t\u0259yin edilir. demodikoz. otodektoz, sarkoptoz, ixodid g\u0259n\u0259l\u0259rin, ba\u011f\u0131rsaq nematodlar\u0131n\u0131n (toksokaroz, toxascariasis, uncinariasis, hookworm) m\u0259\u011flubiyy\u0259ti il\u0259, h\u0259m\u00e7inin dirofilariaz\u0131n qar\u015f\u0131s\u0131n\u0131n al\u0131nmas\u0131 \u00fc\u00e7\u00fcn. T\u0259tbiq qaydas\u0131 D\u0259rman heyvanlara damc\u0131 \u00fcsulu il\u0259 (\u201cn\u00f6qt\u0259\u201d) quru, b\u00fct\u00f6v d\u0259riy\u0259 yalama \u00fc\u00e7\u00fcn \u0259l\u00e7atmaz yerl\u0259rd\u0259, birba\u015fa boyun alt\u0131ndak\u0131 \u00e7iyin b\u0131\u00e7aqlar\u0131 aras\u0131nda olan d\u0259riy\u0259 t\u0259tbiq edilir.<\/p>\n<\/div>","protected":false},"excerpt":{"rendered":"<p>4 kq-dan az itl\u0259r \u00fc\u00e7\u00fcn Inspector Total C xarici v\u0259 daxili parazitl\u0259rl\u0259 m\u00fcbariz\u0259 \u00fc\u00e7\u00fcn istifad\u0259 edil\u0259n kompleks antiparazitar d\u0259rmand\u0131r. D\u0259rman\u0131<\/p>","protected":false},"featured_media":9887,"comment_status":"open","ping_status":"closed","template":"","meta":[],"pwb-brand":[403],"product_brand":[],"product_cat":[19,16],"product_tag":[],"class_list":{"0":"post-9886","1":"product","2":"type-product","3":"status-publish","4":"has-post-thumbnail","6":"pwb-brand-inspector","7":"product_cat-baytarliq-it","8":"product_cat-it","10":"first","11":"instock","12":"shipping-taxable","13":"purchasable","14":"product-type-simple"},"pure_taxonomies":{"pwb-brand":[{"term_id":403,"name":"\u0130nspector","slug":"inspector","term_group":0,"term_taxonomy_id":403,"taxonomy":"pwb-brand","description":"","parent":0,"count":5,"filter":"raw","image":""}],"product_cat":[{"term_id":19,"name":"Baytarl\u0131q","slug":"baytarliq-it","term_group":0,"term_taxonomy_id":19,"taxonomy":"product_cat","description":"","parent":16,"count":59,"filter":"raw","image":""},{"term_id":16,"name":"\u0130TL\u018fR","slug":"it","term_group":0,"term_taxonomy_id":16,"taxonomy":"product_cat","description":"","parent":0,"count":228,"filter":"raw","image":""}]},"brands":[{"id":403,"name":"\u0130nspector","slug":"inspector"}],"_links":{"self":[{"href":"https:\/\/www.beno.az\/ru\/wp-json\/wp\/v2\/product\/9886","targetHints":{"allow":["GET"]}}],"collection":[{"href":"https:\/\/www.beno.az\/ru\/wp-json\/wp\/v2\/product"}],"about":[{"href":"https:\/\/www.beno.az\/ru\/wp-json\/wp\/v2\/types\/product"}],"replies":[{"embeddable":true,"href":"https:\/\/www.beno.az\/ru\/wp-json\/wp\/v2\/comments?post=9886"}],"version-history":[{"count":0,"href":"https:\/\/www.beno.az\/ru\/wp-json\/wp\/v2\/product\/9886\/revisions"}],"wp:featuredmedia":[{"embeddable":true,"href":"https:\/\/www.beno.az\/ru\/wp-json\/wp\/v2\/media\/9887"}],"wp:attachment":[{"href":"https:\/\/www.beno.az\/ru\/wp-json\/wp\/v2\/media?parent=9886"}],"wp:term":[{"taxonomy":"pwb-brand","embeddable":true,"href":"https:\/\/www.beno.az\/ru\/wp-json\/wp\/v2\/pwb-brand?post=9886"},{"taxonomy":"product_brand","embeddable":true,"href":"https:\/\/www.beno.az\/ru\/wp-json\/wp\/v2\/product_brand?post=9886"},{"taxonomy":"product_cat","embeddable":true,"href":"https:\/\/www.beno.az\/ru\/wp-json\/wp\/v2\/product_cat?post=9886"},{"taxonomy":"product_tag","embeddable":true,"href":"https:\/\/www.beno.az\/ru\/wp-json\/wp\/v2\/product_tag?post=9886"}],"curies":[{"name":"wp","href":"https:\/\/api.w.org\/{rel}","templated":true}]}}