{"id":9879,"date":"2023-03-23T17:43:10","date_gmt":"2023-03-23T14:43:10","guid":{"rendered":"https:\/\/www.beno.az\/?post_type=product&#038;p=9879"},"modified":"2023-03-23T17:43:56","modified_gmt":"2023-03-23T14:43:56","slug":"damci-inspector-total-%d1%81-4-8-kq-olan-pisikl%c9%99r-ucun-1-pipet","status":"publish","type":"product","link":"https:\/\/www.beno.az\/ru\/checkout\/damci-inspector-total-%d1%81-4-8-kq-olan-pisikl%c9%99r-ucun-1-pipet\/","title":{"rendered":"Damc\u0131 Inspector Total \u0421 4-8 kq olan pi\u015fikl\u0259r \u00fc\u00e7\u00fcn (1 pipet)"},"content":{"rendered":"<div class=\"text-block show\">\n<p>M\u00fcf\u0259tti\u015f TOTAL K &#8211; Pi\u015fikl\u0259rd\u0259 xarici v\u0259 daxili parazitl\u0259rd\u0259n damc\u0131lar M\u0259lumdur ki, ev heyvanlar\u0131 b\u00fct\u00fcn il boyu says\u0131z-hesabs\u0131z parazitl\u0259r\u0259 yoluxma riski alt\u0131ndad\u0131r: g\u0259n\u0259, bir\u0259, h\u0259r c\u00fcr helmint. Bir qayda olaraq, infeksiyadan qorumaq v\u0259 qar\u015f\u0131s\u0131n\u0131 almaq \u00fc\u00e7\u00fcn heyvan 2 n\u00f6v d\u0259rman istifad\u0259 etm\u0259lidir: insektoakarisid (xarici parazitl\u0259r\u0259 qar\u015f\u0131) v\u0259 antihelmintik (daxili parazitl\u0259r\u0259 qar\u015f\u0131). \u0130ndi sad\u0259 bir h\u0259ll var &#8211; Inspector Total K &#8211; xarici v\u0259 daxili parazitl\u0259r \u00fc\u00e7\u00fcn yeni kompleks haz\u0131rl\u0131q. Aktiv madd\u0259l\u0259r: fipronil &#8211; 100 mq v\u0259 moksidektin &#8211; 25 mq, k\u00f6m\u0259k\u00e7i madd\u0259l\u0259r kimi: izopropil spirti, dimetil sulfoksid, polietilen qlikol. G\u00f6r\u00fcn\u00fc\u015fd\u0259 \u015f\u0259ffaf, ya\u011fl\u0131, r\u0259ngsiz v\u0259 ya a\u00e7\u0131q sar\u0131 mayedir. Effektiv D\u0259rman ixodid, demodektik g\u0259n\u0259l\u0259r v\u0259 \u00fcr\u0259k qurdlar\u0131 da daxil olmaqla 14 n\u00f6v xarici v\u0259 daxili parazitl\u0259r\u0259 qar\u015f\u0131 t\u0259sirlidir. Parazitl\u0259ri 97-100% m\u0259hv edir. 2 aya q\u0259d\u0259r t\u0259krar infeksiyadan qoruyur. B\u00fct\u00fcn cinsl\u0259rin pi\u015fik v\u0259 itl\u0259rinin t\u0259hl\u00fck\u0259siz emal\u0131 m\u0259hdudiyy\u0259tsiz m\u00fcmk\u00fcnd\u00fcr. Hamil\u0259 v\u0259 laktasiya ed\u0259n qad\u0131nlar\u0131n emal\u0131na icaz\u0259 verilir. 7 h\u0259ft\u0259lik pi\u015fikl\u0259rd\u0259n istifad\u0259 etm\u0259y\u0259 icaz\u0259 verilir. Profilaktik m\u0259qs\u0259dl\u0259r \u00fc\u00e7\u00fcn d\u0259rman il boyu h\u0259r ay istifad\u0259 edil\u0259 bil\u0259r. Rahat SPOT-ON t\u0259tbiqinin rahat formas\u0131 (quru yerd\u0259). Heyvan\u0131n n\u00f6v\u00fc v\u0259 \u00e7\u0259kisi n\u0259z\u0259r\u0259 al\u0131nmaqla \u00e7e\u015fid aral\u0131\u011f\u0131. Inspector Total K d\u0259rman\u0131 aktiv t\u0259rkib hiss\u0259si kimi fipronil (10%) v\u0259 moksidektin (1%) istifad\u0259 edir &#8211; haz\u0131rda d\u00fcnya baytarl\u0131q t\u0259bab\u0259tind\u0259 istifad\u0259 olunan \u0259n t\u0259sirli v\u0259 t\u0259hl\u00fck\u0259siz aktiv madd\u0259l\u0259rd\u0259n biridir: Fipronil fenilpirazol birl\u0259\u015fm\u0259l\u0259ri qrupuna aiddir. t\u0259sir mexanizmi artropodlar\u0131n GABA-dan as\u0131l\u0131 xlorid kanallar\u0131nda xlorid ionlar\u0131n\u0131n ke\u00e7idinin qar\u015f\u0131s\u0131n\u0131 almaq v\u0259 g\u0259n\u0259 v\u0259 h\u0259\u015f\u0259ratlar\u0131n \u00f6l\u00fcm\u00fcn\u0259 s\u0259b\u0259b olan sinir impulslar\u0131n\u0131n \u00f6t\u00fcr\u00fclm\u0259sinin pozulmas\u0131na \u0259saslan\u0131r. Moksidektin milbemisin qrupundan olan yar\u0131 sintetik birl\u0259\u015fm\u0259dir. Qamma-aminobutirik tur\u015funun s\u0259rb\u0259st burax\u0131lmas\u0131na v\u0259 postsinaptik reseptorlara ba\u011flanmas\u0131na stimulla\u015fd\u0131r\u0131c\u0131 t\u0259sir g\u00f6st\u0259r\u0259r\u0259k, \u0259z\u0259l\u0259 innervasiyas\u0131, iflic v\u0259 ektoparazitl\u0259rin v\u0259 nematodlar\u0131n \u00f6l\u00fcm\u00fcn\u0259 s\u0259b\u0259b olur. Moksidektin ivermektind\u0259n \u0259h\u0259miyy\u0259tli d\u0259r\u0259c\u0259d\u0259 t\u0259hl\u00fck\u0259sizdir: x\u00fcsusil\u0259, moksidektin colli itl\u0259r \u00fc\u00e7\u00fcn daha az z\u0259h\u0259rlidir. Inspector Total Co-da fipronil v\u0259 moksidektinin unikal kombinasiyas\u0131 dig\u0259r d\u0259rmanlarla m\u00fcqayis\u0259d\u0259 daha geni\u015f t\u0259sir spektrini t\u0259min edir: parazitar demodektikl\u0259r\u0259 (Demodex canis), sarkoptik (Sarcoptes canis, Otodectes cynotis) g\u0259n\u0259l\u0259r\u0259, ixodid g\u0259n\u0259l\u0259r\u0259 (Ixodes ricinus), bir\u0259 (Stenocephalides canis), bit (Linognatus setotus), bit (Trichodectes canis), ba\u011f\u0131rsaq nematodlar\u0131n\u0131n larva v\u0259 yetkin inki\u015faf m\u0259rh\u0259l\u0259l\u0259ri, o c\u00fcml\u0259d\u0259n Toxocara canis, Toxascaris leonine, Ancylostoma caninum, Ancylostoma tubaeforme v\u0259 Trichodalavariss, Uncylostoma tubaeforme v\u0259 Trichodariss, Dirofilaria immitis. Eyni zamanda, M\u00fcf\u0259tti\u015f b\u00fct\u00fcn cinsl\u0259rin pi\u015fikl\u0259ri v\u0259 itl\u0259ri \u00fc\u00e7\u00fcn t\u0259hl\u00fck\u0259siz olaraq qal\u0131r.<\/p>\n<\/div>","protected":false},"excerpt":{"rendered":"<p>M\u00fcf\u0259tti\u015f TOTAL K &#8211; Pi\u015fikl\u0259rd\u0259 xarici v\u0259 daxili parazitl\u0259rd\u0259n damc\u0131lar M\u0259lumdur ki, ev heyvanlar\u0131 b\u00fct\u00fcn il boyu says\u0131z-hesabs\u0131z parazitl\u0259r\u0259 yoluxma<\/p>","protected":false},"featured_media":9880,"comment_status":"open","ping_status":"closed","template":"","meta":[],"pwb-brand":[186],"product_brand":[],"product_cat":[36,31],"product_tag":[],"class_list":{"0":"post-9879","1":"product","2":"type-product","3":"status-publish","4":"has-post-thumbnail","6":"pwb-brand-beaphar","7":"product_cat-baytarliq-pisik","8":"product_cat-pisik","10":"first","11":"instock","12":"shipping-taxable","13":"purchasable","14":"product-type-simple"},"pure_taxonomies":{"pwb-brand":[{"term_id":186,"name":"Beaphar","slug":"beaphar","term_group":0,"term_taxonomy_id":186,"taxonomy":"pwb-brand","description":"","parent":0,"count":25,"filter":"raw","image":""}],"product_cat":[{"term_id":36,"name":"Baytarl\u0131q","slug":"baytarliq-pisik","term_group":0,"term_taxonomy_id":36,"taxonomy":"product_cat","description":"","parent":31,"count":47,"filter":"raw","image":""},{"term_id":31,"name":"Pi\u015fiyimiz","slug":"pisik","term_group":0,"term_taxonomy_id":31,"taxonomy":"product_cat","description":"","parent":0,"count":275,"filter":"raw","image":""}]},"brands":[{"id":186,"name":"Beaphar","slug":"beaphar"}],"_links":{"self":[{"href":"https:\/\/www.beno.az\/ru\/wp-json\/wp\/v2\/product\/9879","targetHints":{"allow":["GET"]}}],"collection":[{"href":"https:\/\/www.beno.az\/ru\/wp-json\/wp\/v2\/product"}],"about":[{"href":"https:\/\/www.beno.az\/ru\/wp-json\/wp\/v2\/types\/product"}],"replies":[{"embeddable":true,"href":"https:\/\/www.beno.az\/ru\/wp-json\/wp\/v2\/comments?post=9879"}],"version-history":[{"count":0,"href":"https:\/\/www.beno.az\/ru\/wp-json\/wp\/v2\/product\/9879\/revisions"}],"wp:featuredmedia":[{"embeddable":true,"href":"https:\/\/www.beno.az\/ru\/wp-json\/wp\/v2\/media\/9880"}],"wp:attachment":[{"href":"https:\/\/www.beno.az\/ru\/wp-json\/wp\/v2\/media?parent=9879"}],"wp:term":[{"taxonomy":"pwb-brand","embeddable":true,"href":"https:\/\/www.beno.az\/ru\/wp-json\/wp\/v2\/pwb-brand?post=9879"},{"taxonomy":"product_brand","embeddable":true,"href":"https:\/\/www.beno.az\/ru\/wp-json\/wp\/v2\/product_brand?post=9879"},{"taxonomy":"product_cat","embeddable":true,"href":"https:\/\/www.beno.az\/ru\/wp-json\/wp\/v2\/product_cat?post=9879"},{"taxonomy":"product_tag","embeddable":true,"href":"https:\/\/www.beno.az\/ru\/wp-json\/wp\/v2\/product_tag?post=9879"}],"curies":[{"name":"wp","href":"https:\/\/api.w.org\/{rel}","templated":true}]}}