{"id":9875,"date":"2023-03-23T17:37:18","date_gmt":"2023-03-23T14:37:18","guid":{"rendered":"https:\/\/www.beno.az\/?post_type=product&#038;p=9875"},"modified":"2023-03-23T17:37:56","modified_gmt":"2023-03-23T14:37:56","slug":"boyunluq-it-v%c9%99-pisikl%c9%99r-ucun-inspector-collar-40-sm","status":"publish","type":"product","link":"https:\/\/www.beno.az\/ru\/checkout\/boyunluq-it-v%c9%99-pisikl%c9%99r-ucun-inspector-collar-40-sm\/","title":{"rendered":"Boyunluq \u0130t v\u0259 pi\u015fikl\u0259r \u00fc\u00e7\u00fcn Inspector Collar 40 sm"},"content":{"rendered":"<div class=\"text-block show\">\n<p>M\u00fcf\u0259tti\u015f yaxas\u0131 antiparazitar d\u0259rmanlara aiddir. Yaxal\u0131\u011f\u0131 t\u0259\u015fkil ed\u0259n aktiv madd\u0259l\u0259r pi\u015fikl\u0259rd\u0259 parazitlik ed\u0259n m\u0259d\u0259-ba\u011f\u0131rsaq trakt\u0131n\u0131n bir\u0259, bit, quru, qulaq g\u0259n\u0259si (Otodectes cynotis), ixodid g\u0259n\u0259 v\u0259 nematodlar\u0131n inki\u015faf\u0131n\u0131n cinsi yetkin v\u0259 s\u00fcrf\u0259 fazalar\u0131na kontakt v\u0259 sistemli parazit \u0259leyhin\u0259 t\u0259sir g\u00f6st\u0259rir. . \u0130vermektinin t\u0259sir mexanizmi onun parazitin sinir v\u0259 \u0259z\u0259l\u0259 h\u00fcceyr\u0259l\u0259rinin membranlar\u0131 vasit\u0259sil\u0259 xlor ionlar\u0131n\u0131n c\u0259r\u0259yan\u0131n\u0131n b\u00f6y\u00fckl\u00fcy\u00fcn\u0259 t\u0259sirind\u0259n ibar\u0259tdir. \u018fsas h\u0259d\u0259fl\u0259r glutamata h\u0259ssas xlorid kanallar\u0131, h\u0259m\u00e7inin qamma-aminobutirik tur\u015fu reseptorlar\u0131d\u0131r. Xlor ionlar\u0131n\u0131n c\u0259r\u0259yan\u0131n\u0131n d\u0259yi\u015fm\u0259si sinir impulslar\u0131n\u0131n ke\u00e7irilm\u0259sini pozur, bu da parazitin iflicin\u0259 v\u0259 \u00f6l\u00fcm\u00fcn\u0259 s\u0259b\u0259b olur. Yaxal\u0131\u011f\u0131n bir hiss\u0259si olan fipronilin t\u0259sir mexanizmi ektoparazitl\u0259rin GABA-dan as\u0131l\u0131 reseptorlar\u0131n\u0131 bloklamaqdan, sinir impulslar\u0131n\u0131n \u00f6t\u00fcr\u00fclm\u0259sini pozmaqdan ibar\u0259tdir ki, bu da iflic v\u0259 h\u0259\u015f\u0259ratlar\u0131n v\u0259 g\u0259n\u0259l\u0259rin \u00f6l\u00fcm\u00fcn\u0259 s\u0259b\u0259b olur. Pyriproxyfen, artropodlar\u0131n hormonal tarazl\u0131\u011f\u0131n\u0131 pozaraq, ektoparazitl\u0259rin (larvalar\u0131n) inki\u015faf\u0131n\u0131n preimaginal m\u0259rh\u0259l\u0259l\u0259rinin g\u00f6r\u00fcn\u00fc\u015f\u00fcn\u00fcn qar\u015f\u0131s\u0131n\u0131 alan yetkinl\u0259rin inki\u015faf\u0131 v\u0259 sterilizasiyas\u0131nda anomaliyalara s\u0259b\u0259b olur. Lentin s\u0259thind\u0259n t\u0259dric\u0259n ayr\u0131lan aktiv madd\u0259l\u0259r epidermisd\u0259, t\u00fck follikullar\u0131nda v\u0259 piy v\u0259zil\u0259rind\u0259 toplanaraq heyvan\u0131n d\u0259risin\u0259 v\u0259 sa\u00e7 x\u0259ttin\u0259 ke\u00e7ir, qism\u0259n sorulur v\u0259 az miqdarda sistem d\u00f6vriyy\u0259sin\u0259 daxil olur. Yaxa heyvanlar t\u0259r\u0259find\u0259n yax\u015f\u0131 tolere edilir, yerli q\u0131c\u0131qland\u0131r\u0131c\u0131 v\u0259 h\u0259ssasla\u015fd\u0131r\u0131c\u0131 t\u0259sir g\u00f6st\u0259rmir. Yakan\u0131n daimi tax\u0131lmas\u0131 pi\u015fikl\u0259ri h\u0259\u015f\u0259ratlardan 4 ay, otodektoz v\u0259 ixodid g\u0259n\u0259l\u0259rd\u0259n 3 ay, helmintl\u0259rd\u0259n 2 ay qoruyur.<\/p>\n<\/div>","protected":false},"excerpt":{"rendered":"<p>M\u00fcf\u0259tti\u015f yaxas\u0131 antiparazitar d\u0259rmanlara aiddir. Yaxal\u0131\u011f\u0131 t\u0259\u015fkil ed\u0259n aktiv madd\u0259l\u0259r pi\u015fikl\u0259rd\u0259 parazitlik ed\u0259n m\u0259d\u0259-ba\u011f\u0131rsaq trakt\u0131n\u0131n bir\u0259, bit, quru, qulaq g\u0259n\u0259si<\/p>","protected":false},"featured_media":9876,"comment_status":"open","ping_status":"closed","template":"","meta":[],"pwb-brand":[403],"product_brand":[],"product_cat":[19,36,16,31],"product_tag":[],"class_list":{"0":"post-9875","1":"product","2":"type-product","3":"status-publish","4":"has-post-thumbnail","6":"pwb-brand-inspector","7":"product_cat-baytarliq-it","8":"product_cat-baytarliq-pisik","9":"product_cat-it","10":"product_cat-pisik","12":"first","13":"instock","14":"shipping-taxable","15":"purchasable","16":"product-type-simple"},"pure_taxonomies":{"pwb-brand":[{"term_id":403,"name":"\u0130nspector","slug":"inspector","term_group":0,"term_taxonomy_id":403,"taxonomy":"pwb-brand","description":"","parent":0,"count":5,"filter":"raw","image":""}],"product_cat":[{"term_id":19,"name":"Baytarl\u0131q","slug":"baytarliq-it","term_group":0,"term_taxonomy_id":19,"taxonomy":"product_cat","description":"","parent":16,"count":59,"filter":"raw","image":""},{"term_id":36,"name":"Baytarl\u0131q","slug":"baytarliq-pisik","term_group":0,"term_taxonomy_id":36,"taxonomy":"product_cat","description":"","parent":31,"count":47,"filter":"raw","image":""},{"term_id":16,"name":"\u0130TL\u018fR","slug":"it","term_group":0,"term_taxonomy_id":16,"taxonomy":"product_cat","description":"","parent":0,"count":228,"filter":"raw","image":""},{"term_id":31,"name":"Pi\u015fiyimiz","slug":"pisik","term_group":0,"term_taxonomy_id":31,"taxonomy":"product_cat","description":"","parent":0,"count":275,"filter":"raw","image":""}]},"brands":[{"id":403,"name":"\u0130nspector","slug":"inspector"}],"_links":{"self":[{"href":"https:\/\/www.beno.az\/ru\/wp-json\/wp\/v2\/product\/9875","targetHints":{"allow":["GET"]}}],"collection":[{"href":"https:\/\/www.beno.az\/ru\/wp-json\/wp\/v2\/product"}],"about":[{"href":"https:\/\/www.beno.az\/ru\/wp-json\/wp\/v2\/types\/product"}],"replies":[{"embeddable":true,"href":"https:\/\/www.beno.az\/ru\/wp-json\/wp\/v2\/comments?post=9875"}],"version-history":[{"count":0,"href":"https:\/\/www.beno.az\/ru\/wp-json\/wp\/v2\/product\/9875\/revisions"}],"wp:featuredmedia":[{"embeddable":true,"href":"https:\/\/www.beno.az\/ru\/wp-json\/wp\/v2\/media\/9876"}],"wp:attachment":[{"href":"https:\/\/www.beno.az\/ru\/wp-json\/wp\/v2\/media?parent=9875"}],"wp:term":[{"taxonomy":"pwb-brand","embeddable":true,"href":"https:\/\/www.beno.az\/ru\/wp-json\/wp\/v2\/pwb-brand?post=9875"},{"taxonomy":"product_brand","embeddable":true,"href":"https:\/\/www.beno.az\/ru\/wp-json\/wp\/v2\/product_brand?post=9875"},{"taxonomy":"product_cat","embeddable":true,"href":"https:\/\/www.beno.az\/ru\/wp-json\/wp\/v2\/product_cat?post=9875"},{"taxonomy":"product_tag","embeddable":true,"href":"https:\/\/www.beno.az\/ru\/wp-json\/wp\/v2\/product_tag?post=9875"}],"curies":[{"name":"wp","href":"https:\/\/api.w.org\/{rel}","templated":true}]}}