{"id":9865,"date":"2023-03-23T17:17:01","date_gmt":"2023-03-23T14:17:01","guid":{"rendered":"https:\/\/www.beno.az\/?post_type=product&#038;p=9865"},"modified":"2023-03-23T17:17:02","modified_gmt":"2023-03-23T14:17:02","slug":"boyunluq-beaphar-itl%c9%99r-ucun-bir%c9%99-v%c9%99-g%c9%99n%c9%99-%c9%99leyhin%c9%99-65-sm-yasil","status":"publish","type":"product","link":"https:\/\/www.beno.az\/ru\/checkout\/boyunluq-beaphar-itl%c9%99r-ucun-bir%c9%99-v%c9%99-g%c9%99n%c9%99-%c9%99leyhin%c9%99-65-sm-yasil\/","title":{"rendered":"Boyunluq Beaphar itl\u0259r \u00fc\u00e7\u00fcn, bir\u0259 v\u0259 g\u0259n\u0259 \u0259leyhin\u0259, 65 sm, ya\u015f\u0131l"},"content":{"rendered":"<div class=\"text-block show\">\n<p>6 ayl\u0131qdan itl\u0259r \u00fc\u00e7\u00fcn bir\u0259 v\u0259 g\u0259n\u0259 yaxas\u0131. Parazitl\u0259ri m\u0259hv edir v\u0259 6 ay \u0259rzind\u0259 bir\u0259 v\u0259 g\u0259n\u0259 t\u0259r\u0259find\u0259n t\u0259krar infeksiyaya qar\u015f\u0131 qoruyur. Beaphar-\u0131n 4 add\u0131ml\u0131 z\u0259r\u0259rvericil\u0259r\u0259 qar\u015f\u0131 m\u00fcbariz\u0259 proqram\u0131n\u0131n 2-ci add\u0131m\u0131. T\u0259siredici madd\u0259l\u0259r: diazinon 15% \u0130stifad\u0259 qaydas\u0131: m\u00fcmk\u00fcn b\u00f6y\u00fcm\u0259ni n\u0259z\u0259r\u0259 alaraq, yaxas\u0131n\u0131 heyvan\u0131n boynuna s\u0259rb\u0259st qoyun, art\u0131q lenti k\u0259sin. Yaxa yaln\u0131z davaml\u0131 a\u015f\u0131nma il\u0259 i\u015fl\u0259yir. Yaxas\u0131 suya davaml\u0131d\u0131r &#8211; heyvan\u0131 \u00e7\u0131xarmadan yumaq olar. Yaxas\u0131n\u0131n uzunlu\u011fu 65 sm.<\/p>\n<\/div>","protected":false},"excerpt":{"rendered":"<p>6 ayl\u0131qdan itl\u0259r \u00fc\u00e7\u00fcn bir\u0259 v\u0259 g\u0259n\u0259 yaxas\u0131. Parazitl\u0259ri m\u0259hv edir v\u0259 6 ay \u0259rzind\u0259 bir\u0259 v\u0259 g\u0259n\u0259 t\u0259r\u0259find\u0259n t\u0259krar<\/p>","protected":false},"featured_media":9866,"comment_status":"open","ping_status":"closed","template":"","meta":[],"pwb-brand":[186],"product_brand":[],"product_cat":[19,16],"product_tag":[],"class_list":{"0":"post-9865","1":"product","2":"type-product","3":"status-publish","4":"has-post-thumbnail","6":"pwb-brand-beaphar","7":"product_cat-baytarliq-it","8":"product_cat-it","10":"first","11":"instock","12":"shipping-taxable","13":"purchasable","14":"product-type-simple"},"pure_taxonomies":{"pwb-brand":[{"term_id":186,"name":"Beaphar","slug":"beaphar","term_group":0,"term_taxonomy_id":186,"taxonomy":"pwb-brand","description":"","parent":0,"count":25,"filter":"raw","image":""}],"product_cat":[{"term_id":19,"name":"Baytarl\u0131q","slug":"baytarliq-it","term_group":0,"term_taxonomy_id":19,"taxonomy":"product_cat","description":"","parent":16,"count":59,"filter":"raw","image":""},{"term_id":16,"name":"\u0130TL\u018fR","slug":"it","term_group":0,"term_taxonomy_id":16,"taxonomy":"product_cat","description":"","parent":0,"count":228,"filter":"raw","image":""}]},"brands":[{"id":186,"name":"Beaphar","slug":"beaphar"}],"_links":{"self":[{"href":"https:\/\/www.beno.az\/ru\/wp-json\/wp\/v2\/product\/9865","targetHints":{"allow":["GET"]}}],"collection":[{"href":"https:\/\/www.beno.az\/ru\/wp-json\/wp\/v2\/product"}],"about":[{"href":"https:\/\/www.beno.az\/ru\/wp-json\/wp\/v2\/types\/product"}],"replies":[{"embeddable":true,"href":"https:\/\/www.beno.az\/ru\/wp-json\/wp\/v2\/comments?post=9865"}],"version-history":[{"count":0,"href":"https:\/\/www.beno.az\/ru\/wp-json\/wp\/v2\/product\/9865\/revisions"}],"wp:featuredmedia":[{"embeddable":true,"href":"https:\/\/www.beno.az\/ru\/wp-json\/wp\/v2\/media\/9866"}],"wp:attachment":[{"href":"https:\/\/www.beno.az\/ru\/wp-json\/wp\/v2\/media?parent=9865"}],"wp:term":[{"taxonomy":"pwb-brand","embeddable":true,"href":"https:\/\/www.beno.az\/ru\/wp-json\/wp\/v2\/pwb-brand?post=9865"},{"taxonomy":"product_brand","embeddable":true,"href":"https:\/\/www.beno.az\/ru\/wp-json\/wp\/v2\/product_brand?post=9865"},{"taxonomy":"product_cat","embeddable":true,"href":"https:\/\/www.beno.az\/ru\/wp-json\/wp\/v2\/product_cat?post=9865"},{"taxonomy":"product_tag","embeddable":true,"href":"https:\/\/www.beno.az\/ru\/wp-json\/wp\/v2\/product_tag?post=9865"}],"curies":[{"name":"wp","href":"https:\/\/api.w.org\/{rel}","templated":true}]}}