{"id":9862,"date":"2023-03-23T17:12:16","date_gmt":"2023-03-23T14:12:16","guid":{"rendered":"https:\/\/www.beno.az\/?post_type=product&#038;p=9862"},"modified":"2024-04-14T00:09:23","modified_gmt":"2024-04-13T21:09:23","slug":"damci-beaphar-fiprotec-pisikl%c9%99r-ucun-bir%c9%99-v%c9%99-g%c9%99n%c9%99-%c9%99leyhin%c9%99-1-pipet","status":"publish","type":"product","link":"https:\/\/www.beno.az\/ru\/checkout\/damci-beaphar-fiprotec-pisikl%c9%99r-ucun-bir%c9%99-v%c9%99-g%c9%99n%c9%99-%c9%99leyhin%c9%99-1-pipet\/","title":{"rendered":"Damc\u0131 Beaphar Fiprotec pi\u015fikl\u0259r \u00fc\u00e7\u00fcn, bir\u0259 v\u0259 g\u0259n\u0259 \u0259leyhin\u0259, 1 pipet"},"content":{"rendered":"","protected":false},"excerpt":{"rendered":"","protected":false},"featured_media":9863,"comment_status":"open","ping_status":"closed","template":"","meta":[],"pwb-brand":[186],"product_brand":[],"product_cat":[36,31],"product_tag":[],"class_list":{"0":"post-9862","1":"product","2":"type-product","3":"status-publish","4":"has-post-thumbnail","6":"pwb-brand-beaphar","7":"product_cat-baytarliq-pisik","8":"product_cat-pisik","10":"first","11":"outofstock","12":"shipping-taxable","13":"purchasable","14":"product-type-simple"},"pure_taxonomies":{"pwb-brand":[{"term_id":186,"name":"Beaphar","slug":"beaphar","term_group":0,"term_taxonomy_id":186,"taxonomy":"pwb-brand","description":"","parent":0,"count":25,"filter":"raw","image":""}],"product_cat":[{"term_id":36,"name":"Baytarl\u0131q","slug":"baytarliq-pisik","term_group":0,"term_taxonomy_id":36,"taxonomy":"product_cat","description":"","parent":31,"count":47,"filter":"raw","image":""},{"term_id":31,"name":"Pi\u015fiyimiz","slug":"pisik","term_group":0,"term_taxonomy_id":31,"taxonomy":"product_cat","description":"","parent":0,"count":275,"filter":"raw","image":""}]},"brands":[{"id":186,"name":"Beaphar","slug":"beaphar"}],"_links":{"self":[{"href":"https:\/\/www.beno.az\/ru\/wp-json\/wp\/v2\/product\/9862","targetHints":{"allow":["GET"]}}],"collection":[{"href":"https:\/\/www.beno.az\/ru\/wp-json\/wp\/v2\/product"}],"about":[{"href":"https:\/\/www.beno.az\/ru\/wp-json\/wp\/v2\/types\/product"}],"replies":[{"embeddable":true,"href":"https:\/\/www.beno.az\/ru\/wp-json\/wp\/v2\/comments?post=9862"}],"version-history":[{"count":1,"href":"https:\/\/www.beno.az\/ru\/wp-json\/wp\/v2\/product\/9862\/revisions"}],"predecessor-version":[{"id":11352,"href":"https:\/\/www.beno.az\/ru\/wp-json\/wp\/v2\/product\/9862\/revisions\/11352"}],"wp:featuredmedia":[{"embeddable":true,"href":"https:\/\/www.beno.az\/ru\/wp-json\/wp\/v2\/media\/9863"}],"wp:attachment":[{"href":"https:\/\/www.beno.az\/ru\/wp-json\/wp\/v2\/media?parent=9862"}],"wp:term":[{"taxonomy":"pwb-brand","embeddable":true,"href":"https:\/\/www.beno.az\/ru\/wp-json\/wp\/v2\/pwb-brand?post=9862"},{"taxonomy":"product_brand","embeddable":true,"href":"https:\/\/www.beno.az\/ru\/wp-json\/wp\/v2\/product_brand?post=9862"},{"taxonomy":"product_cat","embeddable":true,"href":"https:\/\/www.beno.az\/ru\/wp-json\/wp\/v2\/product_cat?post=9862"},{"taxonomy":"product_tag","embeddable":true,"href":"https:\/\/www.beno.az\/ru\/wp-json\/wp\/v2\/product_tag?post=9862"}],"curies":[{"name":"wp","href":"https:\/\/api.w.org\/{rel}","templated":true}]}}