{"id":9859,"date":"2023-03-23T17:09:50","date_gmt":"2023-03-23T14:09:50","guid":{"rendered":"https:\/\/www.beno.az\/?post_type=product&#038;p=9859"},"modified":"2023-03-23T17:09:50","modified_gmt":"2023-03-23T14:09:50","slug":"damci-beaphar-fiprotec-itl%c9%99r-ucun-2-10-kq-bir%c9%99-v%c9%99-g%c9%99n%c9%99-%c9%99leyhin%c9%99-1-pipet","status":"publish","type":"product","link":"https:\/\/www.beno.az\/ru\/checkout\/damci-beaphar-fiprotec-itl%c9%99r-ucun-2-10-kq-bir%c9%99-v%c9%99-g%c9%99n%c9%99-%c9%99leyhin%c9%99-1-pipet\/","title":{"rendered":"Damc\u0131 Beaphar Fiprotec itl\u0259r \u00fc\u00e7\u00fcn, 2-10 kq, bir\u0259 v\u0259 g\u0259n\u0259 \u0259leyhin\u0259, 1 pipet"},"content":{"rendered":"<div class=\"text-block show\">\n<p>K\u00f6p\u0259kl\u0259rd\u0259 bir\u0259 infeksiyas\u0131n\u0131n (ctenocephalides canis) m\u00fcalic\u0259si v\u0259 qar\u015f\u0131s\u0131n\u0131n al\u0131nmas\u0131. Bir\u0259 invaziyas\u0131ndan qorunma m\u00fcdd\u0259tinin m\u00fcdd\u0259ti 5 h\u0259ft\u0259dir.Preparat itl\u0259ri g\u0259n\u0259l\u0259rin (Dermacentor reticulatus, Rhipicephalus sanguineus) t\u0259krar yoluxmas\u0131ndan preparat\u0131n q\u0259buluna ba\u015flad\u0131qdan 7-28 g\u00fcn sonra qoruyur. G\u0259n\u0259l\u0259rin m\u00f6vcudlu\u011funda d\u0259rman t\u0259sirli deyil. Dozaj: \u00e7\u0259kisi 2 il\u0259 10 kq aras\u0131nda olan it \u00fc\u00e7\u00fcn 0,67 ml-lik bir pipet. Doza diapazonu h\u0259r kq b\u0259d\u0259n \u00e7\u0259kisi \u00fc\u00e7\u00fcn 6,7 il\u0259 13,4 mq fipronildir. \u018fKS G\u00d6ST\u018fR\u0130\u015eL\u018fR: Uy\u011funluq \u00fczr\u0259 t\u0259dqiqatlar olmad\u0131qda, m\u0259hsul 8 h\u0259ft\u0259lik ya\u015f\u0131na \u00e7atmam\u0131\u015f v\u0259\/v\u0259 ya \u00e7\u0259kisi 2 kq-dan az olan balalarda istifad\u0259 edilm\u0259m\u0259lidir. Sa\u011falma d\u00f6vr\u00fcnd\u0259 x\u0259st\u0259 v\u0259 ya heyvanlarda istifad\u0259 etm\u0259yin. Dov\u015fanlarda istifad\u0259 etm\u0259yin, \u00e7\u00fcnki yan t\u0259sirl\u0259r m\u00fcmk\u00fcnd\u00fcr v\u0259 h\u0259tta \u00f6l\u00fcmc\u00fcl ola bil\u0259r. Aktiv madd\u0259y\u0259 v\u0259 ya k\u00f6m\u0259k\u00e7i madd\u0259l\u0259rd\u0259n h\u0259r hans\u0131 birin\u0259 qar\u015f\u0131 y\u00fcks\u0259k h\u0259ssasl\u0131q olduqda istifad\u0259 etm\u0259yin. M\u00dcMK\u00dcN \u018fLAV\u018f T\u018fS\u0130RL\u018fR\u0130: B\u0259zi heyvanlarda, x\u00fcsus\u0259n d\u0259 h\u0259ssas heyvanlarda a\u015fa\u011f\u0131dak\u0131 yan t\u0259sirl\u0259r m\u00fcmk\u00fcnd\u00fcr: m\u00fcv\u0259qq\u0259ti t\u00fcp\u00fcrc\u0259k \/ t\u00fcp\u00fcrc\u0259k. T\u0259tbiq yerind\u0259 m\u00fcv\u0259qq\u0259ti d\u0259ri reaksiyalar\u0131 (d\u0259rinin r\u0259nginin d\u0259yi\u015fm\u0259si, sa\u00e7 t\u00f6k\u00fclm\u0259si, qa\u015f\u0131nma, q\u0131zart\u0131), h\u0259m\u00e7inin \u00e7ox nadir hallarda &#8211; t\u0259tbiqd\u0259n sonra \u00fcmumi qa\u015f\u0131nma v\u0259 ya yerli sa\u00e7 t\u00f6k\u00fclm\u0259si, geri d\u00f6n\u0259n nevroloji simptomlar (d\u0259rinin y\u00fcks\u0259k h\u0259ssasl\u0131\u011f\u0131, depressiya, sinir simptomlar\u0131), qusma v\u0259 ya bo\u011fulma. HEYVANLARIN N\u00d6VL\u018fR\u0130ND\u018fN ASLI DOZALANAN DOZA: (Fipronil) 0,67 mq m\u0259hlul (pipet) bir\u0259 v\u0259 g\u0259n\u0259l\u0259r\u0259 qar\u015f\u0131, ki\u00e7ik cins itl\u0259r \u00fc\u00e7\u00fcn yerli t\u0259tbiq \u00fc\u00e7\u00fcn. T\u0259tbiq \u00fcsulu &#8211; yerli (d\u0259rid\u0259). Dozaj: h\u0259r it\u0259 bir pipet. Yaln\u0131z xarici istifad\u0259 \u00fc\u00e7\u00fcn. \u0130stifad\u0259d\u0259n \u0259vv\u0259l blisteri a\u00e7may\u0131n. Pipetl\u0259ri laz\u0131m olana q\u0259d\u0259r orijinal qabla\u015fd\u0131rmada saxlay\u0131n.<\/p>\n<\/div>","protected":false},"excerpt":{"rendered":"<p>K\u00f6p\u0259kl\u0259rd\u0259 bir\u0259 infeksiyas\u0131n\u0131n (ctenocephalides canis) m\u00fcalic\u0259si v\u0259 qar\u015f\u0131s\u0131n\u0131n al\u0131nmas\u0131. Bir\u0259 invaziyas\u0131ndan qorunma m\u00fcdd\u0259tinin m\u00fcdd\u0259ti 5 h\u0259ft\u0259dir.Preparat itl\u0259ri g\u0259n\u0259l\u0259rin (Dermacentor reticulatus,<\/p>","protected":false},"featured_media":9860,"comment_status":"open","ping_status":"closed","template":"","meta":[],"pwb-brand":[186],"product_brand":[],"product_cat":[19,16],"product_tag":[],"class_list":{"0":"post-9859","1":"product","2":"type-product","3":"status-publish","4":"has-post-thumbnail","6":"pwb-brand-beaphar","7":"product_cat-baytarliq-it","8":"product_cat-it","10":"first","11":"instock","12":"shipping-taxable","13":"purchasable","14":"product-type-simple"},"pure_taxonomies":{"pwb-brand":[{"term_id":186,"name":"Beaphar","slug":"beaphar","term_group":0,"term_taxonomy_id":186,"taxonomy":"pwb-brand","description":"","parent":0,"count":25,"filter":"raw","image":""}],"product_cat":[{"term_id":19,"name":"Baytarl\u0131q","slug":"baytarliq-it","term_group":0,"term_taxonomy_id":19,"taxonomy":"product_cat","description":"","parent":16,"count":59,"filter":"raw","image":""},{"term_id":16,"name":"\u0130TL\u018fR","slug":"it","term_group":0,"term_taxonomy_id":16,"taxonomy":"product_cat","description":"","parent":0,"count":228,"filter":"raw","image":""}]},"brands":[{"id":186,"name":"Beaphar","slug":"beaphar"}],"_links":{"self":[{"href":"https:\/\/www.beno.az\/ru\/wp-json\/wp\/v2\/product\/9859","targetHints":{"allow":["GET"]}}],"collection":[{"href":"https:\/\/www.beno.az\/ru\/wp-json\/wp\/v2\/product"}],"about":[{"href":"https:\/\/www.beno.az\/ru\/wp-json\/wp\/v2\/types\/product"}],"replies":[{"embeddable":true,"href":"https:\/\/www.beno.az\/ru\/wp-json\/wp\/v2\/comments?post=9859"}],"version-history":[{"count":0,"href":"https:\/\/www.beno.az\/ru\/wp-json\/wp\/v2\/product\/9859\/revisions"}],"wp:featuredmedia":[{"embeddable":true,"href":"https:\/\/www.beno.az\/ru\/wp-json\/wp\/v2\/media\/9860"}],"wp:attachment":[{"href":"https:\/\/www.beno.az\/ru\/wp-json\/wp\/v2\/media?parent=9859"}],"wp:term":[{"taxonomy":"pwb-brand","embeddable":true,"href":"https:\/\/www.beno.az\/ru\/wp-json\/wp\/v2\/pwb-brand?post=9859"},{"taxonomy":"product_brand","embeddable":true,"href":"https:\/\/www.beno.az\/ru\/wp-json\/wp\/v2\/product_brand?post=9859"},{"taxonomy":"product_cat","embeddable":true,"href":"https:\/\/www.beno.az\/ru\/wp-json\/wp\/v2\/product_cat?post=9859"},{"taxonomy":"product_tag","embeddable":true,"href":"https:\/\/www.beno.az\/ru\/wp-json\/wp\/v2\/product_tag?post=9859"}],"curies":[{"name":"wp","href":"https:\/\/api.w.org\/{rel}","templated":true}]}}