{"id":9848,"date":"2023-03-23T16:56:10","date_gmt":"2023-03-23T13:56:10","guid":{"rendered":"https:\/\/www.beno.az\/?post_type=product&#038;p=9848"},"modified":"2023-03-23T16:57:47","modified_gmt":"2023-03-23T13:57:47","slug":"pisikl%c9%99r-ucun-boyunluq-%d0%b1%d0%b0%d1%80%d1%81-bit-v%c9%99-g%c9%99n%c9%99-%c9%99leyhin%c9%99-80-sm-bej","status":"publish","type":"product","link":"https:\/\/www.beno.az\/ru\/checkout\/pisikl%c9%99r-ucun-boyunluq-%d0%b1%d0%b0%d1%80%d1%81-bit-v%c9%99-g%c9%99n%c9%99-%c9%99leyhin%c9%99-80-sm-bej\/","title":{"rendered":"Pi\u015fikl\u0259r \u00fc\u00e7\u00fcn boyunluq &#8220;\u0411\u0430\u0440\u0441&#8221;, bit v\u0259 g\u0259n\u0259 \u0259leyhin\u0259, 80 sm, bej"},"content":{"rendered":"<div class=\"text-block show\">\n<p>Bu yaxa b\u0259zi ev heyvanlar\u0131nda bir\u0259, bit, bit v\u0259 g\u0259n\u0259 il\u0259 m\u00fcbariz\u0259 aparmaq \u00fc\u00e7\u00fcn haz\u0131rlanm\u0131\u015f insektisid v\u0259 akarisid baytarl\u0131q m\u0259hsuludur. Aktiv madd\u0259l\u0259r iki madd\u0259dir &#8211; h\u0259\u015f\u0259rat art\u0131m t\u0259nziml\u0259yicisi v\u0259 fipronil. Onlar yaln\u0131z yetkin f\u0259rdl\u0259r\u0259 qar\u015f\u0131 deyil, h\u0259m d\u0259 s\u00fcrf\u0259 formalar\u0131na qar\u015f\u0131 aktivdirl\u0259r. B\u00f6y\u00fcm\u0259 t\u0259nziml\u0259yicisi s\u00fcrf\u0259l\u0259rin inki\u015faf\u0131na m\u0259nfi t\u0259sir g\u00f6st\u0259rir. V\u0259 yaxadan heyvan\u0131n t\u00fck\u00fcn\u0259 t\u0259sir ed\u0259n fipronil d\u0259ri bezl\u0259rind\u0259, sa\u00e7 follikullar\u0131nda toplan\u0131r v\u0259 kifay\u0259t q\u0259d\u0259r g\u00fccl\u00fc insektoakarisid t\u0259sir g\u00f6st\u0259rir. B\u00f6c\u0259kl\u0259r bu madd\u0259nin yaratd\u0131\u011f\u0131 iflic n\u0259tic\u0259sind\u0259 \u00f6l\u00fcr. H\u0259r iki aktiv komponent yaxas\u0131 haz\u0131rlanm\u0131\u015f material\u0131n t\u0259rkibin\u0259 daxildir.<\/p>\n<\/div>","protected":false},"excerpt":{"rendered":"<p>Bu yaxa b\u0259zi ev heyvanlar\u0131nda bir\u0259, bit, bit v\u0259 g\u0259n\u0259 il\u0259 m\u00fcbariz\u0259 aparmaq \u00fc\u00e7\u00fcn haz\u0131rlanm\u0131\u015f insektisid v\u0259 akarisid baytarl\u0131q m\u0259hsuludur.<\/p>","protected":false},"featured_media":9849,"comment_status":"open","ping_status":"closed","template":"","meta":[],"pwb-brand":[],"product_brand":[],"product_cat":[36,31],"product_tag":[],"class_list":{"0":"post-9848","1":"product","2":"type-product","3":"status-publish","4":"has-post-thumbnail","6":"product_cat-baytarliq-pisik","7":"product_cat-pisik","9":"first","10":"instock","11":"shipping-taxable","12":"purchasable","13":"product-type-simple"},"pure_taxonomies":{"product_cat":[{"term_id":36,"name":"Baytarl\u0131q","slug":"baytarliq-pisik","term_group":0,"term_taxonomy_id":36,"taxonomy":"product_cat","description":"","parent":31,"count":47,"filter":"raw","image":""},{"term_id":31,"name":"Pi\u015fiyimiz","slug":"pisik","term_group":0,"term_taxonomy_id":31,"taxonomy":"product_cat","description":"","parent":0,"count":275,"filter":"raw","image":""}]},"brands":[],"_links":{"self":[{"href":"https:\/\/www.beno.az\/ru\/wp-json\/wp\/v2\/product\/9848","targetHints":{"allow":["GET"]}}],"collection":[{"href":"https:\/\/www.beno.az\/ru\/wp-json\/wp\/v2\/product"}],"about":[{"href":"https:\/\/www.beno.az\/ru\/wp-json\/wp\/v2\/types\/product"}],"replies":[{"embeddable":true,"href":"https:\/\/www.beno.az\/ru\/wp-json\/wp\/v2\/comments?post=9848"}],"version-history":[{"count":0,"href":"https:\/\/www.beno.az\/ru\/wp-json\/wp\/v2\/product\/9848\/revisions"}],"wp:featuredmedia":[{"embeddable":true,"href":"https:\/\/www.beno.az\/ru\/wp-json\/wp\/v2\/media\/9849"}],"wp:attachment":[{"href":"https:\/\/www.beno.az\/ru\/wp-json\/wp\/v2\/media?parent=9848"}],"wp:term":[{"taxonomy":"pwb-brand","embeddable":true,"href":"https:\/\/www.beno.az\/ru\/wp-json\/wp\/v2\/pwb-brand?post=9848"},{"taxonomy":"product_brand","embeddable":true,"href":"https:\/\/www.beno.az\/ru\/wp-json\/wp\/v2\/product_brand?post=9848"},{"taxonomy":"product_cat","embeddable":true,"href":"https:\/\/www.beno.az\/ru\/wp-json\/wp\/v2\/product_cat?post=9848"},{"taxonomy":"product_tag","embeddable":true,"href":"https:\/\/www.beno.az\/ru\/wp-json\/wp\/v2\/product_tag?post=9848"}],"curies":[{"name":"wp","href":"https:\/\/api.w.org\/{rel}","templated":true}]}}