{"id":9845,"date":"2023-03-23T13:40:35","date_gmt":"2023-03-23T10:40:35","guid":{"rendered":"https:\/\/www.beno.az\/?post_type=product&#038;p=9845"},"modified":"2023-03-23T13:40:35","modified_gmt":"2023-03-23T10:40:35","slug":"boyunluq-%d1%87%d0%b8%d1%81%d1%82%d0%be%d1%82%d0%b5%d0%bb-maksimum-it-v%c9%99-pisik-balalari-ucun-bir%c9%99-v%c9%99-g%c9%99n%c9%99-%c9%99leyhin%c9%99-qirmizi-45-sm","status":"publish","type":"product","link":"https:\/\/www.beno.az\/ru\/checkout\/boyunluq-%d1%87%d0%b8%d1%81%d1%82%d0%be%d1%82%d0%b5%d0%bb-maksimum-it-v%c9%99-pisik-balalari-ucun-bir%c9%99-v%c9%99-g%c9%99n%c9%99-%c9%99leyhin%c9%99-qirmizi-45-sm\/","title":{"rendered":"Boyunluq &#8220;\u0427\u0438\u0441\u0442\u043e\u0442\u0435\u043b&#8221; Maksimum, it v\u0259 pi\u015fik balalar\u0131 \u00fc\u00e7\u00fcn, bir\u0259 v\u0259 g\u0259n\u0259 \u0259leyhin\u0259, q\u0131rm\u0131z\u0131, 45 sm"},"content":{"rendered":"","protected":false},"excerpt":{"rendered":"","protected":false},"featured_media":9846,"comment_status":"open","ping_status":"closed","template":"","meta":[],"pwb-brand":[135],"product_brand":[],"product_cat":[19,36,16,31],"product_tag":[],"class_list":{"0":"post-9845","1":"product","2":"type-product","3":"status-publish","4":"has-post-thumbnail","6":"pwb-brand-chistotel","7":"product_cat-baytarliq-it","8":"product_cat-baytarliq-pisik","9":"product_cat-it","10":"product_cat-pisik","12":"first","13":"instock","14":"shipping-taxable","15":"purchasable","16":"product-type-simple"},"pure_taxonomies":{"pwb-brand":[{"term_id":135,"name":"Chistotel","slug":"chistotel","term_group":0,"term_taxonomy_id":135,"taxonomy":"pwb-brand","description":"","parent":0,"count":17,"filter":"raw","image":""}],"product_cat":[{"term_id":19,"name":"Baytarl\u0131q","slug":"baytarliq-it","term_group":0,"term_taxonomy_id":19,"taxonomy":"product_cat","description":"","parent":16,"count":59,"filter":"raw","image":""},{"term_id":36,"name":"Baytarl\u0131q","slug":"baytarliq-pisik","term_group":0,"term_taxonomy_id":36,"taxonomy":"product_cat","description":"","parent":31,"count":47,"filter":"raw","image":""},{"term_id":16,"name":"\u0130TL\u018fR","slug":"it","term_group":0,"term_taxonomy_id":16,"taxonomy":"product_cat","description":"","parent":0,"count":228,"filter":"raw","image":""},{"term_id":31,"name":"Pi\u015fiyimiz","slug":"pisik","term_group":0,"term_taxonomy_id":31,"taxonomy":"product_cat","description":"","parent":0,"count":275,"filter":"raw","image":""}]},"brands":[{"id":135,"name":"Chistotel","slug":"chistotel"}],"_links":{"self":[{"href":"https:\/\/www.beno.az\/ru\/wp-json\/wp\/v2\/product\/9845","targetHints":{"allow":["GET"]}}],"collection":[{"href":"https:\/\/www.beno.az\/ru\/wp-json\/wp\/v2\/product"}],"about":[{"href":"https:\/\/www.beno.az\/ru\/wp-json\/wp\/v2\/types\/product"}],"replies":[{"embeddable":true,"href":"https:\/\/www.beno.az\/ru\/wp-json\/wp\/v2\/comments?post=9845"}],"version-history":[{"count":0,"href":"https:\/\/www.beno.az\/ru\/wp-json\/wp\/v2\/product\/9845\/revisions"}],"wp:featuredmedia":[{"embeddable":true,"href":"https:\/\/www.beno.az\/ru\/wp-json\/wp\/v2\/media\/9846"}],"wp:attachment":[{"href":"https:\/\/www.beno.az\/ru\/wp-json\/wp\/v2\/media?parent=9845"}],"wp:term":[{"taxonomy":"pwb-brand","embeddable":true,"href":"https:\/\/www.beno.az\/ru\/wp-json\/wp\/v2\/pwb-brand?post=9845"},{"taxonomy":"product_brand","embeddable":true,"href":"https:\/\/www.beno.az\/ru\/wp-json\/wp\/v2\/product_brand?post=9845"},{"taxonomy":"product_cat","embeddable":true,"href":"https:\/\/www.beno.az\/ru\/wp-json\/wp\/v2\/product_cat?post=9845"},{"taxonomy":"product_tag","embeddable":true,"href":"https:\/\/www.beno.az\/ru\/wp-json\/wp\/v2\/product_tag?post=9845"}],"curies":[{"name":"wp","href":"https:\/\/api.w.org\/{rel}","templated":true}]}}