{"id":9833,"date":"2023-03-23T13:24:48","date_gmt":"2023-03-23T10:24:48","guid":{"rendered":"https:\/\/www.beno.az\/?post_type=product&#038;p=9833"},"modified":"2023-03-23T13:24:48","modified_gmt":"2023-03-23T10:24:48","slug":"piv%c9%99-mayasi-8in1-excel-brewers-yeast-pisikl%c9%99r-v%c9%99-itl%c9%99r-ucun-140-%c9%99d%c9%99d","status":"publish","type":"product","link":"https:\/\/www.beno.az\/ru\/checkout\/piv%c9%99-mayasi-8in1-excel-brewers-yeast-pisikl%c9%99r-v%c9%99-itl%c9%99r-ucun-140-%c9%99d%c9%99d\/","title":{"rendered":"Piv\u0259 mayas\u0131 8in1 Excel Brewers Yeast pi\u015fikl\u0259r v\u0259 itl\u0259r \u00fc\u00e7\u00fcn, 140 \u0259d\u0259d"},"content":{"rendered":"","protected":false},"excerpt":{"rendered":"","protected":false},"featured_media":9834,"comment_status":"open","ping_status":"closed","template":"","meta":[],"pwb-brand":[140],"product_brand":[],"product_cat":[19,16],"product_tag":[],"class_list":{"0":"post-9833","1":"product","2":"type-product","3":"status-publish","4":"has-post-thumbnail","6":"pwb-brand-8in1","7":"product_cat-baytarliq-it","8":"product_cat-it","10":"first","11":"instock","12":"shipping-taxable","13":"purchasable","14":"product-type-simple"},"pure_taxonomies":{"pwb-brand":[{"term_id":140,"name":"8in1","slug":"8in1","term_group":0,"term_taxonomy_id":140,"taxonomy":"pwb-brand","description":"","parent":0,"count":15,"filter":"raw","image":""}],"product_cat":[{"term_id":19,"name":"Baytarl\u0131q","slug":"baytarliq-it","term_group":0,"term_taxonomy_id":19,"taxonomy":"product_cat","description":"","parent":16,"count":59,"filter":"raw","image":""},{"term_id":16,"name":"\u0130TL\u018fR","slug":"it","term_group":0,"term_taxonomy_id":16,"taxonomy":"product_cat","description":"","parent":0,"count":228,"filter":"raw","image":""}]},"brands":[{"id":140,"name":"8in1","slug":"8in1"}],"_links":{"self":[{"href":"https:\/\/www.beno.az\/ru\/wp-json\/wp\/v2\/product\/9833","targetHints":{"allow":["GET"]}}],"collection":[{"href":"https:\/\/www.beno.az\/ru\/wp-json\/wp\/v2\/product"}],"about":[{"href":"https:\/\/www.beno.az\/ru\/wp-json\/wp\/v2\/types\/product"}],"replies":[{"embeddable":true,"href":"https:\/\/www.beno.az\/ru\/wp-json\/wp\/v2\/comments?post=9833"}],"version-history":[{"count":0,"href":"https:\/\/www.beno.az\/ru\/wp-json\/wp\/v2\/product\/9833\/revisions"}],"wp:featuredmedia":[{"embeddable":true,"href":"https:\/\/www.beno.az\/ru\/wp-json\/wp\/v2\/media\/9834"}],"wp:attachment":[{"href":"https:\/\/www.beno.az\/ru\/wp-json\/wp\/v2\/media?parent=9833"}],"wp:term":[{"taxonomy":"pwb-brand","embeddable":true,"href":"https:\/\/www.beno.az\/ru\/wp-json\/wp\/v2\/pwb-brand?post=9833"},{"taxonomy":"product_brand","embeddable":true,"href":"https:\/\/www.beno.az\/ru\/wp-json\/wp\/v2\/product_brand?post=9833"},{"taxonomy":"product_cat","embeddable":true,"href":"https:\/\/www.beno.az\/ru\/wp-json\/wp\/v2\/product_cat?post=9833"},{"taxonomy":"product_tag","embeddable":true,"href":"https:\/\/www.beno.az\/ru\/wp-json\/wp\/v2\/product_tag?post=9833"}],"curies":[{"name":"wp","href":"https:\/\/api.w.org\/{rel}","templated":true}]}}