{"id":9828,"date":"2023-03-23T13:20:18","date_gmt":"2023-03-23T10:20:18","guid":{"rendered":"https:\/\/www.beno.az\/?post_type=product&#038;p=9828"},"modified":"2023-03-23T13:20:18","modified_gmt":"2023-03-23T10:20:18","slug":"vitaminl%c9%99r-8-in-1-excel-multi-vitamin-adult-itl%c9%99r-ucun-70-h%c9%99b","status":"publish","type":"product","link":"https:\/\/www.beno.az\/ru\/checkout\/vitaminl%c9%99r-8-in-1-excel-multi-vitamin-adult-itl%c9%99r-ucun-70-h%c9%99b\/","title":{"rendered":"Vitaminl\u0259r 8 in 1 Excel Multi Vitamin Adult itl\u0259r \u00fc\u00e7\u00fcn, 70 h\u0259b"},"content":{"rendered":"<div class=\"text-block show\">\n<p>Yetkin \u0130tl\u0259r \u00fc\u00e7\u00fcn Excel Multivitamin, yetkin itl\u0259rin ehtiyaclar\u0131n\u0131 \u00f6d\u0259m\u0259k \u00fc\u00e7\u00fcn x\u00fcsusi olaraq haz\u0131rlanm\u0131\u015f tam vitamin v\u0259 mineral \u0259lav\u0259dir. \u018fsas vitamin v\u0259 minerallar\u0131n balansla\u015fd\u0131r\u0131lm\u0131\u015f formulas\u0131 qida \u00e7at\u0131\u015fmazl\u0131\u011f\u0131n\u0131n qar\u015f\u0131s\u0131n\u0131 al\u0131r v\u0259 itinizi aktiv v\u0259 sa\u011flam saxlama\u011fa k\u00f6m\u0259k edir. \u2022 Tam multivitamin \u0259lav\u0259si \u2022 B\u00fct\u00fcn cinsl\u0259rd\u0259n olan yetkin itl\u0259r \u00fc\u00e7\u00fcn x\u00fcsusi olaraq haz\u0131rlanm\u0131\u015fd\u0131r \u2022 Heyvan\u0131n\u0131z\u0131n sa\u011flam v\u0259 aktiv h\u0259yat t\u0259rzini d\u0259st\u0259kl\u0259m\u0259k \u00fc\u00e7\u00fcn C vitamini, antioksidantlar v\u0259 iz elementl\u0259rinin stabill\u0259\u015fdirilmi\u015f formas\u0131n\u0131 ehtiva edir \u2022 Qida \u00e7at\u0131\u015fmazl\u0131qlar\u0131n\u0131 tamamlay\u0131r \u2022 Baytar h\u0259kiml\u0259rin r\u0259yi il\u0259 haz\u0131rlan\u0131b Dozaj: 1\/ \u00c7\u0259kisi 4 kq-dan az olan itl\u0259r \u00fc\u00e7\u00fcn g\u00fcnd\u0259 2 tablet, \u00e7\u0259kisi 4 il\u0259 20 kq aras\u0131nda olan itl\u0259r \u00fc\u00e7\u00fcn 1 tablet, \u00e7\u0259kisi 20 kq-dan \u00e7ox olan itl\u0259r \u00fc\u00e7\u00fcn g\u00fcnd\u0259 2 tablet.<\/p>\n<\/div>","protected":false},"excerpt":{"rendered":"<p>Yetkin \u0130tl\u0259r \u00fc\u00e7\u00fcn Excel Multivitamin, yetkin itl\u0259rin ehtiyaclar\u0131n\u0131 \u00f6d\u0259m\u0259k \u00fc\u00e7\u00fcn x\u00fcsusi olaraq haz\u0131rlanm\u0131\u015f tam vitamin v\u0259 mineral \u0259lav\u0259dir. \u018fsas vitamin<\/p>","protected":false},"featured_media":9829,"comment_status":"open","ping_status":"closed","template":"","meta":[],"pwb-brand":[140],"product_brand":[],"product_cat":[19,16],"product_tag":[],"class_list":{"0":"post-9828","1":"product","2":"type-product","3":"status-publish","4":"has-post-thumbnail","6":"pwb-brand-8in1","7":"product_cat-baytarliq-it","8":"product_cat-it","10":"first","11":"instock","12":"shipping-taxable","13":"purchasable","14":"product-type-simple"},"pure_taxonomies":{"pwb-brand":[{"term_id":140,"name":"8in1","slug":"8in1","term_group":0,"term_taxonomy_id":140,"taxonomy":"pwb-brand","description":"","parent":0,"count":15,"filter":"raw","image":""}],"product_cat":[{"term_id":19,"name":"Baytarl\u0131q","slug":"baytarliq-it","term_group":0,"term_taxonomy_id":19,"taxonomy":"product_cat","description":"","parent":16,"count":59,"filter":"raw","image":""},{"term_id":16,"name":"\u0130TL\u018fR","slug":"it","term_group":0,"term_taxonomy_id":16,"taxonomy":"product_cat","description":"","parent":0,"count":228,"filter":"raw","image":""}]},"brands":[{"id":140,"name":"8in1","slug":"8in1"}],"_links":{"self":[{"href":"https:\/\/www.beno.az\/ru\/wp-json\/wp\/v2\/product\/9828","targetHints":{"allow":["GET"]}}],"collection":[{"href":"https:\/\/www.beno.az\/ru\/wp-json\/wp\/v2\/product"}],"about":[{"href":"https:\/\/www.beno.az\/ru\/wp-json\/wp\/v2\/types\/product"}],"replies":[{"embeddable":true,"href":"https:\/\/www.beno.az\/ru\/wp-json\/wp\/v2\/comments?post=9828"}],"version-history":[{"count":0,"href":"https:\/\/www.beno.az\/ru\/wp-json\/wp\/v2\/product\/9828\/revisions"}],"wp:featuredmedia":[{"embeddable":true,"href":"https:\/\/www.beno.az\/ru\/wp-json\/wp\/v2\/media\/9829"}],"wp:attachment":[{"href":"https:\/\/www.beno.az\/ru\/wp-json\/wp\/v2\/media?parent=9828"}],"wp:term":[{"taxonomy":"pwb-brand","embeddable":true,"href":"https:\/\/www.beno.az\/ru\/wp-json\/wp\/v2\/pwb-brand?post=9828"},{"taxonomy":"product_brand","embeddable":true,"href":"https:\/\/www.beno.az\/ru\/wp-json\/wp\/v2\/product_brand?post=9828"},{"taxonomy":"product_cat","embeddable":true,"href":"https:\/\/www.beno.az\/ru\/wp-json\/wp\/v2\/product_cat?post=9828"},{"taxonomy":"product_tag","embeddable":true,"href":"https:\/\/www.beno.az\/ru\/wp-json\/wp\/v2\/product_tag?post=9828"}],"curies":[{"name":"wp","href":"https:\/\/api.w.org\/{rel}","templated":true}]}}