{"id":9820,"date":"2023-03-23T13:07:02","date_gmt":"2023-03-23T10:07:02","guid":{"rendered":"https:\/\/www.beno.az\/?post_type=product&#038;p=9820"},"modified":"2023-03-23T13:07:02","modified_gmt":"2023-03-23T10:07:02","slug":"quru-yem-natures-protection-superior-care-white-dogs-grain-free-junior-all-breeds-2-10-ay-arasi-ag-r%c9%99ngli-h%c9%99r-cins-kucukl%c9%99r-ucun-1-5-kq-2","status":"publish","type":"product","link":"https:\/\/www.beno.az\/ru\/checkout\/quru-yem-natures-protection-superior-care-white-dogs-grain-free-junior-all-breeds-2-10-ay-arasi-ag-r%c9%99ngli-h%c9%99r-cins-kucukl%c9%99r-ucun-1-5-kq-2\/","title":{"rendered":"Quru yem Natures Protection Superior Care White Dogs Grain Free Junior All Breeds, 2-10 ay aras\u0131 a\u011f r\u0259ngli h\u0259r cins k\u00fc\u00e7\u00fckl\u0259r \u00fc\u00e7\u00fcn, 1.5 kq"},"content":{"rendered":"","protected":false},"excerpt":{"rendered":"","protected":false},"featured_media":9821,"comment_status":"open","ping_status":"closed","template":"","meta":[],"pwb-brand":[215],"product_brand":[],"product_cat":[16,17,18],"product_tag":[401,216],"class_list":{"0":"post-9820","1":"product","2":"type-product","3":"status-publish","4":"has-post-thumbnail","6":"pwb-brand-natures-protection","7":"product_cat-it","8":"product_cat-quruyemler-it","9":"product_cat-quruyemler-ceki-ile-it","10":"product_tag-nature","11":"product_tag-natures","13":"first","14":"instock","15":"shipping-taxable","16":"purchasable","17":"product-type-simple"},"pure_taxonomies":{"pwb-brand":[{"term_id":215,"name":"Natures Protection","slug":"natures-protection","term_group":0,"term_taxonomy_id":215,"taxonomy":"pwb-brand","description":"","parent":0,"count":13,"filter":"raw","image":""}],"product_cat":[{"term_id":16,"name":"\u0130TL\u018fR","slug":"it","term_group":0,"term_taxonomy_id":16,"taxonomy":"product_cat","description":"","parent":0,"count":228,"filter":"raw","image":""},{"term_id":17,"name":"Quru yeml\u0259r","slug":"quruyemler-it","term_group":0,"term_taxonomy_id":17,"taxonomy":"product_cat","description":"","parent":16,"count":5,"filter":"raw","image":""},{"term_id":18,"name":"Quru yeml\u0259r \u00e7\u0259ki il\u0259","slug":"quruyemler-ceki-ile-it","term_group":0,"term_taxonomy_id":18,"taxonomy":"product_cat","description":"","parent":16,"count":35,"filter":"raw","image":""}],"product_tag":[{"term_id":401,"name":"Nature","slug":"nature","term_group":0,"term_taxonomy_id":401,"taxonomy":"product_tag","description":"","parent":0,"count":1,"filter":"raw","image":""},{"term_id":216,"name":"Natures","slug":"natures","term_group":0,"term_taxonomy_id":216,"taxonomy":"product_tag","description":"","parent":0,"count":2,"filter":"raw","image":""}]},"brands":[{"id":215,"name":"Natures Protection","slug":"natures-protection"}],"_links":{"self":[{"href":"https:\/\/www.beno.az\/ru\/wp-json\/wp\/v2\/product\/9820","targetHints":{"allow":["GET"]}}],"collection":[{"href":"https:\/\/www.beno.az\/ru\/wp-json\/wp\/v2\/product"}],"about":[{"href":"https:\/\/www.beno.az\/ru\/wp-json\/wp\/v2\/types\/product"}],"replies":[{"embeddable":true,"href":"https:\/\/www.beno.az\/ru\/wp-json\/wp\/v2\/comments?post=9820"}],"version-history":[{"count":0,"href":"https:\/\/www.beno.az\/ru\/wp-json\/wp\/v2\/product\/9820\/revisions"}],"wp:featuredmedia":[{"embeddable":true,"href":"https:\/\/www.beno.az\/ru\/wp-json\/wp\/v2\/media\/9821"}],"wp:attachment":[{"href":"https:\/\/www.beno.az\/ru\/wp-json\/wp\/v2\/media?parent=9820"}],"wp:term":[{"taxonomy":"pwb-brand","embeddable":true,"href":"https:\/\/www.beno.az\/ru\/wp-json\/wp\/v2\/pwb-brand?post=9820"},{"taxonomy":"product_brand","embeddable":true,"href":"https:\/\/www.beno.az\/ru\/wp-json\/wp\/v2\/product_brand?post=9820"},{"taxonomy":"product_cat","embeddable":true,"href":"https:\/\/www.beno.az\/ru\/wp-json\/wp\/v2\/product_cat?post=9820"},{"taxonomy":"product_tag","embeddable":true,"href":"https:\/\/www.beno.az\/ru\/wp-json\/wp\/v2\/product_tag?post=9820"}],"curies":[{"name":"wp","href":"https:\/\/api.w.org\/{rel}","templated":true}]}}