{"id":9814,"date":"2023-03-23T13:02:39","date_gmt":"2023-03-23T10:02:39","guid":{"rendered":"https:\/\/www.beno.az\/?post_type=product&#038;p=9814"},"modified":"2024-04-13T23:55:40","modified_gmt":"2024-04-13T20:55:40","slug":"quru-yem-itl%c9%99r-ucun-natures-protection-junior-lamb-all-breeds-2-18-ay-2-kq","status":"publish","type":"product","link":"https:\/\/www.beno.az\/ru\/checkout\/quru-yem-itl%c9%99r-ucun-natures-protection-junior-lamb-all-breeds-2-18-ay-2-kq\/","title":{"rendered":"Quru yem itl\u0259r \u00fc\u00e7\u00fcn Nature\u2019s Protection Junior Lamb All breeds, 2-18 ay, 2 kq"},"content":{"rendered":"","protected":false},"excerpt":{"rendered":"","protected":false},"featured_media":9815,"comment_status":"open","ping_status":"closed","template":"","meta":[],"pwb-brand":[215],"product_brand":[],"product_cat":[16,17,18],"product_tag":[],"class_list":{"0":"post-9814","1":"product","2":"type-product","3":"status-publish","4":"has-post-thumbnail","6":"pwb-brand-natures-protection","7":"product_cat-it","8":"product_cat-quruyemler-it","9":"product_cat-quruyemler-ceki-ile-it","11":"first","12":"outofstock","13":"shipping-taxable","14":"purchasable","15":"product-type-simple"},"pure_taxonomies":{"pwb-brand":[{"term_id":215,"name":"Natures Protection","slug":"natures-protection","term_group":0,"term_taxonomy_id":215,"taxonomy":"pwb-brand","description":"","parent":0,"count":13,"filter":"raw","image":""}],"product_cat":[{"term_id":16,"name":"\u0130TL\u018fR","slug":"it","term_group":0,"term_taxonomy_id":16,"taxonomy":"product_cat","description":"","parent":0,"count":228,"filter":"raw","image":""},{"term_id":17,"name":"Quru yeml\u0259r","slug":"quruyemler-it","term_group":0,"term_taxonomy_id":17,"taxonomy":"product_cat","description":"","parent":16,"count":5,"filter":"raw","image":""},{"term_id":18,"name":"Quru yeml\u0259r \u00e7\u0259ki il\u0259","slug":"quruyemler-ceki-ile-it","term_group":0,"term_taxonomy_id":18,"taxonomy":"product_cat","description":"","parent":16,"count":35,"filter":"raw","image":""}]},"brands":[{"id":215,"name":"Natures Protection","slug":"natures-protection"}],"_links":{"self":[{"href":"https:\/\/www.beno.az\/ru\/wp-json\/wp\/v2\/product\/9814","targetHints":{"allow":["GET"]}}],"collection":[{"href":"https:\/\/www.beno.az\/ru\/wp-json\/wp\/v2\/product"}],"about":[{"href":"https:\/\/www.beno.az\/ru\/wp-json\/wp\/v2\/types\/product"}],"replies":[{"embeddable":true,"href":"https:\/\/www.beno.az\/ru\/wp-json\/wp\/v2\/comments?post=9814"}],"version-history":[{"count":1,"href":"https:\/\/www.beno.az\/ru\/wp-json\/wp\/v2\/product\/9814\/revisions"}],"predecessor-version":[{"id":11330,"href":"https:\/\/www.beno.az\/ru\/wp-json\/wp\/v2\/product\/9814\/revisions\/11330"}],"wp:featuredmedia":[{"embeddable":true,"href":"https:\/\/www.beno.az\/ru\/wp-json\/wp\/v2\/media\/9815"}],"wp:attachment":[{"href":"https:\/\/www.beno.az\/ru\/wp-json\/wp\/v2\/media?parent=9814"}],"wp:term":[{"taxonomy":"pwb-brand","embeddable":true,"href":"https:\/\/www.beno.az\/ru\/wp-json\/wp\/v2\/pwb-brand?post=9814"},{"taxonomy":"product_brand","embeddable":true,"href":"https:\/\/www.beno.az\/ru\/wp-json\/wp\/v2\/product_brand?post=9814"},{"taxonomy":"product_cat","embeddable":true,"href":"https:\/\/www.beno.az\/ru\/wp-json\/wp\/v2\/product_cat?post=9814"},{"taxonomy":"product_tag","embeddable":true,"href":"https:\/\/www.beno.az\/ru\/wp-json\/wp\/v2\/product_tag?post=9814"}],"curies":[{"name":"wp","href":"https:\/\/api.w.org\/{rel}","templated":true}]}}