{"id":764,"date":"2023-02-07T15:32:19","date_gmt":"2023-02-07T12:32:19","guid":{"rendered":"https:\/\/www.beno.az\/?post_type=product&#038;p=764"},"modified":"2023-02-07T15:32:19","modified_gmt":"2023-02-07T12:32:19","slug":"quru-qida-t%c9%99bi%c9%99tin-muhafiz%c9%99si-qus-%c9%99tli-dadli-yetkin-steriliz%c9%99-edilmis-pisikl%c9%99r-ucun-steriliz%c9%99-edilmis-7-kq","status":"publish","type":"product","link":"https:\/\/www.beno.az\/ru\/checkout\/quru-qida-t%c9%99bi%c9%99tin-muhafiz%c9%99si-qus-%c9%99tli-dadli-yetkin-steriliz%c9%99-edilmis-pisikl%c9%99r-ucun-steriliz%c9%99-edilmis-7-kq\/","title":{"rendered":"Quru qida T\u0259bi\u0259tin M\u00fchafiz\u0259si Qu\u015f \u0259tli dadl\u0131 yetkin steriliz\u0259 edilmi\u015f pi\u015fikl\u0259r \u00fc\u00e7\u00fcn steriliz\u0259 edilmi\u015f 7 kq"},"content":{"rendered":"","protected":false},"excerpt":{"rendered":"","protected":false},"featured_media":761,"comment_status":"open","ping_status":"closed","template":"","meta":[],"pwb-brand":[215],"product_brand":[],"product_cat":[31,32],"product_tag":[],"class_list":{"0":"post-764","1":"product","2":"type-product","3":"status-publish","4":"has-post-thumbnail","6":"pwb-brand-natures-protection","7":"product_cat-pisik","8":"product_cat-quruyemler-pisik","10":"first","11":"instock","12":"shipping-taxable","13":"product-type-simple"},"pure_taxonomies":{"pwb-brand":[{"term_id":215,"name":"Natures Protection","slug":"natures-protection","term_group":0,"term_taxonomy_id":215,"taxonomy":"pwb-brand","description":"","parent":0,"count":13,"filter":"raw","image":""}],"product_cat":[{"term_id":31,"name":"Pi\u015fiyimiz","slug":"pisik","term_group":0,"term_taxonomy_id":31,"taxonomy":"product_cat","description":"","parent":0,"count":275,"filter":"raw","image":""},{"term_id":32,"name":"Quru yeml\u0259r","slug":"quruyemler-pisik","term_group":0,"term_taxonomy_id":32,"taxonomy":"product_cat","description":"","parent":31,"count":5,"filter":"raw","image":""}]},"brands":[{"id":215,"name":"Natures Protection","slug":"natures-protection"}],"_links":{"self":[{"href":"https:\/\/www.beno.az\/ru\/wp-json\/wp\/v2\/product\/764","targetHints":{"allow":["GET"]}}],"collection":[{"href":"https:\/\/www.beno.az\/ru\/wp-json\/wp\/v2\/product"}],"about":[{"href":"https:\/\/www.beno.az\/ru\/wp-json\/wp\/v2\/types\/product"}],"replies":[{"embeddable":true,"href":"https:\/\/www.beno.az\/ru\/wp-json\/wp\/v2\/comments?post=764"}],"version-history":[{"count":0,"href":"https:\/\/www.beno.az\/ru\/wp-json\/wp\/v2\/product\/764\/revisions"}],"wp:featuredmedia":[{"embeddable":true,"href":"https:\/\/www.beno.az\/ru\/wp-json\/wp\/v2\/media\/761"}],"wp:attachment":[{"href":"https:\/\/www.beno.az\/ru\/wp-json\/wp\/v2\/media?parent=764"}],"wp:term":[{"taxonomy":"pwb-brand","embeddable":true,"href":"https:\/\/www.beno.az\/ru\/wp-json\/wp\/v2\/pwb-brand?post=764"},{"taxonomy":"product_brand","embeddable":true,"href":"https:\/\/www.beno.az\/ru\/wp-json\/wp\/v2\/product_brand?post=764"},{"taxonomy":"product_cat","embeddable":true,"href":"https:\/\/www.beno.az\/ru\/wp-json\/wp\/v2\/product_cat?post=764"},{"taxonomy":"product_tag","embeddable":true,"href":"https:\/\/www.beno.az\/ru\/wp-json\/wp\/v2\/product_tag?post=764"}],"curies":[{"name":"wp","href":"https:\/\/api.w.org\/{rel}","templated":true}]}}