{"id":754,"date":"2023-02-07T15:24:47","date_gmt":"2023-02-07T12:24:47","guid":{"rendered":"https:\/\/www.beno.az\/?post_type=product&#038;p=754"},"modified":"2023-12-25T13:10:11","modified_gmt":"2023-12-25T10:10:11","slug":"natures-protection-1-yasdan-boyuk-pisikl%c9%99r-ucun-hinduska-%c9%99ti-il%c9%99-c%c9%99ki-il%c9%99-1-kq","status":"publish","type":"product","link":"https:\/\/www.beno.az\/ru\/checkout\/natures-protection-1-yasdan-boyuk-pisikl%c9%99r-ucun-hinduska-%c9%99ti-il%c9%99-c%c9%99ki-il%c9%99-1-kq\/","title":{"rendered":"Nature&#8217;s Protection 1 ya\u015fdan b\u00f6y\u00fck  pi\u015fikl\u0259r \u00fc\u00e7\u00fcn, hindu\u015fka \u0259ti il\u0259 (\u00e7\u0259ki il\u0259 )1 kq"},"content":{"rendered":"","protected":false},"excerpt":{"rendered":"","protected":false},"featured_media":745,"comment_status":"open","ping_status":"closed","template":"","meta":[],"pwb-brand":[215],"product_brand":[],"product_cat":[31,32],"product_tag":[],"class_list":{"0":"post-754","1":"product","2":"type-product","3":"status-publish","4":"has-post-thumbnail","6":"pwb-brand-natures-protection","7":"product_cat-pisik","8":"product_cat-quruyemler-pisik","10":"first","11":"outofstock","12":"shipping-taxable","13":"purchasable","14":"product-type-simple"},"pure_taxonomies":{"pwb-brand":[{"term_id":215,"name":"Natures Protection","slug":"natures-protection","term_group":0,"term_taxonomy_id":215,"taxonomy":"pwb-brand","description":"","parent":0,"count":13,"filter":"raw","image":""}],"product_cat":[{"term_id":31,"name":"Pi\u015fiyimiz","slug":"pisik","term_group":0,"term_taxonomy_id":31,"taxonomy":"product_cat","description":"","parent":0,"count":275,"filter":"raw","image":""},{"term_id":32,"name":"Quru yeml\u0259r","slug":"quruyemler-pisik","term_group":0,"term_taxonomy_id":32,"taxonomy":"product_cat","description":"","parent":31,"count":5,"filter":"raw","image":""}]},"brands":[{"id":215,"name":"Natures Protection","slug":"natures-protection"}],"_links":{"self":[{"href":"https:\/\/www.beno.az\/ru\/wp-json\/wp\/v2\/product\/754","targetHints":{"allow":["GET"]}}],"collection":[{"href":"https:\/\/www.beno.az\/ru\/wp-json\/wp\/v2\/product"}],"about":[{"href":"https:\/\/www.beno.az\/ru\/wp-json\/wp\/v2\/types\/product"}],"replies":[{"embeddable":true,"href":"https:\/\/www.beno.az\/ru\/wp-json\/wp\/v2\/comments?post=754"}],"version-history":[{"count":1,"href":"https:\/\/www.beno.az\/ru\/wp-json\/wp\/v2\/product\/754\/revisions"}],"predecessor-version":[{"id":11134,"href":"https:\/\/www.beno.az\/ru\/wp-json\/wp\/v2\/product\/754\/revisions\/11134"}],"wp:featuredmedia":[{"embeddable":true,"href":"https:\/\/www.beno.az\/ru\/wp-json\/wp\/v2\/media\/745"}],"wp:attachment":[{"href":"https:\/\/www.beno.az\/ru\/wp-json\/wp\/v2\/media?parent=754"}],"wp:term":[{"taxonomy":"pwb-brand","embeddable":true,"href":"https:\/\/www.beno.az\/ru\/wp-json\/wp\/v2\/pwb-brand?post=754"},{"taxonomy":"product_brand","embeddable":true,"href":"https:\/\/www.beno.az\/ru\/wp-json\/wp\/v2\/product_brand?post=754"},{"taxonomy":"product_cat","embeddable":true,"href":"https:\/\/www.beno.az\/ru\/wp-json\/wp\/v2\/product_cat?post=754"},{"taxonomy":"product_tag","embeddable":true,"href":"https:\/\/www.beno.az\/ru\/wp-json\/wp\/v2\/product_tag?post=754"}],"curies":[{"name":"wp","href":"https:\/\/api.w.org\/{rel}","templated":true}]}}