{"id":735,"date":"2023-02-07T15:08:57","date_gmt":"2023-02-07T12:08:57","guid":{"rendered":"https:\/\/www.beno.az\/?post_type=product&#038;p=735"},"modified":"2024-04-13T23:18:52","modified_gmt":"2024-04-13T20:18:52","slug":"chappi-mal-%c9%99ti-il%c9%99-yetkin-itl%c9%99r-ucun-85g","status":"publish","type":"product","link":"https:\/\/www.beno.az\/ru\/checkout\/chappi-mal-%c9%99ti-il%c9%99-yetkin-itl%c9%99r-ucun-85g\/","title":{"rendered":"Chappi Mal \u0259ti il\u0259, (yetkin itl\u0259r \u00fc\u00e7\u00fcn) 85g"},"content":{"rendered":"","protected":false},"excerpt":{"rendered":"","protected":false},"featured_media":736,"comment_status":"open","ping_status":"closed","template":"","meta":[],"pwb-brand":[213],"product_brand":[],"product_cat":[16,22],"product_tag":[214],"class_list":{"0":"post-735","1":"product","2":"type-product","3":"status-publish","4":"has-post-thumbnail","6":"pwb-brand-chappy","7":"product_cat-it","8":"product_cat-nmyemlrvkonservlr-it","9":"product_tag-chappy","11":"first","12":"outofstock","13":"shipping-taxable","14":"purchasable","15":"product-type-simple"},"pure_taxonomies":{"pwb-brand":[{"term_id":213,"name":"Chappy","slug":"chappy","term_group":0,"term_taxonomy_id":213,"taxonomy":"pwb-brand","description":"","parent":0,"count":4,"filter":"raw","image":""}],"product_cat":[{"term_id":16,"name":"\u0130TL\u018fR","slug":"it","term_group":0,"term_taxonomy_id":16,"taxonomy":"product_cat","description":"","parent":0,"count":228,"filter":"raw","image":""},{"term_id":22,"name":"N\u0259m yeml\u0259r v\u0259 konservl\u0259r","slug":"n%c9%99myeml%c9%99rv%c9%99konservl%c9%99r-it","term_group":0,"term_taxonomy_id":22,"taxonomy":"product_cat","description":"","parent":16,"count":17,"filter":"raw","image":""}],"product_tag":[{"term_id":214,"name":"chappy","slug":"chappy","term_group":0,"term_taxonomy_id":214,"taxonomy":"product_tag","description":"","parent":0,"count":2,"filter":"raw","image":""}]},"brands":[{"id":213,"name":"Chappy","slug":"chappy"}],"_links":{"self":[{"href":"https:\/\/www.beno.az\/ru\/wp-json\/wp\/v2\/product\/735","targetHints":{"allow":["GET"]}}],"collection":[{"href":"https:\/\/www.beno.az\/ru\/wp-json\/wp\/v2\/product"}],"about":[{"href":"https:\/\/www.beno.az\/ru\/wp-json\/wp\/v2\/types\/product"}],"replies":[{"embeddable":true,"href":"https:\/\/www.beno.az\/ru\/wp-json\/wp\/v2\/comments?post=735"}],"version-history":[{"count":1,"href":"https:\/\/www.beno.az\/ru\/wp-json\/wp\/v2\/product\/735\/revisions"}],"predecessor-version":[{"id":11313,"href":"https:\/\/www.beno.az\/ru\/wp-json\/wp\/v2\/product\/735\/revisions\/11313"}],"wp:featuredmedia":[{"embeddable":true,"href":"https:\/\/www.beno.az\/ru\/wp-json\/wp\/v2\/media\/736"}],"wp:attachment":[{"href":"https:\/\/www.beno.az\/ru\/wp-json\/wp\/v2\/media?parent=735"}],"wp:term":[{"taxonomy":"pwb-brand","embeddable":true,"href":"https:\/\/www.beno.az\/ru\/wp-json\/wp\/v2\/pwb-brand?post=735"},{"taxonomy":"product_brand","embeddable":true,"href":"https:\/\/www.beno.az\/ru\/wp-json\/wp\/v2\/product_brand?post=735"},{"taxonomy":"product_cat","embeddable":true,"href":"https:\/\/www.beno.az\/ru\/wp-json\/wp\/v2\/product_cat?post=735"},{"taxonomy":"product_tag","embeddable":true,"href":"https:\/\/www.beno.az\/ru\/wp-json\/wp\/v2\/product_tag?post=735"}],"curies":[{"name":"wp","href":"https:\/\/api.w.org\/{rel}","templated":true}]}}