{"id":729,"date":"2023-02-07T15:04:47","date_gmt":"2023-02-07T12:04:47","guid":{"rendered":"https:\/\/www.beno.az\/?post_type=product&#038;p=729"},"modified":"2024-04-13T23:24:29","modified_gmt":"2024-04-13T20:24:29","slug":"chappi-ev-tipli-mal-%c9%99ti-il%c9%99-itl%c9%99r-ucun-quru-yem%c9%99k-13-500","status":"publish","type":"product","link":"https:\/\/www.beno.az\/ru\/checkout\/chappi-ev-tipli-mal-%c9%99ti-il%c9%99-itl%c9%99r-ucun-quru-yem%c9%99k-13-500\/","title":{"rendered":"Chappi Ev tipli mal \u0259ti il\u0259 itl\u0259r \u00fc\u00e7\u00fcn quru yem\u0259k, 13.500"},"content":{"rendered":"","protected":false},"excerpt":{"rendered":"","protected":false},"featured_media":730,"comment_status":"open","ping_status":"closed","template":"","meta":[],"pwb-brand":[213],"product_brand":[],"product_cat":[16,17],"product_tag":[],"class_list":{"0":"post-729","1":"product","2":"type-product","3":"status-publish","4":"has-post-thumbnail","6":"pwb-brand-chappy","7":"product_cat-it","8":"product_cat-quruyemler-it","10":"first","11":"instock","12":"shipping-taxable","13":"purchasable","14":"product-type-simple"},"pure_taxonomies":{"pwb-brand":[{"term_id":213,"name":"Chappy","slug":"chappy","term_group":0,"term_taxonomy_id":213,"taxonomy":"pwb-brand","description":"","parent":0,"count":4,"filter":"raw","image":""}],"product_cat":[{"term_id":16,"name":"\u0130TL\u018fR","slug":"it","term_group":0,"term_taxonomy_id":16,"taxonomy":"product_cat","description":"","parent":0,"count":228,"filter":"raw","image":""},{"term_id":17,"name":"Quru yeml\u0259r","slug":"quruyemler-it","term_group":0,"term_taxonomy_id":17,"taxonomy":"product_cat","description":"","parent":16,"count":5,"filter":"raw","image":""}]},"brands":[{"id":213,"name":"Chappy","slug":"chappy"}],"_links":{"self":[{"href":"https:\/\/www.beno.az\/ru\/wp-json\/wp\/v2\/product\/729","targetHints":{"allow":["GET"]}}],"collection":[{"href":"https:\/\/www.beno.az\/ru\/wp-json\/wp\/v2\/product"}],"about":[{"href":"https:\/\/www.beno.az\/ru\/wp-json\/wp\/v2\/types\/product"}],"replies":[{"embeddable":true,"href":"https:\/\/www.beno.az\/ru\/wp-json\/wp\/v2\/comments?post=729"}],"version-history":[{"count":2,"href":"https:\/\/www.beno.az\/ru\/wp-json\/wp\/v2\/product\/729\/revisions"}],"predecessor-version":[{"id":11314,"href":"https:\/\/www.beno.az\/ru\/wp-json\/wp\/v2\/product\/729\/revisions\/11314"}],"wp:featuredmedia":[{"embeddable":true,"href":"https:\/\/www.beno.az\/ru\/wp-json\/wp\/v2\/media\/730"}],"wp:attachment":[{"href":"https:\/\/www.beno.az\/ru\/wp-json\/wp\/v2\/media?parent=729"}],"wp:term":[{"taxonomy":"pwb-brand","embeddable":true,"href":"https:\/\/www.beno.az\/ru\/wp-json\/wp\/v2\/pwb-brand?post=729"},{"taxonomy":"product_brand","embeddable":true,"href":"https:\/\/www.beno.az\/ru\/wp-json\/wp\/v2\/product_brand?post=729"},{"taxonomy":"product_cat","embeddable":true,"href":"https:\/\/www.beno.az\/ru\/wp-json\/wp\/v2\/product_cat?post=729"},{"taxonomy":"product_tag","embeddable":true,"href":"https:\/\/www.beno.az\/ru\/wp-json\/wp\/v2\/product_tag?post=729"}],"curies":[{"name":"wp","href":"https:\/\/api.w.org\/{rel}","templated":true}]}}