{"id":719,"date":"2023-02-07T14:52:43","date_gmt":"2023-02-07T11:52:43","guid":{"rendered":"https:\/\/www.beno.az\/?post_type=product&#038;p=719"},"modified":"2023-02-07T14:52:43","modified_gmt":"2023-02-07T11:52:43","slug":"pisikl%c9%99r-ucun-quru-yem-whiskas-mal-%c9%99ti-il%c9%99-goy%c9%99rti-qarisiq-950-q","status":"publish","type":"product","link":"https:\/\/www.beno.az\/ru\/checkout\/pisikl%c9%99r-ucun-quru-yem-whiskas-mal-%c9%99ti-il%c9%99-goy%c9%99rti-qarisiq-950-q\/","title":{"rendered":"Pi\u015fikl\u0259r \u00fc\u00e7\u00fcn quru yem Whiskas mal \u0259ti il\u0259 g\u00f6y\u0259rti qar\u0131\u015f\u0131q, 950 q"},"content":{"rendered":"","protected":false},"excerpt":{"rendered":"","protected":false},"featured_media":720,"comment_status":"open","ping_status":"closed","template":"","meta":[],"pwb-brand":[212],"product_brand":[],"product_cat":[31,32],"product_tag":[],"class_list":{"0":"post-719","1":"product","2":"type-product","3":"status-publish","4":"has-post-thumbnail","6":"pwb-brand-whiskas","7":"product_cat-pisik","8":"product_cat-quruyemler-pisik","10":"first","11":"instock","12":"shipping-taxable","13":"product-type-simple"},"pure_taxonomies":{"pwb-brand":[{"term_id":212,"name":"Whiskas","slug":"whiskas","term_group":0,"term_taxonomy_id":212,"taxonomy":"pwb-brand","description":"","parent":0,"count":17,"filter":"raw","image":""}],"product_cat":[{"term_id":31,"name":"Pi\u015fiyimiz","slug":"pisik","term_group":0,"term_taxonomy_id":31,"taxonomy":"product_cat","description":"","parent":0,"count":275,"filter":"raw","image":""},{"term_id":32,"name":"Quru yeml\u0259r","slug":"quruyemler-pisik","term_group":0,"term_taxonomy_id":32,"taxonomy":"product_cat","description":"","parent":31,"count":5,"filter":"raw","image":""}]},"brands":[{"id":212,"name":"Whiskas","slug":"whiskas"}],"_links":{"self":[{"href":"https:\/\/www.beno.az\/ru\/wp-json\/wp\/v2\/product\/719","targetHints":{"allow":["GET"]}}],"collection":[{"href":"https:\/\/www.beno.az\/ru\/wp-json\/wp\/v2\/product"}],"about":[{"href":"https:\/\/www.beno.az\/ru\/wp-json\/wp\/v2\/types\/product"}],"replies":[{"embeddable":true,"href":"https:\/\/www.beno.az\/ru\/wp-json\/wp\/v2\/comments?post=719"}],"version-history":[{"count":0,"href":"https:\/\/www.beno.az\/ru\/wp-json\/wp\/v2\/product\/719\/revisions"}],"wp:featuredmedia":[{"embeddable":true,"href":"https:\/\/www.beno.az\/ru\/wp-json\/wp\/v2\/media\/720"}],"wp:attachment":[{"href":"https:\/\/www.beno.az\/ru\/wp-json\/wp\/v2\/media?parent=719"}],"wp:term":[{"taxonomy":"pwb-brand","embeddable":true,"href":"https:\/\/www.beno.az\/ru\/wp-json\/wp\/v2\/pwb-brand?post=719"},{"taxonomy":"product_brand","embeddable":true,"href":"https:\/\/www.beno.az\/ru\/wp-json\/wp\/v2\/product_brand?post=719"},{"taxonomy":"product_cat","embeddable":true,"href":"https:\/\/www.beno.az\/ru\/wp-json\/wp\/v2\/product_cat?post=719"},{"taxonomy":"product_tag","embeddable":true,"href":"https:\/\/www.beno.az\/ru\/wp-json\/wp\/v2\/product_tag?post=719"}],"curies":[{"name":"wp","href":"https:\/\/api.w.org\/{rel}","templated":true}]}}