{"id":712,"date":"2023-02-07T11:39:23","date_gmt":"2023-02-07T08:39:23","guid":{"rendered":"https:\/\/www.beno.az\/?post_type=product&#038;p=712"},"modified":"2024-04-14T00:04:23","modified_gmt":"2024-04-13T21:04:23","slug":"whiskas-1-12-ayliq-pisikl%c9%99r-ucun-toyuq-%c9%99ti-il%c9%99-guvec-konservl%c9%99sdirilmis-yem-85-q","status":"publish","type":"product","link":"https:\/\/www.beno.az\/ru\/checkout\/whiskas-1-12-ayliq-pisikl%c9%99r-ucun-toyuq-%c9%99ti-il%c9%99-guvec-konservl%c9%99sdirilmis-yem-85-q\/","title":{"rendered":"Whiskas 1-12 ayl\u0131q pi\u015fikl\u0259r \u00fc\u00e7\u00fcn, toyuq \u0259ti il\u0259 g\u00fcve\u00e7, konservl\u0259\u015fdirilmi\u015f yem 85 q"},"content":{"rendered":"","protected":false},"excerpt":{"rendered":"","protected":false},"featured_media":713,"comment_status":"open","ping_status":"closed","template":"","meta":[],"pwb-brand":[212],"product_brand":[],"product_cat":[34,31],"product_tag":[],"class_list":{"0":"post-712","1":"product","2":"type-product","3":"status-publish","4":"has-post-thumbnail","6":"pwb-brand-whiskas","7":"product_cat-nemyemlerkonservler-pisik","8":"product_cat-pisik","10":"first","11":"outofstock","12":"shipping-taxable","13":"purchasable","14":"product-type-simple"},"pure_taxonomies":{"pwb-brand":[{"term_id":212,"name":"Whiskas","slug":"whiskas","term_group":0,"term_taxonomy_id":212,"taxonomy":"pwb-brand","description":"","parent":0,"count":17,"filter":"raw","image":""}],"product_cat":[{"term_id":34,"name":"N\u0259m yeml\u0259r v\u0259 konservl\u0259r","slug":"nemyemlerkonservler-pisik","term_group":0,"term_taxonomy_id":34,"taxonomy":"product_cat","description":"","parent":31,"count":54,"filter":"raw","image":""},{"term_id":31,"name":"Pi\u015fiyimiz","slug":"pisik","term_group":0,"term_taxonomy_id":31,"taxonomy":"product_cat","description":"","parent":0,"count":275,"filter":"raw","image":""}]},"brands":[{"id":212,"name":"Whiskas","slug":"whiskas"}],"_links":{"self":[{"href":"https:\/\/www.beno.az\/ru\/wp-json\/wp\/v2\/product\/712","targetHints":{"allow":["GET"]}}],"collection":[{"href":"https:\/\/www.beno.az\/ru\/wp-json\/wp\/v2\/product"}],"about":[{"href":"https:\/\/www.beno.az\/ru\/wp-json\/wp\/v2\/types\/product"}],"replies":[{"embeddable":true,"href":"https:\/\/www.beno.az\/ru\/wp-json\/wp\/v2\/comments?post=712"}],"version-history":[{"count":1,"href":"https:\/\/www.beno.az\/ru\/wp-json\/wp\/v2\/product\/712\/revisions"}],"predecessor-version":[{"id":11348,"href":"https:\/\/www.beno.az\/ru\/wp-json\/wp\/v2\/product\/712\/revisions\/11348"}],"wp:featuredmedia":[{"embeddable":true,"href":"https:\/\/www.beno.az\/ru\/wp-json\/wp\/v2\/media\/713"}],"wp:attachment":[{"href":"https:\/\/www.beno.az\/ru\/wp-json\/wp\/v2\/media?parent=712"}],"wp:term":[{"taxonomy":"pwb-brand","embeddable":true,"href":"https:\/\/www.beno.az\/ru\/wp-json\/wp\/v2\/pwb-brand?post=712"},{"taxonomy":"product_brand","embeddable":true,"href":"https:\/\/www.beno.az\/ru\/wp-json\/wp\/v2\/product_brand?post=712"},{"taxonomy":"product_cat","embeddable":true,"href":"https:\/\/www.beno.az\/ru\/wp-json\/wp\/v2\/product_cat?post=712"},{"taxonomy":"product_tag","embeddable":true,"href":"https:\/\/www.beno.az\/ru\/wp-json\/wp\/v2\/product_tag?post=712"}],"curies":[{"name":"wp","href":"https:\/\/api.w.org\/{rel}","templated":true}]}}