{"id":61,"date":"2023-01-28T18:43:33","date_gmt":"2023-01-28T15:43:33","guid":{"rendered":"https:\/\/www.beno.az\/?post_type=product&#038;p=61"},"modified":"2023-02-02T13:37:24","modified_gmt":"2023-02-02T10:37:24","slug":"%d1%87%d0%b8%d1%81%d1%82%d0%be%d1%82%d0%b5%d0%bb-%d1%80%d0%b0%d1%81%d0%bf%d1%83%d1%82%d1%8b%d0%b2%d0%b0%d1%8e%d1%89%d0%b8%d0%b9-%d1%88%d0%b0%d0%bc%d0%bf%d1%83%d0%bd%d1%8c-%d0%b4%d0%bb%d1%8f-%d1%81","status":"publish","type":"product","link":"https:\/\/www.beno.az\/ru\/checkout\/%d1%87%d0%b8%d1%81%d1%82%d0%be%d1%82%d0%b5%d0%bb-%d1%80%d0%b0%d1%81%d0%bf%d1%83%d1%82%d1%8b%d0%b2%d0%b0%d1%8e%d1%89%d0%b8%d0%b9-%d1%88%d0%b0%d0%bc%d0%bf%d1%83%d0%bd%d1%8c-%d0%b4%d0%bb%d1%8f-%d1%81\/","title":{"rendered":"Chistotel itl\u0259r \u00fc\u00e7\u00fcn bu\u011fda v\u0259 lavanda il\u0259 \u015fampun &#8211; 270 ml"},"content":{"rendered":"","protected":false},"excerpt":{"rendered":"","protected":false},"featured_media":62,"comment_status":"open","ping_status":"closed","template":"","meta":[],"pwb-brand":[135],"product_brand":[],"product_cat":[26,16],"product_tag":[76,77],"class_list":{"0":"post-61","1":"product","2":"type-product","3":"status-publish","4":"has-post-thumbnail","6":"pwb-brand-chistotel","7":"product_cat-giyiyena-it","8":"product_cat-it","9":"product_tag-cistotel","10":"product_tag-77","12":"first","13":"instock","14":"shipping-taxable","15":"product-type-simple"},"pure_taxonomies":{"pwb-brand":[{"term_id":135,"name":"Chistotel","slug":"chistotel","term_group":0,"term_taxonomy_id":135,"taxonomy":"pwb-brand","description":"","parent":0,"count":17,"filter":"raw","image":""}],"product_cat":[{"term_id":26,"name":"Gigiyena","slug":"giyiyena-it","term_group":0,"term_taxonomy_id":26,"taxonomy":"product_cat","description":"","parent":16,"count":55,"filter":"raw","image":""},{"term_id":16,"name":"\u0130TL\u018fR","slug":"it","term_group":0,"term_taxonomy_id":16,"taxonomy":"product_cat","description":"","parent":0,"count":228,"filter":"raw","image":""}],"product_tag":[{"term_id":76,"name":"cistotel","slug":"cistotel","term_group":0,"term_taxonomy_id":76,"taxonomy":"product_tag","description":"","parent":0,"count":1,"filter":"raw","image":""},{"term_id":77,"name":"\u0447\u0438\u0441\u0442\u043e\u0442\u0435\u043b","slug":"%d1%87%d0%b8%d1%81%d1%82%d0%be%d1%82%d0%b5%d0%bb","term_group":0,"term_taxonomy_id":77,"taxonomy":"product_tag","description":"","parent":0,"count":2,"filter":"raw","image":""}]},"brands":[{"id":135,"name":"Chistotel","slug":"chistotel"}],"_links":{"self":[{"href":"https:\/\/www.beno.az\/ru\/wp-json\/wp\/v2\/product\/61","targetHints":{"allow":["GET"]}}],"collection":[{"href":"https:\/\/www.beno.az\/ru\/wp-json\/wp\/v2\/product"}],"about":[{"href":"https:\/\/www.beno.az\/ru\/wp-json\/wp\/v2\/types\/product"}],"replies":[{"embeddable":true,"href":"https:\/\/www.beno.az\/ru\/wp-json\/wp\/v2\/comments?post=61"}],"version-history":[{"count":0,"href":"https:\/\/www.beno.az\/ru\/wp-json\/wp\/v2\/product\/61\/revisions"}],"wp:featuredmedia":[{"embeddable":true,"href":"https:\/\/www.beno.az\/ru\/wp-json\/wp\/v2\/media\/62"}],"wp:attachment":[{"href":"https:\/\/www.beno.az\/ru\/wp-json\/wp\/v2\/media?parent=61"}],"wp:term":[{"taxonomy":"pwb-brand","embeddable":true,"href":"https:\/\/www.beno.az\/ru\/wp-json\/wp\/v2\/pwb-brand?post=61"},{"taxonomy":"product_brand","embeddable":true,"href":"https:\/\/www.beno.az\/ru\/wp-json\/wp\/v2\/product_brand?post=61"},{"taxonomy":"product_cat","embeddable":true,"href":"https:\/\/www.beno.az\/ru\/wp-json\/wp\/v2\/product_cat?post=61"},{"taxonomy":"product_tag","embeddable":true,"href":"https:\/\/www.beno.az\/ru\/wp-json\/wp\/v2\/product_tag?post=61"}],"curies":[{"name":"wp","href":"https:\/\/api.w.org\/{rel}","templated":true}]}}