{"id":609,"date":"2023-02-07T09:48:22","date_gmt":"2023-02-07T06:48:22","guid":{"rendered":"https:\/\/www.beno.az\/?post_type=product&#038;p=609"},"modified":"2023-02-07T10:22:49","modified_gmt":"2023-02-07T07:22:49","slug":"pedigree-yetkin-itl%c9%99r-ucun-dana-%c9%99ti-il%c9%99-pastet-150-qr","status":"publish","type":"product","link":"https:\/\/www.beno.az\/ru\/checkout\/pedigree-yetkin-itl%c9%99r-ucun-dana-%c9%99ti-il%c9%99-pastet-150-qr\/","title":{"rendered":"Pedigree b\u00fct\u00fcn cins itl\u0259r \u00fc\u00e7\u00fcn konservl\u0259\u015fdirilmi\u015f yem, sousda dov\u015fan v\u0259 hindu\u015fka \u0259ti il\u0259 150 qr"},"content":{"rendered":"","protected":false},"excerpt":{"rendered":"","protected":false},"featured_media":610,"comment_status":"open","ping_status":"closed","template":"","meta":[],"pwb-brand":[137],"product_brand":[],"product_cat":[16,22],"product_tag":[202],"class_list":{"0":"post-609","1":"product","2":"type-product","3":"status-publish","4":"has-post-thumbnail","6":"pwb-brand-purina","7":"product_cat-it","8":"product_cat-nmyemlrvkonservlr-it","9":"product_tag-pedigree","11":"first","12":"instock","13":"shipping-taxable","14":"product-type-simple"},"pure_taxonomies":{"pwb-brand":[{"term_id":137,"name":"Purina","slug":"purina","term_group":0,"term_taxonomy_id":137,"taxonomy":"pwb-brand","description":"","parent":0,"count":4,"filter":"raw","image":""}],"product_cat":[{"term_id":16,"name":"\u0130TL\u018fR","slug":"it","term_group":0,"term_taxonomy_id":16,"taxonomy":"product_cat","description":"","parent":0,"count":228,"filter":"raw","image":""},{"term_id":22,"name":"N\u0259m yeml\u0259r v\u0259 konservl\u0259r","slug":"n%c9%99myeml%c9%99rv%c9%99konservl%c9%99r-it","term_group":0,"term_taxonomy_id":22,"taxonomy":"product_cat","description":"","parent":16,"count":17,"filter":"raw","image":""}],"product_tag":[{"term_id":202,"name":"pedigree","slug":"pedigree","term_group":0,"term_taxonomy_id":202,"taxonomy":"product_tag","description":"","parent":0,"count":4,"filter":"raw","image":""}]},"brands":[{"id":137,"name":"Purina","slug":"purina"}],"_links":{"self":[{"href":"https:\/\/www.beno.az\/ru\/wp-json\/wp\/v2\/product\/609","targetHints":{"allow":["GET"]}}],"collection":[{"href":"https:\/\/www.beno.az\/ru\/wp-json\/wp\/v2\/product"}],"about":[{"href":"https:\/\/www.beno.az\/ru\/wp-json\/wp\/v2\/types\/product"}],"replies":[{"embeddable":true,"href":"https:\/\/www.beno.az\/ru\/wp-json\/wp\/v2\/comments?post=609"}],"version-history":[{"count":0,"href":"https:\/\/www.beno.az\/ru\/wp-json\/wp\/v2\/product\/609\/revisions"}],"wp:featuredmedia":[{"embeddable":true,"href":"https:\/\/www.beno.az\/ru\/wp-json\/wp\/v2\/media\/610"}],"wp:attachment":[{"href":"https:\/\/www.beno.az\/ru\/wp-json\/wp\/v2\/media?parent=609"}],"wp:term":[{"taxonomy":"pwb-brand","embeddable":true,"href":"https:\/\/www.beno.az\/ru\/wp-json\/wp\/v2\/pwb-brand?post=609"},{"taxonomy":"product_brand","embeddable":true,"href":"https:\/\/www.beno.az\/ru\/wp-json\/wp\/v2\/product_brand?post=609"},{"taxonomy":"product_cat","embeddable":true,"href":"https:\/\/www.beno.az\/ru\/wp-json\/wp\/v2\/product_cat?post=609"},{"taxonomy":"product_tag","embeddable":true,"href":"https:\/\/www.beno.az\/ru\/wp-json\/wp\/v2\/product_tag?post=609"}],"curies":[{"name":"wp","href":"https:\/\/api.w.org\/{rel}","templated":true}]}}