{"id":568,"date":"2023-02-06T19:09:44","date_gmt":"2023-02-06T16:09:44","guid":{"rendered":"https:\/\/www.beno.az\/?post_type=product&#038;p=568"},"modified":"2024-03-11T16:25:44","modified_gmt":"2024-03-11T13:25:44","slug":"bayer-advocate-bit%c9%99-v%c9%99-bir%c9%99y%c9%99-qarsi-4-kiloya-q%c9%99d%c9%99r-pisikl%c9%99r-ucun","status":"publish","type":"product","link":"https:\/\/www.beno.az\/ru\/checkout\/bayer-advocate-bit%c9%99-v%c9%99-bir%c9%99y%c9%99-qarsi-4-kiloya-q%c9%99d%c9%99r-pisikl%c9%99r-ucun\/","title":{"rendered":"Bayer Advocate bit\u0259 v\u0259 bir\u0259y\u0259 qar\u015f\u0131 4 kiloya q\u0259d\u0259r pi\u015fikl\u0259r \u00fc\u00e7\u00fcn"},"content":{"rendered":"","protected":false},"excerpt":{"rendered":"","protected":false},"featured_media":569,"comment_status":"open","ping_status":"closed","template":"","meta":[],"pwb-brand":[139],"product_brand":[],"product_cat":[36,31],"product_tag":[],"class_list":{"0":"post-568","1":"product","2":"type-product","3":"status-publish","4":"has-post-thumbnail","6":"pwb-brand-bayer","7":"product_cat-baytarliq-pisik","8":"product_cat-pisik","10":"first","11":"instock","12":"shipping-taxable","13":"purchasable","14":"product-type-simple"},"pure_taxonomies":{"pwb-brand":[{"term_id":139,"name":"Bayer","slug":"bayer","term_group":0,"term_taxonomy_id":139,"taxonomy":"pwb-brand","description":"","parent":0,"count":7,"filter":"raw","image":""}],"product_cat":[{"term_id":36,"name":"Baytarl\u0131q","slug":"baytarliq-pisik","term_group":0,"term_taxonomy_id":36,"taxonomy":"product_cat","description":"","parent":31,"count":47,"filter":"raw","image":""},{"term_id":31,"name":"Pi\u015fiyimiz","slug":"pisik","term_group":0,"term_taxonomy_id":31,"taxonomy":"product_cat","description":"","parent":0,"count":275,"filter":"raw","image":""}]},"brands":[{"id":139,"name":"Bayer","slug":"bayer"}],"_links":{"self":[{"href":"https:\/\/www.beno.az\/ru\/wp-json\/wp\/v2\/product\/568","targetHints":{"allow":["GET"]}}],"collection":[{"href":"https:\/\/www.beno.az\/ru\/wp-json\/wp\/v2\/product"}],"about":[{"href":"https:\/\/www.beno.az\/ru\/wp-json\/wp\/v2\/types\/product"}],"replies":[{"embeddable":true,"href":"https:\/\/www.beno.az\/ru\/wp-json\/wp\/v2\/comments?post=568"}],"version-history":[{"count":1,"href":"https:\/\/www.beno.az\/ru\/wp-json\/wp\/v2\/product\/568\/revisions"}],"predecessor-version":[{"id":11304,"href":"https:\/\/www.beno.az\/ru\/wp-json\/wp\/v2\/product\/568\/revisions\/11304"}],"wp:featuredmedia":[{"embeddable":true,"href":"https:\/\/www.beno.az\/ru\/wp-json\/wp\/v2\/media\/569"}],"wp:attachment":[{"href":"https:\/\/www.beno.az\/ru\/wp-json\/wp\/v2\/media?parent=568"}],"wp:term":[{"taxonomy":"pwb-brand","embeddable":true,"href":"https:\/\/www.beno.az\/ru\/wp-json\/wp\/v2\/pwb-brand?post=568"},{"taxonomy":"product_brand","embeddable":true,"href":"https:\/\/www.beno.az\/ru\/wp-json\/wp\/v2\/product_brand?post=568"},{"taxonomy":"product_cat","embeddable":true,"href":"https:\/\/www.beno.az\/ru\/wp-json\/wp\/v2\/product_cat?post=568"},{"taxonomy":"product_tag","embeddable":true,"href":"https:\/\/www.beno.az\/ru\/wp-json\/wp\/v2\/product_tag?post=568"}],"curies":[{"name":"wp","href":"https:\/\/api.w.org\/{rel}","templated":true}]}}