{"id":529,"date":"2023-02-06T18:32:51","date_gmt":"2023-02-06T15:32:51","guid":{"rendered":"https:\/\/www.beno.az\/?post_type=product&#038;p=529"},"modified":"2023-02-06T18:32:51","modified_gmt":"2023-02-06T15:32:51","slug":"8in1-itl%c9%99r-ucun-proteinli-sampun-250-ml","status":"publish","type":"product","link":"https:\/\/www.beno.az\/ru\/checkout\/8in1-itl%c9%99r-ucun-proteinli-sampun-250-ml\/","title":{"rendered":"8in1 &#8211; \u0130tl\u0259r \u00fc\u00e7\u00fcn proteinli \u015fampun 250 ml"},"content":{"rendered":"","protected":false},"excerpt":{"rendered":"","protected":false},"featured_media":530,"comment_status":"open","ping_status":"closed","template":"","meta":[],"pwb-brand":[140],"product_brand":[],"product_cat":[26,16],"product_tag":[192],"class_list":{"0":"post-529","1":"product","2":"type-product","3":"status-publish","4":"has-post-thumbnail","6":"pwb-brand-8in1","7":"product_cat-giyiyena-it","8":"product_cat-it","9":"product_tag-8in1","11":"first","12":"instock","13":"shipping-taxable","14":"product-type-simple"},"pure_taxonomies":{"pwb-brand":[{"term_id":140,"name":"8in1","slug":"8in1","term_group":0,"term_taxonomy_id":140,"taxonomy":"pwb-brand","description":"","parent":0,"count":15,"filter":"raw","image":""}],"product_cat":[{"term_id":26,"name":"Gigiyena","slug":"giyiyena-it","term_group":0,"term_taxonomy_id":26,"taxonomy":"product_cat","description":"","parent":16,"count":55,"filter":"raw","image":""},{"term_id":16,"name":"\u0130TL\u018fR","slug":"it","term_group":0,"term_taxonomy_id":16,"taxonomy":"product_cat","description":"","parent":0,"count":228,"filter":"raw","image":""}],"product_tag":[{"term_id":192,"name":"8in1","slug":"8in1","term_group":0,"term_taxonomy_id":192,"taxonomy":"product_tag","description":"","parent":0,"count":6,"filter":"raw","image":""}]},"brands":[{"id":140,"name":"8in1","slug":"8in1"}],"_links":{"self":[{"href":"https:\/\/www.beno.az\/ru\/wp-json\/wp\/v2\/product\/529","targetHints":{"allow":["GET"]}}],"collection":[{"href":"https:\/\/www.beno.az\/ru\/wp-json\/wp\/v2\/product"}],"about":[{"href":"https:\/\/www.beno.az\/ru\/wp-json\/wp\/v2\/types\/product"}],"replies":[{"embeddable":true,"href":"https:\/\/www.beno.az\/ru\/wp-json\/wp\/v2\/comments?post=529"}],"version-history":[{"count":0,"href":"https:\/\/www.beno.az\/ru\/wp-json\/wp\/v2\/product\/529\/revisions"}],"wp:featuredmedia":[{"embeddable":true,"href":"https:\/\/www.beno.az\/ru\/wp-json\/wp\/v2\/media\/530"}],"wp:attachment":[{"href":"https:\/\/www.beno.az\/ru\/wp-json\/wp\/v2\/media?parent=529"}],"wp:term":[{"taxonomy":"pwb-brand","embeddable":true,"href":"https:\/\/www.beno.az\/ru\/wp-json\/wp\/v2\/pwb-brand?post=529"},{"taxonomy":"product_brand","embeddable":true,"href":"https:\/\/www.beno.az\/ru\/wp-json\/wp\/v2\/product_brand?post=529"},{"taxonomy":"product_cat","embeddable":true,"href":"https:\/\/www.beno.az\/ru\/wp-json\/wp\/v2\/product_cat?post=529"},{"taxonomy":"product_tag","embeddable":true,"href":"https:\/\/www.beno.az\/ru\/wp-json\/wp\/v2\/product_tag?post=529"}],"curies":[{"name":"wp","href":"https:\/\/api.w.org\/{rel}","templated":true}]}}