{"id":471,"date":"2023-02-02T16:14:14","date_gmt":"2023-02-02T13:14:14","guid":{"rendered":"https:\/\/www.beno.az\/?post_type=product&#038;p=471"},"modified":"2023-02-02T16:14:14","modified_gmt":"2023-02-02T13:14:14","slug":"animal-play-h%c9%99r-cinsd%c9%99n-olan-itl%c9%99r-ucun-proteinli-sampun-250ml","status":"publish","type":"product","link":"https:\/\/www.beno.az\/ru\/checkout\/animal-play-h%c9%99r-cinsd%c9%99n-olan-itl%c9%99r-ucun-proteinli-sampun-250ml\/","title":{"rendered":"Animal Play \u2013 H\u0259r cinsd\u0259n olan itl\u0259r \u00fc\u00e7\u00fcn proteinli \u015fampun, 250ml."},"content":{"rendered":"","protected":false},"excerpt":{"rendered":"","protected":false},"featured_media":472,"comment_status":"open","ping_status":"closed","template":"","meta":[],"pwb-brand":[172],"product_brand":[],"product_cat":[26,16],"product_tag":[185],"class_list":{"0":"post-471","1":"product","2":"type-product","3":"status-publish","4":"has-post-thumbnail","6":"pwb-brand-animal-play","7":"product_cat-giyiyena-it","8":"product_cat-it","9":"product_tag-sampun-it","11":"first","12":"instock","13":"shipping-taxable","14":"product-type-simple"},"pure_taxonomies":{"pwb-brand":[{"term_id":172,"name":"Animal Play","slug":"animal-play","term_group":0,"term_taxonomy_id":172,"taxonomy":"pwb-brand","description":"","parent":0,"count":7,"filter":"raw","image":""}],"product_cat":[{"term_id":26,"name":"Gigiyena","slug":"giyiyena-it","term_group":0,"term_taxonomy_id":26,"taxonomy":"product_cat","description":"","parent":16,"count":55,"filter":"raw","image":""},{"term_id":16,"name":"\u0130TL\u018fR","slug":"it","term_group":0,"term_taxonomy_id":16,"taxonomy":"product_cat","description":"","parent":0,"count":228,"filter":"raw","image":""}],"product_tag":[{"term_id":185,"name":"\u015fampun it","slug":"sampun-it","term_group":0,"term_taxonomy_id":185,"taxonomy":"product_tag","description":"","parent":0,"count":1,"filter":"raw","image":""}]},"brands":[{"id":172,"name":"Animal Play","slug":"animal-play"}],"_links":{"self":[{"href":"https:\/\/www.beno.az\/ru\/wp-json\/wp\/v2\/product\/471","targetHints":{"allow":["GET"]}}],"collection":[{"href":"https:\/\/www.beno.az\/ru\/wp-json\/wp\/v2\/product"}],"about":[{"href":"https:\/\/www.beno.az\/ru\/wp-json\/wp\/v2\/types\/product"}],"replies":[{"embeddable":true,"href":"https:\/\/www.beno.az\/ru\/wp-json\/wp\/v2\/comments?post=471"}],"version-history":[{"count":0,"href":"https:\/\/www.beno.az\/ru\/wp-json\/wp\/v2\/product\/471\/revisions"}],"wp:featuredmedia":[{"embeddable":true,"href":"https:\/\/www.beno.az\/ru\/wp-json\/wp\/v2\/media\/472"}],"wp:attachment":[{"href":"https:\/\/www.beno.az\/ru\/wp-json\/wp\/v2\/media?parent=471"}],"wp:term":[{"taxonomy":"pwb-brand","embeddable":true,"href":"https:\/\/www.beno.az\/ru\/wp-json\/wp\/v2\/pwb-brand?post=471"},{"taxonomy":"product_brand","embeddable":true,"href":"https:\/\/www.beno.az\/ru\/wp-json\/wp\/v2\/product_brand?post=471"},{"taxonomy":"product_cat","embeddable":true,"href":"https:\/\/www.beno.az\/ru\/wp-json\/wp\/v2\/product_cat?post=471"},{"taxonomy":"product_tag","embeddable":true,"href":"https:\/\/www.beno.az\/ru\/wp-json\/wp\/v2\/product_tag?post=471"}],"curies":[{"name":"wp","href":"https:\/\/api.w.org\/{rel}","templated":true}]}}