{"id":465,"date":"2023-02-02T16:09:29","date_gmt":"2023-02-02T13:09:29","guid":{"rendered":"https:\/\/www.beno.az\/?post_type=product&#038;p=465"},"modified":"2023-02-02T16:09:29","modified_gmt":"2023-02-02T13:09:29","slug":"h%c9%99r-cinsd%c9%99n-olan-itl%c9%99r-ucun-proteinli-sampun-250ml","status":"publish","type":"product","link":"https:\/\/www.beno.az\/ru\/checkout\/h%c9%99r-cinsd%c9%99n-olan-itl%c9%99r-ucun-proteinli-sampun-250ml\/","title":{"rendered":"H\u0259r cinsd\u0259n olan itl\u0259r \u00fc\u00e7\u00fcn proteinli \u015fampun, 250ml"},"content":{"rendered":"","protected":false},"excerpt":{"rendered":"","protected":false},"featured_media":466,"comment_status":"open","ping_status":"closed","template":"","meta":[],"pwb-brand":[172],"product_brand":[],"product_cat":[26,39,16,31],"product_tag":[183],"class_list":{"0":"post-465","1":"product","2":"type-product","3":"status-publish","4":"has-post-thumbnail","6":"pwb-brand-animal-play","7":"product_cat-giyiyena-it","8":"product_cat-gigiyena-pisik","9":"product_cat-it","10":"product_cat-pisik","11":"product_tag-sampun","13":"first","14":"instock","15":"shipping-taxable","16":"product-type-simple"},"pure_taxonomies":{"pwb-brand":[{"term_id":172,"name":"Animal Play","slug":"animal-play","term_group":0,"term_taxonomy_id":172,"taxonomy":"pwb-brand","description":"","parent":0,"count":7,"filter":"raw","image":""}],"product_cat":[{"term_id":26,"name":"Gigiyena","slug":"giyiyena-it","term_group":0,"term_taxonomy_id":26,"taxonomy":"product_cat","description":"","parent":16,"count":55,"filter":"raw","image":""},{"term_id":39,"name":"Gigiyena","slug":"gigiyena-pisik","term_group":0,"term_taxonomy_id":39,"taxonomy":"product_cat","description":"","parent":31,"count":37,"filter":"raw","image":""},{"term_id":16,"name":"\u0130TL\u018fR","slug":"it","term_group":0,"term_taxonomy_id":16,"taxonomy":"product_cat","description":"","parent":0,"count":228,"filter":"raw","image":""},{"term_id":31,"name":"Pi\u015fiyimiz","slug":"pisik","term_group":0,"term_taxonomy_id":31,"taxonomy":"product_cat","description":"","parent":0,"count":275,"filter":"raw","image":""}],"product_tag":[{"term_id":183,"name":"sampun","slug":"sampun","term_group":0,"term_taxonomy_id":183,"taxonomy":"product_tag","description":"","parent":0,"count":6,"filter":"raw","image":""}]},"brands":[{"id":172,"name":"Animal Play","slug":"animal-play"}],"_links":{"self":[{"href":"https:\/\/www.beno.az\/ru\/wp-json\/wp\/v2\/product\/465","targetHints":{"allow":["GET"]}}],"collection":[{"href":"https:\/\/www.beno.az\/ru\/wp-json\/wp\/v2\/product"}],"about":[{"href":"https:\/\/www.beno.az\/ru\/wp-json\/wp\/v2\/types\/product"}],"replies":[{"embeddable":true,"href":"https:\/\/www.beno.az\/ru\/wp-json\/wp\/v2\/comments?post=465"}],"version-history":[{"count":0,"href":"https:\/\/www.beno.az\/ru\/wp-json\/wp\/v2\/product\/465\/revisions"}],"wp:featuredmedia":[{"embeddable":true,"href":"https:\/\/www.beno.az\/ru\/wp-json\/wp\/v2\/media\/466"}],"wp:attachment":[{"href":"https:\/\/www.beno.az\/ru\/wp-json\/wp\/v2\/media?parent=465"}],"wp:term":[{"taxonomy":"pwb-brand","embeddable":true,"href":"https:\/\/www.beno.az\/ru\/wp-json\/wp\/v2\/pwb-brand?post=465"},{"taxonomy":"product_brand","embeddable":true,"href":"https:\/\/www.beno.az\/ru\/wp-json\/wp\/v2\/product_brand?post=465"},{"taxonomy":"product_cat","embeddable":true,"href":"https:\/\/www.beno.az\/ru\/wp-json\/wp\/v2\/product_cat?post=465"},{"taxonomy":"product_tag","embeddable":true,"href":"https:\/\/www.beno.az\/ru\/wp-json\/wp\/v2\/product_tag?post=465"}],"curies":[{"name":"wp","href":"https:\/\/api.w.org\/{rel}","templated":true}]}}