{"id":445,"date":"2023-02-02T15:54:09","date_gmt":"2023-02-02T12:54:09","guid":{"rendered":"https:\/\/www.beno.az\/?post_type=product&#038;p=445"},"modified":"2023-02-02T15:54:09","modified_gmt":"2023-02-02T12:54:09","slug":"dana-ultra-itl%c9%99r-ucun-bit%c9%99-bir%c9%99y%c9%99-qarsi-sprey-100ml","status":"publish","type":"product","link":"https:\/\/www.beno.az\/ru\/checkout\/dana-ultra-itl%c9%99r-ucun-bit%c9%99-bir%c9%99y%c9%99-qarsi-sprey-100ml\/","title":{"rendered":"Dana Ultra itl\u0259r \u00fc\u00e7\u00fcn bit\u0259 bir\u0259y\u0259 qar\u015f\u0131 sprey, 100ml."},"content":{"rendered":"","protected":false},"excerpt":{"rendered":"","protected":false},"featured_media":446,"comment_status":"open","ping_status":"closed","template":"","meta":[],"pwb-brand":[141],"product_brand":[],"product_cat":[19,16],"product_tag":[174],"class_list":{"0":"post-445","1":"product","2":"type-product","3":"status-publish","4":"has-post-thumbnail","6":"pwb-brand-brend-beno","7":"product_cat-baytarliq-it","8":"product_cat-it","9":"product_tag-sprey","11":"first","12":"instock","13":"shipping-taxable","14":"product-type-simple"},"brands":[{"id":141,"name":"Beno","slug":"brend-beno"}],"_links":{"self":[{"href":"https:\/\/www.beno.az\/ru\/wp-json\/wp\/v2\/product\/445","targetHints":{"allow":["GET"]}}],"collection":[{"href":"https:\/\/www.beno.az\/ru\/wp-json\/wp\/v2\/product"}],"about":[{"href":"https:\/\/www.beno.az\/ru\/wp-json\/wp\/v2\/types\/product"}],"replies":[{"embeddable":true,"href":"https:\/\/www.beno.az\/ru\/wp-json\/wp\/v2\/comments?post=445"}],"version-history":[{"count":0,"href":"https:\/\/www.beno.az\/ru\/wp-json\/wp\/v2\/product\/445\/revisions"}],"wp:featuredmedia":[{"embeddable":true,"href":"https:\/\/www.beno.az\/ru\/wp-json\/wp\/v2\/media\/446"}],"wp:attachment":[{"href":"https:\/\/www.beno.az\/ru\/wp-json\/wp\/v2\/media?parent=445"}],"wp:term":[{"taxonomy":"pwb-brand","embeddable":true,"href":"https:\/\/www.beno.az\/ru\/wp-json\/wp\/v2\/pwb-brand?post=445"},{"taxonomy":"product_brand","embeddable":true,"href":"https:\/\/www.beno.az\/ru\/wp-json\/wp\/v2\/product_brand?post=445"},{"taxonomy":"product_cat","embeddable":true,"href":"https:\/\/www.beno.az\/ru\/wp-json\/wp\/v2\/product_cat?post=445"},{"taxonomy":"product_tag","embeddable":true,"href":"https:\/\/www.beno.az\/ru\/wp-json\/wp\/v2\/product_tag?post=445"}],"curies":[{"name":"wp","href":"https:\/\/api.w.org\/{rel}","templated":true}]}}