{"id":442,"date":"2023-02-02T15:51:14","date_gmt":"2023-02-02T12:51:14","guid":{"rendered":"https:\/\/www.beno.az\/?post_type=product&#038;p=442"},"modified":"2024-04-14T00:10:53","modified_gmt":"2024-04-13T21:10:53","slug":"h%c9%99kimzoo-pisik-v%c9%99-pisik-balasi-ucun-stres-%c9%99leyhin%c9%99-sprey-150-ml","status":"publish","type":"product","link":"https:\/\/www.beno.az\/ru\/checkout\/h%c9%99kimzoo-pisik-v%c9%99-pisik-balasi-ucun-stres-%c9%99leyhin%c9%99-sprey-150-ml\/","title":{"rendered":"H\u0259kimZoo pi\u015fik v\u0259 pi\u015fik balas\u0131 \u00fc\u00e7\u00fcn stres \u0259leyhin\u0259 sprey, 150 ml"},"content":{"rendered":"","protected":false},"excerpt":{"rendered":"","protected":false},"featured_media":443,"comment_status":"open","ping_status":"closed","template":"","meta":[],"pwb-brand":[178],"product_brand":[],"product_cat":[36,31],"product_tag":[179],"class_list":{"0":"post-442","1":"product","2":"type-product","3":"status-publish","4":"has-post-thumbnail","6":"pwb-brand-hekim-zoo","7":"product_cat-baytarliq-pisik","8":"product_cat-pisik","9":"product_tag-strese-leyhin-sprey","11":"first","12":"outofstock","13":"shipping-taxable","14":"purchasable","15":"product-type-simple"},"pure_taxonomies":{"pwb-brand":[{"term_id":178,"name":"Hekim Zoo","slug":"hekim-zoo","term_group":0,"term_taxonomy_id":178,"taxonomy":"pwb-brand","description":"","parent":0,"count":1,"filter":"raw","image":""}],"product_cat":[{"term_id":36,"name":"Baytarl\u0131q","slug":"baytarliq-pisik","term_group":0,"term_taxonomy_id":36,"taxonomy":"product_cat","description":"","parent":31,"count":47,"filter":"raw","image":""},{"term_id":31,"name":"Pi\u015fiyimiz","slug":"pisik","term_group":0,"term_taxonomy_id":31,"taxonomy":"product_cat","description":"","parent":0,"count":275,"filter":"raw","image":""}],"product_tag":[{"term_id":179,"name":"strese \u0259leyhin\u0259 sprey","slug":"strese-%c9%99leyhin%c9%99-sprey","term_group":0,"term_taxonomy_id":179,"taxonomy":"product_tag","description":"","parent":0,"count":1,"filter":"raw","image":""}]},"brands":[{"id":178,"name":"Hekim Zoo","slug":"hekim-zoo"}],"_links":{"self":[{"href":"https:\/\/www.beno.az\/ru\/wp-json\/wp\/v2\/product\/442","targetHints":{"allow":["GET"]}}],"collection":[{"href":"https:\/\/www.beno.az\/ru\/wp-json\/wp\/v2\/product"}],"about":[{"href":"https:\/\/www.beno.az\/ru\/wp-json\/wp\/v2\/types\/product"}],"replies":[{"embeddable":true,"href":"https:\/\/www.beno.az\/ru\/wp-json\/wp\/v2\/comments?post=442"}],"version-history":[{"count":1,"href":"https:\/\/www.beno.az\/ru\/wp-json\/wp\/v2\/product\/442\/revisions"}],"predecessor-version":[{"id":11354,"href":"https:\/\/www.beno.az\/ru\/wp-json\/wp\/v2\/product\/442\/revisions\/11354"}],"wp:featuredmedia":[{"embeddable":true,"href":"https:\/\/www.beno.az\/ru\/wp-json\/wp\/v2\/media\/443"}],"wp:attachment":[{"href":"https:\/\/www.beno.az\/ru\/wp-json\/wp\/v2\/media?parent=442"}],"wp:term":[{"taxonomy":"pwb-brand","embeddable":true,"href":"https:\/\/www.beno.az\/ru\/wp-json\/wp\/v2\/pwb-brand?post=442"},{"taxonomy":"product_brand","embeddable":true,"href":"https:\/\/www.beno.az\/ru\/wp-json\/wp\/v2\/product_brand?post=442"},{"taxonomy":"product_cat","embeddable":true,"href":"https:\/\/www.beno.az\/ru\/wp-json\/wp\/v2\/product_cat?post=442"},{"taxonomy":"product_tag","embeddable":true,"href":"https:\/\/www.beno.az\/ru\/wp-json\/wp\/v2\/product_tag?post=442"}],"curies":[{"name":"wp","href":"https:\/\/api.w.org\/{rel}","templated":true}]}}