{"id":439,"date":"2023-02-02T15:48:34","date_gmt":"2023-02-02T12:48:34","guid":{"rendered":"https:\/\/www.beno.az\/?post_type=product&#038;p=439"},"modified":"2023-02-02T15:48:34","modified_gmt":"2023-02-02T12:48:34","slug":"cliny-kop%c9%99kl%c9%99r-v%c9%99-pisikl%c9%99r-ucun-qulaq-t%c9%99mizl%c9%99yici-losyon-50-ml","status":"publish","type":"product","link":"https:\/\/www.beno.az\/ru\/checkout\/cliny-kop%c9%99kl%c9%99r-v%c9%99-pisikl%c9%99r-ucun-qulaq-t%c9%99mizl%c9%99yici-losyon-50-ml\/","title":{"rendered":"Cliny k\u00f6p\u0259kl\u0259r v\u0259 pi\u015fikl\u0259r \u00fc\u00e7\u00fcn qulaq t\u0259mizl\u0259yici losyon, 50 ml."},"content":{"rendered":"","protected":false},"excerpt":{"rendered":"","protected":false},"featured_media":440,"comment_status":"open","ping_status":"closed","template":"","meta":[],"pwb-brand":[175],"product_brand":[],"product_cat":[19,36,16,31],"product_tag":[176,177],"class_list":{"0":"post-439","1":"product","2":"type-product","3":"status-publish","4":"has-post-thumbnail","6":"pwb-brand-neoterica","7":"product_cat-baytarliq-it","8":"product_cat-baytarliq-pisik","9":"product_cat-it","10":"product_cat-pisik","11":"product_tag-cliny","12":"product_tag-losyon","14":"first","15":"instock","16":"shipping-taxable","17":"product-type-simple"},"pure_taxonomies":{"pwb-brand":[{"term_id":175,"name":"Neoterica","slug":"neoterica","term_group":0,"term_taxonomy_id":175,"taxonomy":"pwb-brand","description":"","parent":0,"count":3,"filter":"raw","image":""}],"product_cat":[{"term_id":19,"name":"Baytarl\u0131q","slug":"baytarliq-it","term_group":0,"term_taxonomy_id":19,"taxonomy":"product_cat","description":"","parent":16,"count":59,"filter":"raw","image":""},{"term_id":36,"name":"Baytarl\u0131q","slug":"baytarliq-pisik","term_group":0,"term_taxonomy_id":36,"taxonomy":"product_cat","description":"","parent":31,"count":47,"filter":"raw","image":""},{"term_id":16,"name":"\u0130TL\u018fR","slug":"it","term_group":0,"term_taxonomy_id":16,"taxonomy":"product_cat","description":"","parent":0,"count":228,"filter":"raw","image":""},{"term_id":31,"name":"Pi\u015fiyimiz","slug":"pisik","term_group":0,"term_taxonomy_id":31,"taxonomy":"product_cat","description":"","parent":0,"count":275,"filter":"raw","image":""}],"product_tag":[{"term_id":176,"name":"cliny","slug":"cliny","term_group":0,"term_taxonomy_id":176,"taxonomy":"product_tag","description":"","parent":0,"count":1,"filter":"raw","image":""},{"term_id":177,"name":"losyon","slug":"losyon","term_group":0,"term_taxonomy_id":177,"taxonomy":"product_tag","description":"","parent":0,"count":1,"filter":"raw","image":""}]},"brands":[{"id":175,"name":"Neoterica","slug":"neoterica"}],"_links":{"self":[{"href":"https:\/\/www.beno.az\/ru\/wp-json\/wp\/v2\/product\/439","targetHints":{"allow":["GET"]}}],"collection":[{"href":"https:\/\/www.beno.az\/ru\/wp-json\/wp\/v2\/product"}],"about":[{"href":"https:\/\/www.beno.az\/ru\/wp-json\/wp\/v2\/types\/product"}],"replies":[{"embeddable":true,"href":"https:\/\/www.beno.az\/ru\/wp-json\/wp\/v2\/comments?post=439"}],"version-history":[{"count":0,"href":"https:\/\/www.beno.az\/ru\/wp-json\/wp\/v2\/product\/439\/revisions"}],"wp:featuredmedia":[{"embeddable":true,"href":"https:\/\/www.beno.az\/ru\/wp-json\/wp\/v2\/media\/440"}],"wp:attachment":[{"href":"https:\/\/www.beno.az\/ru\/wp-json\/wp\/v2\/media?parent=439"}],"wp:term":[{"taxonomy":"pwb-brand","embeddable":true,"href":"https:\/\/www.beno.az\/ru\/wp-json\/wp\/v2\/pwb-brand?post=439"},{"taxonomy":"product_brand","embeddable":true,"href":"https:\/\/www.beno.az\/ru\/wp-json\/wp\/v2\/product_brand?post=439"},{"taxonomy":"product_cat","embeddable":true,"href":"https:\/\/www.beno.az\/ru\/wp-json\/wp\/v2\/product_cat?post=439"},{"taxonomy":"product_tag","embeddable":true,"href":"https:\/\/www.beno.az\/ru\/wp-json\/wp\/v2\/product_tag?post=439"}],"curies":[{"name":"wp","href":"https:\/\/api.w.org\/{rel}","templated":true}]}}