{"id":436,"date":"2023-02-02T15:46:36","date_gmt":"2023-02-02T12:46:36","guid":{"rendered":"https:\/\/www.beno.az\/?post_type=product&#038;p=436"},"modified":"2023-02-02T15:46:37","modified_gmt":"2023-02-02T12:46:37","slug":"animal-play-boyuk-v%c9%99-bala-v%c9%99-itl%c9%99r-ucun-g%c9%99n%c9%99l%c9%99r%c9%99-qarsi-sprey-200ml","status":"publish","type":"product","link":"https:\/\/www.beno.az\/ru\/checkout\/animal-play-boyuk-v%c9%99-bala-v%c9%99-itl%c9%99r-ucun-g%c9%99n%c9%99l%c9%99r%c9%99-qarsi-sprey-200ml\/","title":{"rendered":"Animal Play b\u00f6y\u00fck v\u0259 bala v\u0259 itl\u0259r \u00fc\u00e7\u00fcn g\u0259n\u0259l\u0259r\u0259 qar\u015f\u0131 sprey, 200ml."},"content":{"rendered":"","protected":false},"excerpt":{"rendered":"","protected":false},"featured_media":437,"comment_status":"open","ping_status":"closed","template":"","meta":[],"pwb-brand":[172],"product_brand":[],"product_cat":[36,19,16,31],"product_tag":[173,174],"class_list":{"0":"post-436","1":"product","2":"type-product","3":"status-publish","4":"has-post-thumbnail","6":"pwb-brand-animal-play","7":"product_cat-baytarliq-pisik","8":"product_cat-baytarliq-it","9":"product_cat-it","10":"product_cat-pisik","11":"product_tag-animal-play","12":"product_tag-sprey","14":"first","15":"instock","16":"shipping-taxable","17":"product-type-simple"},"pure_taxonomies":{"pwb-brand":[{"term_id":172,"name":"Animal Play","slug":"animal-play","term_group":0,"term_taxonomy_id":172,"taxonomy":"pwb-brand","description":"","parent":0,"count":7,"filter":"raw","image":""}],"product_cat":[{"term_id":36,"name":"Baytarl\u0131q","slug":"baytarliq-pisik","term_group":0,"term_taxonomy_id":36,"taxonomy":"product_cat","description":"","parent":31,"count":47,"filter":"raw","image":""},{"term_id":19,"name":"Baytarl\u0131q","slug":"baytarliq-it","term_group":0,"term_taxonomy_id":19,"taxonomy":"product_cat","description":"","parent":16,"count":59,"filter":"raw","image":""},{"term_id":16,"name":"\u0130TL\u018fR","slug":"it","term_group":0,"term_taxonomy_id":16,"taxonomy":"product_cat","description":"","parent":0,"count":228,"filter":"raw","image":""},{"term_id":31,"name":"Pi\u015fiyimiz","slug":"pisik","term_group":0,"term_taxonomy_id":31,"taxonomy":"product_cat","description":"","parent":0,"count":275,"filter":"raw","image":""}],"product_tag":[{"term_id":173,"name":"animal play","slug":"animal-play","term_group":0,"term_taxonomy_id":173,"taxonomy":"product_tag","description":"","parent":0,"count":1,"filter":"raw","image":""},{"term_id":174,"name":"sprey","slug":"sprey","term_group":0,"term_taxonomy_id":174,"taxonomy":"product_tag","description":"","parent":0,"count":2,"filter":"raw","image":""}]},"brands":[{"id":172,"name":"Animal Play","slug":"animal-play"}],"_links":{"self":[{"href":"https:\/\/www.beno.az\/ru\/wp-json\/wp\/v2\/product\/436","targetHints":{"allow":["GET"]}}],"collection":[{"href":"https:\/\/www.beno.az\/ru\/wp-json\/wp\/v2\/product"}],"about":[{"href":"https:\/\/www.beno.az\/ru\/wp-json\/wp\/v2\/types\/product"}],"replies":[{"embeddable":true,"href":"https:\/\/www.beno.az\/ru\/wp-json\/wp\/v2\/comments?post=436"}],"version-history":[{"count":0,"href":"https:\/\/www.beno.az\/ru\/wp-json\/wp\/v2\/product\/436\/revisions"}],"wp:featuredmedia":[{"embeddable":true,"href":"https:\/\/www.beno.az\/ru\/wp-json\/wp\/v2\/media\/437"}],"wp:attachment":[{"href":"https:\/\/www.beno.az\/ru\/wp-json\/wp\/v2\/media?parent=436"}],"wp:term":[{"taxonomy":"pwb-brand","embeddable":true,"href":"https:\/\/www.beno.az\/ru\/wp-json\/wp\/v2\/pwb-brand?post=436"},{"taxonomy":"product_brand","embeddable":true,"href":"https:\/\/www.beno.az\/ru\/wp-json\/wp\/v2\/product_brand?post=436"},{"taxonomy":"product_cat","embeddable":true,"href":"https:\/\/www.beno.az\/ru\/wp-json\/wp\/v2\/product_cat?post=436"},{"taxonomy":"product_tag","embeddable":true,"href":"https:\/\/www.beno.az\/ru\/wp-json\/wp\/v2\/product_tag?post=436"}],"curies":[{"name":"wp","href":"https:\/\/api.w.org\/{rel}","templated":true}]}}