{"id":430,"date":"2023-02-02T15:42:40","date_gmt":"2023-02-02T12:42:40","guid":{"rendered":"https:\/\/www.beno.az\/?post_type=product&#038;p=430"},"modified":"2023-02-02T15:42:40","modified_gmt":"2023-02-02T12:42:40","slug":"levomikan-antibakterial-qulaq-ucun-it-v%c9%99-pisikl%c9%99r%c9%99-0-5-10ml","status":"publish","type":"product","link":"https:\/\/www.beno.az\/ru\/checkout\/levomikan-antibakterial-qulaq-ucun-it-v%c9%99-pisikl%c9%99r%c9%99-0-5-10ml\/","title":{"rendered":"Levomikan antibakterial qulaq \u00fc\u00e7\u00fcn it v\u0259 pi\u015fikl\u0259r\u0259 0.5%, 10ml"},"content":{"rendered":"","protected":false},"excerpt":{"rendered":"","protected":false},"featured_media":431,"comment_status":"open","ping_status":"closed","template":"","meta":[],"pwb-brand":[141],"product_brand":[],"product_cat":[36,19,16,31],"product_tag":[170],"class_list":{"0":"post-430","1":"product","2":"type-product","3":"status-publish","4":"has-post-thumbnail","6":"pwb-brand-brend-beno","7":"product_cat-baytarliq-pisik","8":"product_cat-baytarliq-it","9":"product_cat-it","10":"product_cat-pisik","11":"product_tag-levomikan","13":"first","14":"instock","15":"shipping-taxable","16":"product-type-simple"},"pure_taxonomies":{"pwb-brand":[{"term_id":141,"name":"Beno","slug":"brend-beno","term_group":0,"term_taxonomy_id":141,"taxonomy":"pwb-brand","description":"","parent":0,"count":46,"filter":"raw","image":""}],"product_cat":[{"term_id":36,"name":"Baytarl\u0131q","slug":"baytarliq-pisik","term_group":0,"term_taxonomy_id":36,"taxonomy":"product_cat","description":"","parent":31,"count":47,"filter":"raw","image":""},{"term_id":19,"name":"Baytarl\u0131q","slug":"baytarliq-it","term_group":0,"term_taxonomy_id":19,"taxonomy":"product_cat","description":"","parent":16,"count":59,"filter":"raw","image":""},{"term_id":16,"name":"\u0130TL\u018fR","slug":"it","term_group":0,"term_taxonomy_id":16,"taxonomy":"product_cat","description":"","parent":0,"count":228,"filter":"raw","image":""},{"term_id":31,"name":"Pi\u015fiyimiz","slug":"pisik","term_group":0,"term_taxonomy_id":31,"taxonomy":"product_cat","description":"","parent":0,"count":275,"filter":"raw","image":""}],"product_tag":[{"term_id":170,"name":"levomikan","slug":"levomikan","term_group":0,"term_taxonomy_id":170,"taxonomy":"product_tag","description":"","parent":0,"count":2,"filter":"raw","image":""}]},"brands":[{"id":141,"name":"Beno","slug":"brend-beno"}],"_links":{"self":[{"href":"https:\/\/www.beno.az\/ru\/wp-json\/wp\/v2\/product\/430","targetHints":{"allow":["GET"]}}],"collection":[{"href":"https:\/\/www.beno.az\/ru\/wp-json\/wp\/v2\/product"}],"about":[{"href":"https:\/\/www.beno.az\/ru\/wp-json\/wp\/v2\/types\/product"}],"replies":[{"embeddable":true,"href":"https:\/\/www.beno.az\/ru\/wp-json\/wp\/v2\/comments?post=430"}],"version-history":[{"count":0,"href":"https:\/\/www.beno.az\/ru\/wp-json\/wp\/v2\/product\/430\/revisions"}],"wp:featuredmedia":[{"embeddable":true,"href":"https:\/\/www.beno.az\/ru\/wp-json\/wp\/v2\/media\/431"}],"wp:attachment":[{"href":"https:\/\/www.beno.az\/ru\/wp-json\/wp\/v2\/media?parent=430"}],"wp:term":[{"taxonomy":"pwb-brand","embeddable":true,"href":"https:\/\/www.beno.az\/ru\/wp-json\/wp\/v2\/pwb-brand?post=430"},{"taxonomy":"product_brand","embeddable":true,"href":"https:\/\/www.beno.az\/ru\/wp-json\/wp\/v2\/product_brand?post=430"},{"taxonomy":"product_cat","embeddable":true,"href":"https:\/\/www.beno.az\/ru\/wp-json\/wp\/v2\/product_cat?post=430"},{"taxonomy":"product_tag","embeddable":true,"href":"https:\/\/www.beno.az\/ru\/wp-json\/wp\/v2\/product_tag?post=430"}],"curies":[{"name":"wp","href":"https:\/\/api.w.org\/{rel}","templated":true}]}}