{"id":405,"date":"2023-02-02T14:55:18","date_gmt":"2023-02-02T11:55:18","guid":{"rendered":"https:\/\/www.beno.az\/?post_type=product&#038;p=405"},"modified":"2024-05-16T13:35:17","modified_gmt":"2024-05-16T10:35:17","slug":"dekorativ-baliqlar-ucun-xarici-istifad%c9%99-ucun-antipar-m%c9%99hlulu-20ml","status":"publish","type":"product","link":"https:\/\/www.beno.az\/ru\/checkout\/dekorativ-baliqlar-ucun-xarici-istifad%c9%99-ucun-antipar-m%c9%99hlulu-20ml\/","title":{"rendered":"Dekorativ bal\u0131qlar \u00fc\u00e7\u00fcn xarici istifad\u0259 \u00fc\u00e7\u00fcn antipar m\u0259hlulu, 20ml."},"content":{"rendered":"","protected":false},"excerpt":{"rendered":"","protected":false},"featured_media":406,"comment_status":"open","ping_status":"closed","template":"","meta":[],"pwb-brand":[133],"product_brand":[],"product_cat":[60,64],"product_tag":[161,162],"class_list":{"0":"post-405","1":"product","2":"type-product","3":"status-publish","4":"has-post-thumbnail","6":"pwb-brand-brend-abz","7":"product_cat-baliq","8":"product_cat-tibb-baliq","9":"product_tag-antipar","10":"product_tag-baliq-baytarliq","12":"first","13":"instock","14":"shipping-taxable","15":"purchasable","16":"product-type-simple"},"pure_taxonomies":{"pwb-brand":[{"term_id":133,"name":"ABZ","slug":"brend-abz","term_group":0,"term_taxonomy_id":133,"taxonomy":"pwb-brand","description":"","parent":0,"count":6,"filter":"raw","image":""}],"product_cat":[{"term_id":60,"name":"BALIQLAR","slug":"baliq","term_group":0,"term_taxonomy_id":60,"taxonomy":"product_cat","description":"","parent":0,"count":1,"filter":"raw","image":""},{"term_id":64,"name":"Tibb preparatlar","slug":"tibb-baliq","term_group":0,"term_taxonomy_id":64,"taxonomy":"product_cat","description":"","parent":60,"count":1,"filter":"raw","image":""}],"product_tag":[{"term_id":161,"name":"antipar","slug":"antipar","term_group":0,"term_taxonomy_id":161,"taxonomy":"product_tag","description":"","parent":0,"count":1,"filter":"raw","image":""},{"term_id":162,"name":"bal\u0131q baytarl\u0131q","slug":"baliq-baytarliq","term_group":0,"term_taxonomy_id":162,"taxonomy":"product_tag","description":"","parent":0,"count":1,"filter":"raw","image":""}]},"brands":[{"id":133,"name":"ABZ","slug":"brend-abz"}],"_links":{"self":[{"href":"https:\/\/www.beno.az\/ru\/wp-json\/wp\/v2\/product\/405","targetHints":{"allow":["GET"]}}],"collection":[{"href":"https:\/\/www.beno.az\/ru\/wp-json\/wp\/v2\/product"}],"about":[{"href":"https:\/\/www.beno.az\/ru\/wp-json\/wp\/v2\/types\/product"}],"replies":[{"embeddable":true,"href":"https:\/\/www.beno.az\/ru\/wp-json\/wp\/v2\/comments?post=405"}],"version-history":[{"count":1,"href":"https:\/\/www.beno.az\/ru\/wp-json\/wp\/v2\/product\/405\/revisions"}],"predecessor-version":[{"id":11367,"href":"https:\/\/www.beno.az\/ru\/wp-json\/wp\/v2\/product\/405\/revisions\/11367"}],"wp:featuredmedia":[{"embeddable":true,"href":"https:\/\/www.beno.az\/ru\/wp-json\/wp\/v2\/media\/406"}],"wp:attachment":[{"href":"https:\/\/www.beno.az\/ru\/wp-json\/wp\/v2\/media?parent=405"}],"wp:term":[{"taxonomy":"pwb-brand","embeddable":true,"href":"https:\/\/www.beno.az\/ru\/wp-json\/wp\/v2\/pwb-brand?post=405"},{"taxonomy":"product_brand","embeddable":true,"href":"https:\/\/www.beno.az\/ru\/wp-json\/wp\/v2\/product_brand?post=405"},{"taxonomy":"product_cat","embeddable":true,"href":"https:\/\/www.beno.az\/ru\/wp-json\/wp\/v2\/product_cat?post=405"},{"taxonomy":"product_tag","embeddable":true,"href":"https:\/\/www.beno.az\/ru\/wp-json\/wp\/v2\/product_tag?post=405"}],"curies":[{"name":"wp","href":"https:\/\/api.w.org\/{rel}","templated":true}]}}