{"id":388,"date":"2023-02-02T14:34:24","date_gmt":"2023-02-02T11:34:24","guid":{"rendered":"https:\/\/www.beno.az\/?post_type=product&#038;p=388"},"modified":"2023-02-02T14:34:24","modified_gmt":"2023-02-02T11:34:24","slug":"apicenna-prazisid-suspansiyonu-kicik-cins-kop%c9%99k-balalari-ucun-6ml","status":"publish","type":"product","link":"https:\/\/www.beno.az\/ru\/checkout\/apicenna-prazisid-suspansiyonu-kicik-cins-kop%c9%99k-balalari-ucun-6ml\/","title":{"rendered":"Apicenna Prazisid s\u00fcspansiyonu, ki\u00e7ik cins k\u00f6p\u0259k balalar\u0131 \u00fc\u00e7\u00fcn, 6ml."},"content":{"rendered":"","protected":false},"excerpt":{"rendered":"","protected":false},"featured_media":389,"comment_status":"open","ping_status":"closed","template":"","meta":[],"pwb-brand":[155],"product_brand":[],"product_cat":[19,16],"product_tag":[156],"class_list":{"0":"post-388","1":"product","2":"type-product","3":"status-publish","4":"has-post-thumbnail","6":"pwb-brand-apicenna","7":"product_cat-baytarliq-it","8":"product_cat-it","9":"product_tag-apicenna","11":"first","12":"instock","13":"shipping-taxable","14":"product-type-simple"},"pure_taxonomies":{"pwb-brand":[{"term_id":155,"name":"Apicenna","slug":"apicenna","term_group":0,"term_taxonomy_id":155,"taxonomy":"pwb-brand","description":"","parent":0,"count":5,"filter":"raw","image":""}],"product_cat":[{"term_id":19,"name":"Baytarl\u0131q","slug":"baytarliq-it","term_group":0,"term_taxonomy_id":19,"taxonomy":"product_cat","description":"","parent":16,"count":59,"filter":"raw","image":""},{"term_id":16,"name":"\u0130TL\u018fR","slug":"it","term_group":0,"term_taxonomy_id":16,"taxonomy":"product_cat","description":"","parent":0,"count":228,"filter":"raw","image":""}],"product_tag":[{"term_id":156,"name":"apicenna","slug":"apicenna","term_group":0,"term_taxonomy_id":156,"taxonomy":"product_tag","description":"","parent":0,"count":4,"filter":"raw","image":""}]},"brands":[{"id":155,"name":"Apicenna","slug":"apicenna"}],"_links":{"self":[{"href":"https:\/\/www.beno.az\/ru\/wp-json\/wp\/v2\/product\/388","targetHints":{"allow":["GET"]}}],"collection":[{"href":"https:\/\/www.beno.az\/ru\/wp-json\/wp\/v2\/product"}],"about":[{"href":"https:\/\/www.beno.az\/ru\/wp-json\/wp\/v2\/types\/product"}],"replies":[{"embeddable":true,"href":"https:\/\/www.beno.az\/ru\/wp-json\/wp\/v2\/comments?post=388"}],"version-history":[{"count":0,"href":"https:\/\/www.beno.az\/ru\/wp-json\/wp\/v2\/product\/388\/revisions"}],"wp:featuredmedia":[{"embeddable":true,"href":"https:\/\/www.beno.az\/ru\/wp-json\/wp\/v2\/media\/389"}],"wp:attachment":[{"href":"https:\/\/www.beno.az\/ru\/wp-json\/wp\/v2\/media?parent=388"}],"wp:term":[{"taxonomy":"pwb-brand","embeddable":true,"href":"https:\/\/www.beno.az\/ru\/wp-json\/wp\/v2\/pwb-brand?post=388"},{"taxonomy":"product_brand","embeddable":true,"href":"https:\/\/www.beno.az\/ru\/wp-json\/wp\/v2\/product_brand?post=388"},{"taxonomy":"product_cat","embeddable":true,"href":"https:\/\/www.beno.az\/ru\/wp-json\/wp\/v2\/product_cat?post=388"},{"taxonomy":"product_tag","embeddable":true,"href":"https:\/\/www.beno.az\/ru\/wp-json\/wp\/v2\/product_tag?post=388"}],"curies":[{"name":"wp","href":"https:\/\/api.w.org\/{rel}","templated":true}]}}