{"id":366,"date":"2023-02-02T14:09:31","date_gmt":"2023-02-02T11:09:31","guid":{"rendered":"https:\/\/www.beno.az\/?post_type=product&#038;p=366"},"modified":"2023-02-02T14:09:46","modified_gmt":"2023-02-02T11:09:46","slug":"lapki-lab-uzun-tuklu-kop%c9%99kl%c9%99r-ucun-sampun-%d0%bf%d0%b5%d1%80%d0%b5%d0%b9%d1%82%d0%b8","status":"publish","type":"product","link":"https:\/\/www.beno.az\/ru\/checkout\/lapki-lab-uzun-tuklu-kop%c9%99kl%c9%99r-ucun-sampun-%d0%bf%d0%b5%d1%80%d0%b5%d0%b9%d1%82%d0%b8\/","title":{"rendered":"Lapki Lab uzun t\u00fckl\u00fc k\u00f6p\u0259kl\u0259r \u00fc\u00e7\u00fcn \u015fampun"},"content":{"rendered":"","protected":false},"excerpt":{"rendered":"","protected":false},"featured_media":367,"comment_status":"open","ping_status":"closed","template":"","meta":[],"pwb-brand":[148],"product_brand":[],"product_cat":[26,16],"product_tag":[149],"class_list":{"0":"post-366","1":"product","2":"type-product","3":"status-publish","4":"has-post-thumbnail","6":"pwb-brand-lapki-lab","7":"product_cat-giyiyena-it","8":"product_cat-it","9":"product_tag-lapki-lab","11":"first","12":"instock","13":"shipping-taxable","14":"product-type-simple"},"pure_taxonomies":{"pwb-brand":[{"term_id":148,"name":"Lapki Lab","slug":"lapki-lab","term_group":0,"term_taxonomy_id":148,"taxonomy":"pwb-brand","description":"","parent":0,"count":1,"filter":"raw","image":""}],"product_cat":[{"term_id":26,"name":"Gigiyena","slug":"giyiyena-it","term_group":0,"term_taxonomy_id":26,"taxonomy":"product_cat","description":"","parent":16,"count":55,"filter":"raw","image":""},{"term_id":16,"name":"\u0130TL\u018fR","slug":"it","term_group":0,"term_taxonomy_id":16,"taxonomy":"product_cat","description":"","parent":0,"count":228,"filter":"raw","image":""}],"product_tag":[{"term_id":149,"name":"lapki lab","slug":"lapki-lab","term_group":0,"term_taxonomy_id":149,"taxonomy":"product_tag","description":"","parent":0,"count":1,"filter":"raw","image":""}]},"brands":[{"id":148,"name":"Lapki Lab","slug":"lapki-lab"}],"_links":{"self":[{"href":"https:\/\/www.beno.az\/ru\/wp-json\/wp\/v2\/product\/366","targetHints":{"allow":["GET"]}}],"collection":[{"href":"https:\/\/www.beno.az\/ru\/wp-json\/wp\/v2\/product"}],"about":[{"href":"https:\/\/www.beno.az\/ru\/wp-json\/wp\/v2\/types\/product"}],"replies":[{"embeddable":true,"href":"https:\/\/www.beno.az\/ru\/wp-json\/wp\/v2\/comments?post=366"}],"version-history":[{"count":0,"href":"https:\/\/www.beno.az\/ru\/wp-json\/wp\/v2\/product\/366\/revisions"}],"wp:featuredmedia":[{"embeddable":true,"href":"https:\/\/www.beno.az\/ru\/wp-json\/wp\/v2\/media\/367"}],"wp:attachment":[{"href":"https:\/\/www.beno.az\/ru\/wp-json\/wp\/v2\/media?parent=366"}],"wp:term":[{"taxonomy":"pwb-brand","embeddable":true,"href":"https:\/\/www.beno.az\/ru\/wp-json\/wp\/v2\/pwb-brand?post=366"},{"taxonomy":"product_brand","embeddable":true,"href":"https:\/\/www.beno.az\/ru\/wp-json\/wp\/v2\/product_brand?post=366"},{"taxonomy":"product_cat","embeddable":true,"href":"https:\/\/www.beno.az\/ru\/wp-json\/wp\/v2\/product_cat?post=366"},{"taxonomy":"product_tag","embeddable":true,"href":"https:\/\/www.beno.az\/ru\/wp-json\/wp\/v2\/product_tag?post=366"}],"curies":[{"name":"wp","href":"https:\/\/api.w.org\/{rel}","templated":true}]}}