{"id":300,"date":"2023-01-29T00:23:25","date_gmt":"2023-01-28T21:23:25","guid":{"rendered":"https:\/\/www.beno.az\/?post_type=product&#038;p=300"},"modified":"2023-02-02T13:48:08","modified_gmt":"2023-02-02T10:48:08","slug":"%d1%87%d0%b8%d1%81%d1%82%d0%be%d1%82%d0%b5%d0%bb-%d1%80%d0%b0%d1%81%d0%bf%d1%83%d1%82%d1%8b%d0%b2%d0%b0%d1%8e%d1%89%d0%b8%d0%b9-%d1%88%d0%b0%d0%bc%d0%bf%d1%83%d0%bd%d1%8c-%d0%b4%d0%bb%d1%8f-%d0%ba","status":"publish","type":"product","link":"https:\/\/www.beno.az\/ru\/checkout\/%d1%87%d0%b8%d1%81%d1%82%d0%be%d1%82%d0%b5%d0%bb-%d1%80%d0%b0%d1%81%d0%bf%d1%83%d1%82%d1%8b%d0%b2%d0%b0%d1%8e%d1%89%d0%b8%d0%b9-%d1%88%d0%b0%d0%bc%d0%bf%d1%83%d0%bd%d1%8c-%d0%b4%d0%bb%d1%8f-%d0%ba\/","title":{"rendered":"Bu\u011fda v\u0259 lavanda il\u0259 pi\u015fikl\u0259r \u00fc\u00e7\u00fcn chistotel dola\u015f\u0131q \u015fampunu, 220 ml"},"content":{"rendered":"","protected":false},"excerpt":{"rendered":"","protected":false},"featured_media":301,"comment_status":"open","ping_status":"closed","template":"","meta":[],"pwb-brand":[135],"product_brand":[],"product_cat":[39,31],"product_tag":[95],"class_list":{"0":"post-300","1":"product","2":"type-product","3":"status-publish","4":"has-post-thumbnail","6":"pwb-brand-chistotel","7":"product_cat-gigiyena-pisik","8":"product_cat-pisik","9":"product_tag-95","11":"first","12":"instock","13":"shipping-taxable","14":"product-type-simple"},"pure_taxonomies":{"pwb-brand":[{"term_id":135,"name":"Chistotel","slug":"chistotel","term_group":0,"term_taxonomy_id":135,"taxonomy":"pwb-brand","description":"","parent":0,"count":17,"filter":"raw","image":""}],"product_cat":[{"term_id":39,"name":"Gigiyena","slug":"gigiyena-pisik","term_group":0,"term_taxonomy_id":39,"taxonomy":"product_cat","description":"","parent":31,"count":37,"filter":"raw","image":""},{"term_id":31,"name":"Pi\u015fiyimiz","slug":"pisik","term_group":0,"term_taxonomy_id":31,"taxonomy":"product_cat","description":"","parent":0,"count":275,"filter":"raw","image":""}],"product_tag":[{"term_id":95,"name":"\u0427\u0438\u0441\u0442\u043e\u0442\u0435\u043b \u0440\u0430\u0441\u043f\u0443\u0442\u044b\u0432\u0430\u044e\u0449\u0438\u0439 \u0448\u0430\u043c\u043f\u0443\u043d\u044c \u0434\u043b\u044f \u043a\u043e\u0448\u0435\u043a \u0441 \u043f\u0448\u0435\u043d\u0438\u0446\u0435\u0439 \u0438 \u043b\u0430\u0432\u0430\u043d\u0434\u043e\u0439","slug":"%d1%87%d0%b8%d1%81%d1%82%d0%be%d1%82%d0%b5%d0%bb-%d1%80%d0%b0%d1%81%d0%bf%d1%83%d1%82%d1%8b%d0%b2%d0%b0%d1%8e%d1%89%d0%b8%d0%b9-%d1%88%d0%b0%d0%bc%d0%bf%d1%83%d0%bd%d1%8c-%d0%b4%d0%bb%d1%8f-%d0%ba","term_group":0,"term_taxonomy_id":95,"taxonomy":"product_tag","description":"","parent":0,"count":1,"filter":"raw","image":""}]},"brands":[{"id":135,"name":"Chistotel","slug":"chistotel"}],"_links":{"self":[{"href":"https:\/\/www.beno.az\/ru\/wp-json\/wp\/v2\/product\/300","targetHints":{"allow":["GET"]}}],"collection":[{"href":"https:\/\/www.beno.az\/ru\/wp-json\/wp\/v2\/product"}],"about":[{"href":"https:\/\/www.beno.az\/ru\/wp-json\/wp\/v2\/types\/product"}],"replies":[{"embeddable":true,"href":"https:\/\/www.beno.az\/ru\/wp-json\/wp\/v2\/comments?post=300"}],"version-history":[{"count":0,"href":"https:\/\/www.beno.az\/ru\/wp-json\/wp\/v2\/product\/300\/revisions"}],"wp:featuredmedia":[{"embeddable":true,"href":"https:\/\/www.beno.az\/ru\/wp-json\/wp\/v2\/media\/301"}],"wp:attachment":[{"href":"https:\/\/www.beno.az\/ru\/wp-json\/wp\/v2\/media?parent=300"}],"wp:term":[{"taxonomy":"pwb-brand","embeddable":true,"href":"https:\/\/www.beno.az\/ru\/wp-json\/wp\/v2\/pwb-brand?post=300"},{"taxonomy":"product_brand","embeddable":true,"href":"https:\/\/www.beno.az\/ru\/wp-json\/wp\/v2\/product_brand?post=300"},{"taxonomy":"product_cat","embeddable":true,"href":"https:\/\/www.beno.az\/ru\/wp-json\/wp\/v2\/product_cat?post=300"},{"taxonomy":"product_tag","embeddable":true,"href":"https:\/\/www.beno.az\/ru\/wp-json\/wp\/v2\/product_tag?post=300"}],"curies":[{"name":"wp","href":"https:\/\/api.w.org\/{rel}","templated":true}]}}