{"id":2884,"date":"2023-03-15T09:51:11","date_gmt":"2023-03-15T06:51:11","guid":{"rendered":"https:\/\/www.beno.az\/?post_type=product&#038;p=2884"},"modified":"2025-09-16T01:33:50","modified_gmt":"2025-09-15T22:33:50","slug":"doldurucu-mio-pisikl%c9%99r-ucun-10-l","status":"publish","type":"product","link":"https:\/\/www.beno.az\/ru\/checkout\/doldurucu-mio-pisikl%c9%99r-ucun-10-l\/","title":{"rendered":"Doldurucu Mio Pi\u015fikl\u0259r \u00fc\u00e7\u00fcn Active Carbon 10l."},"content":{"rendered":"","protected":false},"excerpt":{"rendered":"","protected":false},"featured_media":2885,"comment_status":"open","ping_status":"closed","template":"","meta":[],"pwb-brand":[296],"product_brand":[],"product_cat":[35,31],"product_tag":[297],"class_list":{"0":"post-2884","1":"product","2":"type-product","3":"status-publish","4":"has-post-thumbnail","6":"pwb-brand-mio","7":"product_cat-doldurucu-pisik","8":"product_cat-pisik","9":"product_tag-mio","11":"first","12":"instock","13":"shipping-taxable","14":"purchasable","15":"product-type-simple"},"pure_taxonomies":{"pwb-brand":[{"term_id":296,"name":"Mio","slug":"mio","term_group":0,"term_taxonomy_id":296,"taxonomy":"pwb-brand","description":"","parent":0,"count":6,"filter":"raw","image":""}],"product_cat":[{"term_id":35,"name":"Doldurucular","slug":"doldurucu-pisik","term_group":0,"term_taxonomy_id":35,"taxonomy":"product_cat","description":"","parent":31,"count":23,"filter":"raw","image":""},{"term_id":31,"name":"Pi\u015fiyimiz","slug":"pisik","term_group":0,"term_taxonomy_id":31,"taxonomy":"product_cat","description":"","parent":0,"count":275,"filter":"raw","image":""}],"product_tag":[{"term_id":297,"name":"mio","slug":"mio","term_group":0,"term_taxonomy_id":297,"taxonomy":"product_tag","description":"","parent":0,"count":4,"filter":"raw","image":""}]},"brands":[{"id":296,"name":"Mio","slug":"mio"}],"_links":{"self":[{"href":"https:\/\/www.beno.az\/ru\/wp-json\/wp\/v2\/product\/2884","targetHints":{"allow":["GET"]}}],"collection":[{"href":"https:\/\/www.beno.az\/ru\/wp-json\/wp\/v2\/product"}],"about":[{"href":"https:\/\/www.beno.az\/ru\/wp-json\/wp\/v2\/types\/product"}],"replies":[{"embeddable":true,"href":"https:\/\/www.beno.az\/ru\/wp-json\/wp\/v2\/comments?post=2884"}],"version-history":[{"count":4,"href":"https:\/\/www.beno.az\/ru\/wp-json\/wp\/v2\/product\/2884\/revisions"}],"predecessor-version":[{"id":17181,"href":"https:\/\/www.beno.az\/ru\/wp-json\/wp\/v2\/product\/2884\/revisions\/17181"}],"wp:featuredmedia":[{"embeddable":true,"href":"https:\/\/www.beno.az\/ru\/wp-json\/wp\/v2\/media\/2885"}],"wp:attachment":[{"href":"https:\/\/www.beno.az\/ru\/wp-json\/wp\/v2\/media?parent=2884"}],"wp:term":[{"taxonomy":"pwb-brand","embeddable":true,"href":"https:\/\/www.beno.az\/ru\/wp-json\/wp\/v2\/pwb-brand?post=2884"},{"taxonomy":"product_brand","embeddable":true,"href":"https:\/\/www.beno.az\/ru\/wp-json\/wp\/v2\/product_brand?post=2884"},{"taxonomy":"product_cat","embeddable":true,"href":"https:\/\/www.beno.az\/ru\/wp-json\/wp\/v2\/product_cat?post=2884"},{"taxonomy":"product_tag","embeddable":true,"href":"https:\/\/www.beno.az\/ru\/wp-json\/wp\/v2\/product_tag?post=2884"}],"curies":[{"name":"wp","href":"https:\/\/api.w.org\/{rel}","templated":true}]}}