{"id":2871,"date":"2023-03-13T11:28:53","date_gmt":"2023-03-13T08:28:53","guid":{"rendered":"https:\/\/www.beno.az\/?post_type=product&#038;p=2871"},"modified":"2025-09-16T01:37:03","modified_gmt":"2025-09-15T22:37:03","slug":"doldurucu-mio-baby-powder-bala-pisikl%c9%99r-ucun-5-l","status":"publish","type":"product","link":"https:\/\/www.beno.az\/ru\/checkout\/doldurucu-mio-baby-powder-bala-pisikl%c9%99r-ucun-5-l\/","title":{"rendered":"Doldurucu Mio Pi\u015fikl\u0259r \u00fc\u00e7\u00fcn Baby Powder 5l."},"content":{"rendered":"","protected":false},"excerpt":{"rendered":"","protected":false},"featured_media":2872,"comment_status":"open","ping_status":"closed","template":"","meta":[],"pwb-brand":[296],"product_brand":[],"product_cat":[35,31],"product_tag":[297],"class_list":{"0":"post-2871","1":"product","2":"type-product","3":"status-publish","4":"has-post-thumbnail","6":"pwb-brand-mio","7":"product_cat-doldurucu-pisik","8":"product_cat-pisik","9":"product_tag-mio","11":"first","12":"instock","13":"shipping-taxable","14":"purchasable","15":"product-type-simple"},"pure_taxonomies":{"pwb-brand":[{"term_id":296,"name":"Mio","slug":"mio","term_group":0,"term_taxonomy_id":296,"taxonomy":"pwb-brand","description":"","parent":0,"count":6,"filter":"raw","image":""}],"product_cat":[{"term_id":35,"name":"Doldurucular","slug":"doldurucu-pisik","term_group":0,"term_taxonomy_id":35,"taxonomy":"product_cat","description":"","parent":31,"count":23,"filter":"raw","image":""},{"term_id":31,"name":"Pi\u015fiyimiz","slug":"pisik","term_group":0,"term_taxonomy_id":31,"taxonomy":"product_cat","description":"","parent":0,"count":275,"filter":"raw","image":""}],"product_tag":[{"term_id":297,"name":"mio","slug":"mio","term_group":0,"term_taxonomy_id":297,"taxonomy":"product_tag","description":"","parent":0,"count":4,"filter":"raw","image":""}]},"brands":[{"id":296,"name":"Mio","slug":"mio"}],"_links":{"self":[{"href":"https:\/\/www.beno.az\/ru\/wp-json\/wp\/v2\/product\/2871","targetHints":{"allow":["GET"]}}],"collection":[{"href":"https:\/\/www.beno.az\/ru\/wp-json\/wp\/v2\/product"}],"about":[{"href":"https:\/\/www.beno.az\/ru\/wp-json\/wp\/v2\/types\/product"}],"replies":[{"embeddable":true,"href":"https:\/\/www.beno.az\/ru\/wp-json\/wp\/v2\/comments?post=2871"}],"version-history":[{"count":2,"href":"https:\/\/www.beno.az\/ru\/wp-json\/wp\/v2\/product\/2871\/revisions"}],"predecessor-version":[{"id":17185,"href":"https:\/\/www.beno.az\/ru\/wp-json\/wp\/v2\/product\/2871\/revisions\/17185"}],"wp:featuredmedia":[{"embeddable":true,"href":"https:\/\/www.beno.az\/ru\/wp-json\/wp\/v2\/media\/2872"}],"wp:attachment":[{"href":"https:\/\/www.beno.az\/ru\/wp-json\/wp\/v2\/media?parent=2871"}],"wp:term":[{"taxonomy":"pwb-brand","embeddable":true,"href":"https:\/\/www.beno.az\/ru\/wp-json\/wp\/v2\/pwb-brand?post=2871"},{"taxonomy":"product_brand","embeddable":true,"href":"https:\/\/www.beno.az\/ru\/wp-json\/wp\/v2\/product_brand?post=2871"},{"taxonomy":"product_cat","embeddable":true,"href":"https:\/\/www.beno.az\/ru\/wp-json\/wp\/v2\/product_cat?post=2871"},{"taxonomy":"product_tag","embeddable":true,"href":"https:\/\/www.beno.az\/ru\/wp-json\/wp\/v2\/product_tag?post=2871"}],"curies":[{"name":"wp","href":"https:\/\/api.w.org\/{rel}","templated":true}]}}