{"id":2866,"date":"2023-03-13T11:18:45","date_gmt":"2023-03-13T08:18:45","guid":{"rendered":"https:\/\/www.beno.az\/?post_type=product&#038;p=2866"},"modified":"2025-09-16T01:41:03","modified_gmt":"2025-09-15T22:41:03","slug":"monge-grill-buste-senior-sgombro-yas-yem-pouchi-monge-yasli-pisikl%c9%99r-ucun-ekvador-skumbriyasi-bir-paket-ucun-qiym%c9%99t-85g","status":"publish","type":"product","link":"https:\/\/www.beno.az\/ru\/checkout\/monge-grill-buste-senior-sgombro-yas-yem-pouchi-monge-yasli-pisikl%c9%99r-ucun-ekvador-skumbriyasi-bir-paket-ucun-qiym%c9%99t-85g\/","title":{"rendered":"Monge Grill Senior Sgombro Ya\u015f yem Pouchi Monge Ya\u015fl\u0131 pi\u015fikl\u0259r \u00fc\u00e7\u00fcn Ekvador skumbriyas\u0131 (bir paket \u00fc\u00e7\u00fcn qiym\u0259t) 85g"},"content":{"rendered":"","protected":false},"excerpt":{"rendered":"","protected":false},"featured_media":2867,"comment_status":"open","ping_status":"closed","template":"","meta":[],"pwb-brand":[259],"product_brand":[],"product_cat":[34,31],"product_tag":[260],"class_list":{"0":"post-2866","1":"product","2":"type-product","3":"status-publish","4":"has-post-thumbnail","6":"pwb-brand-monge","7":"product_cat-nemyemlerkonservler-pisik","8":"product_cat-pisik","9":"product_tag-monge","11":"first","12":"instock","13":"shipping-taxable","14":"purchasable","15":"product-type-simple"},"pure_taxonomies":{"pwb-brand":[{"term_id":259,"name":"Monge","slug":"monge","term_group":0,"term_taxonomy_id":259,"taxonomy":"pwb-brand","description":"","parent":0,"count":14,"filter":"raw","image":""}],"product_cat":[{"term_id":34,"name":"N\u0259m yeml\u0259r v\u0259 konservl\u0259r","slug":"nemyemlerkonservler-pisik","term_group":0,"term_taxonomy_id":34,"taxonomy":"product_cat","description":"","parent":31,"count":54,"filter":"raw","image":""},{"term_id":31,"name":"Pi\u015fiyimiz","slug":"pisik","term_group":0,"term_taxonomy_id":31,"taxonomy":"product_cat","description":"","parent":0,"count":275,"filter":"raw","image":""}],"product_tag":[{"term_id":260,"name":"monge","slug":"monge","term_group":0,"term_taxonomy_id":260,"taxonomy":"product_tag","description":"","parent":0,"count":2,"filter":"raw","image":""}]},"brands":[{"id":259,"name":"Monge","slug":"monge"}],"_links":{"self":[{"href":"https:\/\/www.beno.az\/ru\/wp-json\/wp\/v2\/product\/2866","targetHints":{"allow":["GET"]}}],"collection":[{"href":"https:\/\/www.beno.az\/ru\/wp-json\/wp\/v2\/product"}],"about":[{"href":"https:\/\/www.beno.az\/ru\/wp-json\/wp\/v2\/types\/product"}],"replies":[{"embeddable":true,"href":"https:\/\/www.beno.az\/ru\/wp-json\/wp\/v2\/comments?post=2866"}],"version-history":[{"count":1,"href":"https:\/\/www.beno.az\/ru\/wp-json\/wp\/v2\/product\/2866\/revisions"}],"predecessor-version":[{"id":17186,"href":"https:\/\/www.beno.az\/ru\/wp-json\/wp\/v2\/product\/2866\/revisions\/17186"}],"wp:featuredmedia":[{"embeddable":true,"href":"https:\/\/www.beno.az\/ru\/wp-json\/wp\/v2\/media\/2867"}],"wp:attachment":[{"href":"https:\/\/www.beno.az\/ru\/wp-json\/wp\/v2\/media?parent=2866"}],"wp:term":[{"taxonomy":"pwb-brand","embeddable":true,"href":"https:\/\/www.beno.az\/ru\/wp-json\/wp\/v2\/pwb-brand?post=2866"},{"taxonomy":"product_brand","embeddable":true,"href":"https:\/\/www.beno.az\/ru\/wp-json\/wp\/v2\/product_brand?post=2866"},{"taxonomy":"product_cat","embeddable":true,"href":"https:\/\/www.beno.az\/ru\/wp-json\/wp\/v2\/product_cat?post=2866"},{"taxonomy":"product_tag","embeddable":true,"href":"https:\/\/www.beno.az\/ru\/wp-json\/wp\/v2\/product_tag?post=2866"}],"curies":[{"name":"wp","href":"https:\/\/api.w.org\/{rel}","templated":true}]}}