{"id":285,"date":"2023-01-29T00:06:54","date_gmt":"2023-01-28T21:06:54","guid":{"rendered":"https:\/\/www.beno.az\/?post_type=product&#038;p=285"},"modified":"2023-02-02T13:39:17","modified_gmt":"2023-02-02T10:39:17","slug":"power-time-mocuz%c9%99-cat-pisikl%c9%99r-ucun-sampun","status":"publish","type":"product","link":"https:\/\/www.beno.az\/ru\/checkout\/power-time-mocuz%c9%99-cat-pisikl%c9%99r-ucun-sampun\/","title":{"rendered":"Power Time Miracle Cat &#8211;  Pi\u015fikl\u0259r \u00fc\u00e7\u00fcn \u015fampun 250 \u043c\u043b"},"content":{"rendered":"","protected":false},"excerpt":{"rendered":"","protected":false},"featured_media":286,"comment_status":"open","ping_status":"closed","template":"","meta":[],"pwb-brand":[141],"product_brand":[],"product_cat":[39,31],"product_tag":[88,94,93],"class_list":{"0":"post-285","1":"product","2":"type-product","3":"status-publish","4":"has-post-thumbnail","6":"pwb-brand-brend-beno","7":"product_cat-gigiyena-pisik","8":"product_cat-pisik","9":"product_tag-power-time","10":"product_tag-power-time-miracle-cat---","11":"product_tag-power-time-mocuz-cat-pisiklr-ucun-sampun-250-","13":"first","14":"instock","15":"shipping-taxable","16":"product-type-simple"},"pure_taxonomies":{"pwb-brand":[{"term_id":141,"name":"Beno","slug":"brend-beno","term_group":0,"term_taxonomy_id":141,"taxonomy":"pwb-brand","description":"","parent":0,"count":46,"filter":"raw","image":""}],"product_cat":[{"term_id":39,"name":"Gigiyena","slug":"gigiyena-pisik","term_group":0,"term_taxonomy_id":39,"taxonomy":"product_cat","description":"","parent":31,"count":37,"filter":"raw","image":""},{"term_id":31,"name":"Pi\u015fiyimiz","slug":"pisik","term_group":0,"term_taxonomy_id":31,"taxonomy":"product_cat","description":"","parent":0,"count":275,"filter":"raw","image":""}],"product_tag":[{"term_id":88,"name":"power time","slug":"power-time","term_group":0,"term_taxonomy_id":88,"taxonomy":"product_tag","description":"","parent":0,"count":1,"filter":"raw","image":""},{"term_id":94,"name":"Power Time Miracle Cat \u0428\u0430\u043c\u043f\u0443\u043d\u044c \u0434\u043b\u044f \u043a\u043e\u0448\u0435\u043a","slug":"power-time-miracle-cat-%d1%88%d0%b0%d0%bc%d0%bf%d1%83%d0%bd%d1%8c-%d0%b4%d0%bb%d1%8f-%d0%ba%d0%be%d1%88%d0%b5%d0%ba","term_group":0,"term_taxonomy_id":94,"taxonomy":"product_tag","description":"","parent":0,"count":1,"filter":"raw","image":""},{"term_id":93,"name":"Power Time M\u00f6c\u00fcz\u0259 Cat Pi\u015fikl\u0259r \u00fc\u00e7\u00fcn \u015fampun 250 \u043c\u043b","slug":"power-time-mocuz%c9%99-cat-pisikl%c9%99r-ucun-sampun-250-%d0%bc%d0%bb","term_group":0,"term_taxonomy_id":93,"taxonomy":"product_tag","description":"","parent":0,"count":1,"filter":"raw","image":""}]},"brands":[{"id":141,"name":"Beno","slug":"brend-beno"}],"_links":{"self":[{"href":"https:\/\/www.beno.az\/ru\/wp-json\/wp\/v2\/product\/285","targetHints":{"allow":["GET"]}}],"collection":[{"href":"https:\/\/www.beno.az\/ru\/wp-json\/wp\/v2\/product"}],"about":[{"href":"https:\/\/www.beno.az\/ru\/wp-json\/wp\/v2\/types\/product"}],"replies":[{"embeddable":true,"href":"https:\/\/www.beno.az\/ru\/wp-json\/wp\/v2\/comments?post=285"}],"version-history":[{"count":0,"href":"https:\/\/www.beno.az\/ru\/wp-json\/wp\/v2\/product\/285\/revisions"}],"wp:featuredmedia":[{"embeddable":true,"href":"https:\/\/www.beno.az\/ru\/wp-json\/wp\/v2\/media\/286"}],"wp:attachment":[{"href":"https:\/\/www.beno.az\/ru\/wp-json\/wp\/v2\/media?parent=285"}],"wp:term":[{"taxonomy":"pwb-brand","embeddable":true,"href":"https:\/\/www.beno.az\/ru\/wp-json\/wp\/v2\/pwb-brand?post=285"},{"taxonomy":"product_brand","embeddable":true,"href":"https:\/\/www.beno.az\/ru\/wp-json\/wp\/v2\/product_brand?post=285"},{"taxonomy":"product_cat","embeddable":true,"href":"https:\/\/www.beno.az\/ru\/wp-json\/wp\/v2\/product_cat?post=285"},{"taxonomy":"product_tag","embeddable":true,"href":"https:\/\/www.beno.az\/ru\/wp-json\/wp\/v2\/product_tag?post=285"}],"curies":[{"name":"wp","href":"https:\/\/api.w.org\/{rel}","templated":true}]}}