{"id":2831,"date":"2023-03-12T17:34:35","date_gmt":"2023-03-12T14:34:35","guid":{"rendered":"https:\/\/www.beno.az\/?post_type=product&#038;p=2831"},"modified":"2023-03-12T17:34:35","modified_gmt":"2023-03-12T14:34:35","slug":"monge-fresh-toyuq-%c9%99tli-konserv-boyukl%c9%99r-ill%c9%99r-ucun-400-q","status":"publish","type":"product","link":"https:\/\/www.beno.az\/ru\/checkout\/monge-fresh-toyuq-%c9%99tli-konserv-boyukl%c9%99r-ill%c9%99r-ucun-400-q\/","title":{"rendered":"Monge Fresh Toyuq \u0259tli konserv b\u00f6y\u00fckl\u0259r ill\u0259r \u00fc\u00e7\u00fcn, 400 q"},"content":{"rendered":"","protected":false},"excerpt":{"rendered":"","protected":false},"featured_media":2832,"comment_status":"open","ping_status":"closed","template":"","meta":[],"pwb-brand":[259],"product_brand":[],"product_cat":[16,22],"product_tag":[],"class_list":{"0":"post-2831","1":"product","2":"type-product","3":"status-publish","4":"has-post-thumbnail","6":"pwb-brand-monge","7":"product_cat-it","8":"product_cat-nmyemlrvkonservlr-it","10":"first","11":"instock","12":"shipping-taxable","13":"product-type-simple"},"pure_taxonomies":{"pwb-brand":[{"term_id":259,"name":"Monge","slug":"monge","term_group":0,"term_taxonomy_id":259,"taxonomy":"pwb-brand","description":"","parent":0,"count":14,"filter":"raw","image":""}],"product_cat":[{"term_id":16,"name":"\u0130TL\u018fR","slug":"it","term_group":0,"term_taxonomy_id":16,"taxonomy":"product_cat","description":"","parent":0,"count":228,"filter":"raw","image":""},{"term_id":22,"name":"N\u0259m yeml\u0259r v\u0259 konservl\u0259r","slug":"n%c9%99myeml%c9%99rv%c9%99konservl%c9%99r-it","term_group":0,"term_taxonomy_id":22,"taxonomy":"product_cat","description":"","parent":16,"count":17,"filter":"raw","image":""}]},"brands":[{"id":259,"name":"Monge","slug":"monge"}],"_links":{"self":[{"href":"https:\/\/www.beno.az\/ru\/wp-json\/wp\/v2\/product\/2831","targetHints":{"allow":["GET"]}}],"collection":[{"href":"https:\/\/www.beno.az\/ru\/wp-json\/wp\/v2\/product"}],"about":[{"href":"https:\/\/www.beno.az\/ru\/wp-json\/wp\/v2\/types\/product"}],"replies":[{"embeddable":true,"href":"https:\/\/www.beno.az\/ru\/wp-json\/wp\/v2\/comments?post=2831"}],"version-history":[{"count":0,"href":"https:\/\/www.beno.az\/ru\/wp-json\/wp\/v2\/product\/2831\/revisions"}],"wp:featuredmedia":[{"embeddable":true,"href":"https:\/\/www.beno.az\/ru\/wp-json\/wp\/v2\/media\/2832"}],"wp:attachment":[{"href":"https:\/\/www.beno.az\/ru\/wp-json\/wp\/v2\/media?parent=2831"}],"wp:term":[{"taxonomy":"pwb-brand","embeddable":true,"href":"https:\/\/www.beno.az\/ru\/wp-json\/wp\/v2\/pwb-brand?post=2831"},{"taxonomy":"product_brand","embeddable":true,"href":"https:\/\/www.beno.az\/ru\/wp-json\/wp\/v2\/product_brand?post=2831"},{"taxonomy":"product_cat","embeddable":true,"href":"https:\/\/www.beno.az\/ru\/wp-json\/wp\/v2\/product_cat?post=2831"},{"taxonomy":"product_tag","embeddable":true,"href":"https:\/\/www.beno.az\/ru\/wp-json\/wp\/v2\/product_tag?post=2831"}],"curies":[{"name":"wp","href":"https:\/\/api.w.org\/{rel}","templated":true}]}}