{"id":2829,"date":"2023-03-12T17:32:29","date_gmt":"2023-03-12T14:32:29","guid":{"rendered":"https:\/\/www.beno.az\/?post_type=product&#038;p=2829"},"modified":"2023-03-12T17:32:30","modified_gmt":"2023-03-12T14:32:30","slug":"monge-fresh-dog-pate-bala-ucun-t%c9%99r%c9%99v%c9%99zli-mal-%c9%99ti-il%c9%99-konserv-400-q","status":"publish","type":"product","link":"https:\/\/www.beno.az\/ru\/checkout\/monge-fresh-dog-pate-bala-ucun-t%c9%99r%c9%99v%c9%99zli-mal-%c9%99ti-il%c9%99-konserv-400-q\/","title":{"rendered":"Monge Fresh Dog pate  bala \u00fc\u00e7\u00fcn t\u0259r\u0259v\u0259zli mal \u0259ti il\u0259 konserv 400 q"},"content":{"rendered":"","protected":false},"excerpt":{"rendered":"","protected":false},"featured_media":2830,"comment_status":"open","ping_status":"closed","template":"","meta":[],"pwb-brand":[259],"product_brand":[],"product_cat":[16,22],"product_tag":[],"class_list":{"0":"post-2829","1":"product","2":"type-product","3":"status-publish","4":"has-post-thumbnail","6":"pwb-brand-monge","7":"product_cat-it","8":"product_cat-nmyemlrvkonservlr-it","10":"first","11":"instock","12":"shipping-taxable","13":"product-type-simple"},"pure_taxonomies":{"pwb-brand":[{"term_id":259,"name":"Monge","slug":"monge","term_group":0,"term_taxonomy_id":259,"taxonomy":"pwb-brand","description":"","parent":0,"count":14,"filter":"raw","image":""}],"product_cat":[{"term_id":16,"name":"\u0130TL\u018fR","slug":"it","term_group":0,"term_taxonomy_id":16,"taxonomy":"product_cat","description":"","parent":0,"count":228,"filter":"raw","image":""},{"term_id":22,"name":"N\u0259m yeml\u0259r v\u0259 konservl\u0259r","slug":"n%c9%99myeml%c9%99rv%c9%99konservl%c9%99r-it","term_group":0,"term_taxonomy_id":22,"taxonomy":"product_cat","description":"","parent":16,"count":17,"filter":"raw","image":""}]},"brands":[{"id":259,"name":"Monge","slug":"monge"}],"_links":{"self":[{"href":"https:\/\/www.beno.az\/ru\/wp-json\/wp\/v2\/product\/2829","targetHints":{"allow":["GET"]}}],"collection":[{"href":"https:\/\/www.beno.az\/ru\/wp-json\/wp\/v2\/product"}],"about":[{"href":"https:\/\/www.beno.az\/ru\/wp-json\/wp\/v2\/types\/product"}],"replies":[{"embeddable":true,"href":"https:\/\/www.beno.az\/ru\/wp-json\/wp\/v2\/comments?post=2829"}],"version-history":[{"count":0,"href":"https:\/\/www.beno.az\/ru\/wp-json\/wp\/v2\/product\/2829\/revisions"}],"wp:featuredmedia":[{"embeddable":true,"href":"https:\/\/www.beno.az\/ru\/wp-json\/wp\/v2\/media\/2830"}],"wp:attachment":[{"href":"https:\/\/www.beno.az\/ru\/wp-json\/wp\/v2\/media?parent=2829"}],"wp:term":[{"taxonomy":"pwb-brand","embeddable":true,"href":"https:\/\/www.beno.az\/ru\/wp-json\/wp\/v2\/pwb-brand?post=2829"},{"taxonomy":"product_brand","embeddable":true,"href":"https:\/\/www.beno.az\/ru\/wp-json\/wp\/v2\/product_brand?post=2829"},{"taxonomy":"product_cat","embeddable":true,"href":"https:\/\/www.beno.az\/ru\/wp-json\/wp\/v2\/product_cat?post=2829"},{"taxonomy":"product_tag","embeddable":true,"href":"https:\/\/www.beno.az\/ru\/wp-json\/wp\/v2\/product_tag?post=2829"}],"curies":[{"name":"wp","href":"https:\/\/api.w.org\/{rel}","templated":true}]}}