{"id":2813,"date":"2023-03-12T17:24:21","date_gmt":"2023-03-12T14:24:21","guid":{"rendered":"https:\/\/www.beno.az\/?post_type=product&#038;p=2813"},"modified":"2023-03-12T17:24:21","modified_gmt":"2023-03-12T14:24:21","slug":"g%c9%99miricil%c9%99r-ucun-doldurucu-20-l","status":"publish","type":"product","link":"https:\/\/www.beno.az\/ru\/checkout\/g%c9%99miricil%c9%99r-ucun-doldurucu-20-l\/","title":{"rendered":"G\u0259miricil\u0259r \u00fc\u00e7\u00fcn doldurucu 20 L"},"content":{"rendered":"","protected":false},"excerpt":{"rendered":"","protected":false},"featured_media":2814,"comment_status":"open","ping_status":"closed","template":"","meta":[],"pwb-brand":[141],"product_brand":[],"product_cat":[57,54],"product_tag":[],"class_list":{"0":"post-2813","1":"product","2":"type-product","3":"status-publish","4":"has-post-thumbnail","6":"pwb-brand-brend-beno","7":"product_cat-dolcurucular-gemirici","8":"product_cat-gemirici","10":"first","11":"instock","12":"shipping-taxable","13":"product-type-simple"},"pure_taxonomies":{"pwb-brand":[{"term_id":141,"name":"Beno","slug":"brend-beno","term_group":0,"term_taxonomy_id":141,"taxonomy":"pwb-brand","description":"","parent":0,"count":46,"filter":"raw","image":""}],"product_cat":[{"term_id":57,"name":"Doldurucular, yonqar","slug":"dolcurucular-gemirici","term_group":0,"term_taxonomy_id":57,"taxonomy":"product_cat","description":"","parent":54,"count":2,"filter":"raw","image":""},{"term_id":54,"name":"G\u018fM\u0130R\u0130C\u0130L\u018fR","slug":"gemirici","term_group":0,"term_taxonomy_id":54,"taxonomy":"product_cat","description":"","parent":0,"count":13,"filter":"raw","image":""}]},"brands":[{"id":141,"name":"Beno","slug":"brend-beno"}],"_links":{"self":[{"href":"https:\/\/www.beno.az\/ru\/wp-json\/wp\/v2\/product\/2813","targetHints":{"allow":["GET"]}}],"collection":[{"href":"https:\/\/www.beno.az\/ru\/wp-json\/wp\/v2\/product"}],"about":[{"href":"https:\/\/www.beno.az\/ru\/wp-json\/wp\/v2\/types\/product"}],"replies":[{"embeddable":true,"href":"https:\/\/www.beno.az\/ru\/wp-json\/wp\/v2\/comments?post=2813"}],"version-history":[{"count":0,"href":"https:\/\/www.beno.az\/ru\/wp-json\/wp\/v2\/product\/2813\/revisions"}],"wp:featuredmedia":[{"embeddable":true,"href":"https:\/\/www.beno.az\/ru\/wp-json\/wp\/v2\/media\/2814"}],"wp:attachment":[{"href":"https:\/\/www.beno.az\/ru\/wp-json\/wp\/v2\/media?parent=2813"}],"wp:term":[{"taxonomy":"pwb-brand","embeddable":true,"href":"https:\/\/www.beno.az\/ru\/wp-json\/wp\/v2\/pwb-brand?post=2813"},{"taxonomy":"product_brand","embeddable":true,"href":"https:\/\/www.beno.az\/ru\/wp-json\/wp\/v2\/product_brand?post=2813"},{"taxonomy":"product_cat","embeddable":true,"href":"https:\/\/www.beno.az\/ru\/wp-json\/wp\/v2\/product_cat?post=2813"},{"taxonomy":"product_tag","embeddable":true,"href":"https:\/\/www.beno.az\/ru\/wp-json\/wp\/v2\/product_tag?post=2813"}],"curies":[{"name":"wp","href":"https:\/\/api.w.org\/{rel}","templated":true}]}}