{"id":17221,"date":"2025-09-16T18:50:16","date_gmt":"2025-09-16T15:50:16","guid":{"rendered":"https:\/\/www.beno.az\/?post_type=product&#038;p=17221"},"modified":"2025-09-16T19:00:27","modified_gmt":"2025-09-16T16:00:27","slug":"chuck-lavander-bentonite-super-clumping-pisikl%c9%99r-ucun-lavanda-qoxulu-doldurucu-10l","status":"publish","type":"product","link":"https:\/\/www.beno.az\/ru\/checkout\/chuck-lavander-bentonite-super-clumping-pisikl%c9%99r-ucun-lavanda-qoxulu-doldurucu-10l\/","title":{"rendered":"Chuck Lavander Bentonite Super Clumping- Pi\u015fikl\u0259r \u00fc\u00e7\u00fcn lavanda qoxulu doldurucu 10l."},"content":{"rendered":"","protected":false},"excerpt":{"rendered":"","protected":false},"featured_media":17222,"comment_status":"open","ping_status":"closed","template":"","meta":[],"pwb-brand":[541],"product_brand":[],"product_cat":[35,31],"product_tag":[],"class_list":{"0":"post-17221","1":"product","2":"type-product","3":"status-publish","4":"has-post-thumbnail","6":"pwb-brand-chuck","7":"product_cat-doldurucu-pisik","8":"product_cat-pisik","10":"first","11":"instock","12":"shipping-taxable","13":"purchasable","14":"product-type-simple"},"pure_taxonomies":{"pwb-brand":[{"term_id":541,"name":"Chuck","slug":"chuck","term_group":0,"term_taxonomy_id":541,"taxonomy":"pwb-brand","description":"","parent":0,"count":9,"filter":"raw","image":""}],"product_cat":[{"term_id":35,"name":"Doldurucular","slug":"doldurucu-pisik","term_group":0,"term_taxonomy_id":35,"taxonomy":"product_cat","description":"","parent":31,"count":23,"filter":"raw","image":""},{"term_id":31,"name":"Pi\u015fiyimiz","slug":"pisik","term_group":0,"term_taxonomy_id":31,"taxonomy":"product_cat","description":"","parent":0,"count":275,"filter":"raw","image":""}]},"brands":[{"id":541,"name":"Chuck","slug":"chuck"}],"_links":{"self":[{"href":"https:\/\/www.beno.az\/ru\/wp-json\/wp\/v2\/product\/17221","targetHints":{"allow":["GET"]}}],"collection":[{"href":"https:\/\/www.beno.az\/ru\/wp-json\/wp\/v2\/product"}],"about":[{"href":"https:\/\/www.beno.az\/ru\/wp-json\/wp\/v2\/types\/product"}],"replies":[{"embeddable":true,"href":"https:\/\/www.beno.az\/ru\/wp-json\/wp\/v2\/comments?post=17221"}],"version-history":[{"count":1,"href":"https:\/\/www.beno.az\/ru\/wp-json\/wp\/v2\/product\/17221\/revisions"}],"predecessor-version":[{"id":17223,"href":"https:\/\/www.beno.az\/ru\/wp-json\/wp\/v2\/product\/17221\/revisions\/17223"}],"wp:featuredmedia":[{"embeddable":true,"href":"https:\/\/www.beno.az\/ru\/wp-json\/wp\/v2\/media\/17222"}],"wp:attachment":[{"href":"https:\/\/www.beno.az\/ru\/wp-json\/wp\/v2\/media?parent=17221"}],"wp:term":[{"taxonomy":"pwb-brand","embeddable":true,"href":"https:\/\/www.beno.az\/ru\/wp-json\/wp\/v2\/pwb-brand?post=17221"},{"taxonomy":"product_brand","embeddable":true,"href":"https:\/\/www.beno.az\/ru\/wp-json\/wp\/v2\/product_brand?post=17221"},{"taxonomy":"product_cat","embeddable":true,"href":"https:\/\/www.beno.az\/ru\/wp-json\/wp\/v2\/product_cat?post=17221"},{"taxonomy":"product_tag","embeddable":true,"href":"https:\/\/www.beno.az\/ru\/wp-json\/wp\/v2\/product_tag?post=17221"}],"curies":[{"name":"wp","href":"https:\/\/api.w.org\/{rel}","templated":true}]}}