{"id":1357,"date":"2023-02-22T15:44:29","date_gmt":"2023-02-22T12:44:29","guid":{"rendered":"https:\/\/www.beno.az\/?post_type=product&#038;p=1357"},"modified":"2023-02-22T15:44:30","modified_gmt":"2023-02-22T12:44:30","slug":"royal-canin-british-shorthair-adult-yetkin-qisatuklu-ingilis-pisiyi-ucun-n%c9%99m-yem-85-q","status":"publish","type":"product","link":"https:\/\/www.beno.az\/ru\/checkout\/royal-canin-british-shorthair-adult-yetkin-qisatuklu-ingilis-pisiyi-ucun-n%c9%99m-yem-85-q\/","title":{"rendered":"Royal Canin British Shorthair Adult Yetkin Q\u0131sat\u00fckl\u00fc Ingilis Pi\u015fiyi \u00dc\u00e7\u00fcn N\u0259m Yem, 85 Q"},"content":{"rendered":"","protected":false},"excerpt":{"rendered":"","protected":false},"featured_media":1358,"comment_status":"open","ping_status":"closed","template":"","meta":[],"pwb-brand":[134],"product_brand":[],"product_cat":[34,31],"product_tag":[],"class_list":{"0":"post-1357","1":"product","2":"type-product","3":"status-publish","4":"has-post-thumbnail","6":"pwb-brand-brend-royalcanin","7":"product_cat-nemyemlerkonservler-pisik","8":"product_cat-pisik","10":"first","11":"instock","12":"shipping-taxable","13":"product-type-simple"},"pure_taxonomies":{"pwb-brand":[{"term_id":134,"name":"Royal Canin","slug":"brend-royalcanin","term_group":0,"term_taxonomy_id":134,"taxonomy":"pwb-brand","description":"","parent":0,"count":30,"filter":"raw","image":""}],"product_cat":[{"term_id":34,"name":"N\u0259m yeml\u0259r v\u0259 konservl\u0259r","slug":"nemyemlerkonservler-pisik","term_group":0,"term_taxonomy_id":34,"taxonomy":"product_cat","description":"","parent":31,"count":54,"filter":"raw","image":""},{"term_id":31,"name":"Pi\u015fiyimiz","slug":"pisik","term_group":0,"term_taxonomy_id":31,"taxonomy":"product_cat","description":"","parent":0,"count":275,"filter":"raw","image":""}]},"brands":[{"id":134,"name":"Royal Canin","slug":"brend-royalcanin"}],"_links":{"self":[{"href":"https:\/\/www.beno.az\/ru\/wp-json\/wp\/v2\/product\/1357","targetHints":{"allow":["GET"]}}],"collection":[{"href":"https:\/\/www.beno.az\/ru\/wp-json\/wp\/v2\/product"}],"about":[{"href":"https:\/\/www.beno.az\/ru\/wp-json\/wp\/v2\/types\/product"}],"replies":[{"embeddable":true,"href":"https:\/\/www.beno.az\/ru\/wp-json\/wp\/v2\/comments?post=1357"}],"version-history":[{"count":0,"href":"https:\/\/www.beno.az\/ru\/wp-json\/wp\/v2\/product\/1357\/revisions"}],"wp:featuredmedia":[{"embeddable":true,"href":"https:\/\/www.beno.az\/ru\/wp-json\/wp\/v2\/media\/1358"}],"wp:attachment":[{"href":"https:\/\/www.beno.az\/ru\/wp-json\/wp\/v2\/media?parent=1357"}],"wp:term":[{"taxonomy":"pwb-brand","embeddable":true,"href":"https:\/\/www.beno.az\/ru\/wp-json\/wp\/v2\/pwb-brand?post=1357"},{"taxonomy":"product_brand","embeddable":true,"href":"https:\/\/www.beno.az\/ru\/wp-json\/wp\/v2\/product_brand?post=1357"},{"taxonomy":"product_cat","embeddable":true,"href":"https:\/\/www.beno.az\/ru\/wp-json\/wp\/v2\/product_cat?post=1357"},{"taxonomy":"product_tag","embeddable":true,"href":"https:\/\/www.beno.az\/ru\/wp-json\/wp\/v2\/product_tag?post=1357"}],"curies":[{"name":"wp","href":"https:\/\/api.w.org\/{rel}","templated":true}]}}