{"id":1354,"date":"2023-02-22T15:43:17","date_gmt":"2023-02-22T12:43:17","guid":{"rendered":"https:\/\/www.beno.az\/?post_type=product&#038;p=1354"},"modified":"2025-09-16T21:24:07","modified_gmt":"2025-09-16T18:24:07","slug":"royal-canin-yorkshire-terrier-adult-yorksir-teryeri-yetkin-it-ucun-n%c9%99m-yem-85-q","status":"publish","type":"product","link":"https:\/\/www.beno.az\/ru\/checkout\/royal-canin-yorkshire-terrier-adult-yorksir-teryeri-yetkin-it-ucun-n%c9%99m-yem-85-q\/","title":{"rendered":"Royal Canin Yorkshire Terrier Adult York\u015fir Teryeri Yetkin It \u00dc\u00e7\u00fcn N\u0259m Yem, 85 Q"},"content":{"rendered":"","protected":false},"excerpt":{"rendered":"","protected":false},"featured_media":1355,"comment_status":"open","ping_status":"closed","template":"","meta":[],"pwb-brand":[134],"product_brand":[],"product_cat":[16,22],"product_tag":[],"class_list":{"0":"post-1354","1":"product","2":"type-product","3":"status-publish","4":"has-post-thumbnail","6":"pwb-brand-brend-royalcanin","7":"product_cat-it","8":"product_cat-nmyemlrvkonservlr-it","10":"first","11":"instock","12":"shipping-taxable","13":"product-type-simple"},"pure_taxonomies":{"pwb-brand":[{"term_id":134,"name":"Royal Canin","slug":"brend-royalcanin","term_group":0,"term_taxonomy_id":134,"taxonomy":"pwb-brand","description":"","parent":0,"count":30,"filter":"raw","image":""}],"product_cat":[{"term_id":16,"name":"\u0130TL\u018fR","slug":"it","term_group":0,"term_taxonomy_id":16,"taxonomy":"product_cat","description":"","parent":0,"count":228,"filter":"raw","image":""},{"term_id":22,"name":"N\u0259m yeml\u0259r v\u0259 konservl\u0259r","slug":"n%c9%99myeml%c9%99rv%c9%99konservl%c9%99r-it","term_group":0,"term_taxonomy_id":22,"taxonomy":"product_cat","description":"","parent":16,"count":17,"filter":"raw","image":""}]},"brands":[{"id":134,"name":"Royal Canin","slug":"brend-royalcanin"}],"_links":{"self":[{"href":"https:\/\/www.beno.az\/ru\/wp-json\/wp\/v2\/product\/1354","targetHints":{"allow":["GET"]}}],"collection":[{"href":"https:\/\/www.beno.az\/ru\/wp-json\/wp\/v2\/product"}],"about":[{"href":"https:\/\/www.beno.az\/ru\/wp-json\/wp\/v2\/types\/product"}],"replies":[{"embeddable":true,"href":"https:\/\/www.beno.az\/ru\/wp-json\/wp\/v2\/comments?post=1354"}],"version-history":[{"count":0,"href":"https:\/\/www.beno.az\/ru\/wp-json\/wp\/v2\/product\/1354\/revisions"}],"wp:featuredmedia":[{"embeddable":true,"href":"https:\/\/www.beno.az\/ru\/wp-json\/wp\/v2\/media\/1355"}],"wp:attachment":[{"href":"https:\/\/www.beno.az\/ru\/wp-json\/wp\/v2\/media?parent=1354"}],"wp:term":[{"taxonomy":"pwb-brand","embeddable":true,"href":"https:\/\/www.beno.az\/ru\/wp-json\/wp\/v2\/pwb-brand?post=1354"},{"taxonomy":"product_brand","embeddable":true,"href":"https:\/\/www.beno.az\/ru\/wp-json\/wp\/v2\/product_brand?post=1354"},{"taxonomy":"product_cat","embeddable":true,"href":"https:\/\/www.beno.az\/ru\/wp-json\/wp\/v2\/product_cat?post=1354"},{"taxonomy":"product_tag","embeddable":true,"href":"https:\/\/www.beno.az\/ru\/wp-json\/wp\/v2\/product_tag?post=1354"}],"curies":[{"name":"wp","href":"https:\/\/api.w.org\/{rel}","templated":true}]}}