{"id":1345,"date":"2023-02-22T15:35:22","date_gmt":"2023-02-22T12:35:22","guid":{"rendered":"https:\/\/www.beno.az\/?post_type=product&#038;p=1345"},"modified":"2023-02-22T15:35:24","modified_gmt":"2023-02-22T12:35:24","slug":"royal-canin-ageing-12-yaslanan-pisik-ucun-quru-yem-12-yasdan-400-q","status":"publish","type":"product","link":"https:\/\/www.beno.az\/ru\/checkout\/royal-canin-ageing-12-yaslanan-pisik-ucun-quru-yem-12-yasdan-400-q\/","title":{"rendered":"Royal Canin Ageing 12+ Ya\u015flanan Pi\u015fik \u00dc\u00e7\u00fcn Quru Yem (12 Ya\u015fdan) 400 Q"},"content":{"rendered":"","protected":false},"excerpt":{"rendered":"","protected":false},"featured_media":1346,"comment_status":"open","ping_status":"closed","template":"","meta":[],"pwb-brand":[134],"product_brand":[],"product_cat":[31,33],"product_tag":[],"class_list":{"0":"post-1345","1":"product","2":"type-product","3":"status-publish","4":"has-post-thumbnail","6":"pwb-brand-brend-royalcanin","7":"product_cat-pisik","8":"product_cat-quruyemler-ceki-ile-pisik","10":"first","11":"instock","12":"shipping-taxable","13":"product-type-simple"},"pure_taxonomies":{"pwb-brand":[{"term_id":134,"name":"Royal Canin","slug":"brend-royalcanin","term_group":0,"term_taxonomy_id":134,"taxonomy":"pwb-brand","description":"","parent":0,"count":30,"filter":"raw","image":""}],"product_cat":[{"term_id":31,"name":"Pi\u015fiyimiz","slug":"pisik","term_group":0,"term_taxonomy_id":31,"taxonomy":"product_cat","description":"","parent":0,"count":275,"filter":"raw","image":""},{"term_id":33,"name":"Quru yeml\u0259r \u00e7\u0259ki il\u0259","slug":"quruyemler-ceki-ile-pisik","term_group":0,"term_taxonomy_id":33,"taxonomy":"product_cat","description":"","parent":31,"count":77,"filter":"raw","image":""}]},"brands":[{"id":134,"name":"Royal Canin","slug":"brend-royalcanin"}],"_links":{"self":[{"href":"https:\/\/www.beno.az\/ru\/wp-json\/wp\/v2\/product\/1345","targetHints":{"allow":["GET"]}}],"collection":[{"href":"https:\/\/www.beno.az\/ru\/wp-json\/wp\/v2\/product"}],"about":[{"href":"https:\/\/www.beno.az\/ru\/wp-json\/wp\/v2\/types\/product"}],"replies":[{"embeddable":true,"href":"https:\/\/www.beno.az\/ru\/wp-json\/wp\/v2\/comments?post=1345"}],"version-history":[{"count":0,"href":"https:\/\/www.beno.az\/ru\/wp-json\/wp\/v2\/product\/1345\/revisions"}],"wp:featuredmedia":[{"embeddable":true,"href":"https:\/\/www.beno.az\/ru\/wp-json\/wp\/v2\/media\/1346"}],"wp:attachment":[{"href":"https:\/\/www.beno.az\/ru\/wp-json\/wp\/v2\/media?parent=1345"}],"wp:term":[{"taxonomy":"pwb-brand","embeddable":true,"href":"https:\/\/www.beno.az\/ru\/wp-json\/wp\/v2\/pwb-brand?post=1345"},{"taxonomy":"product_brand","embeddable":true,"href":"https:\/\/www.beno.az\/ru\/wp-json\/wp\/v2\/product_brand?post=1345"},{"taxonomy":"product_cat","embeddable":true,"href":"https:\/\/www.beno.az\/ru\/wp-json\/wp\/v2\/product_cat?post=1345"},{"taxonomy":"product_tag","embeddable":true,"href":"https:\/\/www.beno.az\/ru\/wp-json\/wp\/v2\/product_tag?post=1345"}],"curies":[{"name":"wp","href":"https:\/\/api.w.org\/{rel}","templated":true}]}}