{"id":1319,"date":"2023-02-22T15:12:01","date_gmt":"2023-02-22T12:12:01","guid":{"rendered":"https:\/\/www.beno.az\/?post_type=product&#038;p=1319"},"modified":"2025-09-16T01:44:06","modified_gmt":"2025-09-15T22:44:06","slug":"monge-hairbal-best-for-breeders-chicken-yetkin-pisikl%c9%99rd%c9%99-tuk-toplarinin-cixarilmasi-ucun-tam-quru-yem-toyuq-super-premium-keyfiyy%c9%99t-c%c9%99ki-il%c9%99-1-kq","status":"publish","type":"product","link":"https:\/\/www.beno.az\/ru\/checkout\/monge-hairbal-best-for-breeders-chicken-yetkin-pisikl%c9%99rd%c9%99-tuk-toplarinin-cixarilmasi-ucun-tam-quru-yem-toyuq-super-premium-keyfiyy%c9%99t-c%c9%99ki-il%c9%99-1-kq\/","title":{"rendered":"Monge Hairbal Best for Breeders Chicken &#8211; yetkin pi\u015fikl\u0259rd\u0259 t\u00fck toplar\u0131n\u0131n \u00e7\u0131xar\u0131lmas\u0131 \u00fc\u00e7\u00fcn tam quru yem, toyuq, super premium keyfiyy\u0259t (\u00e7\u0259ki il\u0259) 1 kq"},"content":{"rendered":"","protected":false},"excerpt":{"rendered":"","protected":false},"featured_media":1320,"comment_status":"open","ping_status":"closed","template":"","meta":[],"pwb-brand":[259],"product_brand":[],"product_cat":[31,33],"product_tag":[],"class_list":{"0":"post-1319","1":"product","2":"type-product","3":"status-publish","4":"has-post-thumbnail","6":"pwb-brand-monge","7":"product_cat-pisik","8":"product_cat-quruyemler-ceki-ile-pisik","10":"first","11":"instock","12":"shipping-taxable","13":"purchasable","14":"product-type-simple"},"pure_taxonomies":{"pwb-brand":[{"term_id":259,"name":"Monge","slug":"monge","term_group":0,"term_taxonomy_id":259,"taxonomy":"pwb-brand","description":"","parent":0,"count":14,"filter":"raw","image":""}],"product_cat":[{"term_id":31,"name":"Pi\u015fiyimiz","slug":"pisik","term_group":0,"term_taxonomy_id":31,"taxonomy":"product_cat","description":"","parent":0,"count":275,"filter":"raw","image":""},{"term_id":33,"name":"Quru yeml\u0259r \u00e7\u0259ki il\u0259","slug":"quruyemler-ceki-ile-pisik","term_group":0,"term_taxonomy_id":33,"taxonomy":"product_cat","description":"","parent":31,"count":77,"filter":"raw","image":""}]},"brands":[{"id":259,"name":"Monge","slug":"monge"}],"_links":{"self":[{"href":"https:\/\/www.beno.az\/ru\/wp-json\/wp\/v2\/product\/1319","targetHints":{"allow":["GET"]}}],"collection":[{"href":"https:\/\/www.beno.az\/ru\/wp-json\/wp\/v2\/product"}],"about":[{"href":"https:\/\/www.beno.az\/ru\/wp-json\/wp\/v2\/types\/product"}],"replies":[{"embeddable":true,"href":"https:\/\/www.beno.az\/ru\/wp-json\/wp\/v2\/comments?post=1319"}],"version-history":[{"count":1,"href":"https:\/\/www.beno.az\/ru\/wp-json\/wp\/v2\/product\/1319\/revisions"}],"predecessor-version":[{"id":11172,"href":"https:\/\/www.beno.az\/ru\/wp-json\/wp\/v2\/product\/1319\/revisions\/11172"}],"wp:featuredmedia":[{"embeddable":true,"href":"https:\/\/www.beno.az\/ru\/wp-json\/wp\/v2\/media\/1320"}],"wp:attachment":[{"href":"https:\/\/www.beno.az\/ru\/wp-json\/wp\/v2\/media?parent=1319"}],"wp:term":[{"taxonomy":"pwb-brand","embeddable":true,"href":"https:\/\/www.beno.az\/ru\/wp-json\/wp\/v2\/pwb-brand?post=1319"},{"taxonomy":"product_brand","embeddable":true,"href":"https:\/\/www.beno.az\/ru\/wp-json\/wp\/v2\/product_brand?post=1319"},{"taxonomy":"product_cat","embeddable":true,"href":"https:\/\/www.beno.az\/ru\/wp-json\/wp\/v2\/product_cat?post=1319"},{"taxonomy":"product_tag","embeddable":true,"href":"https:\/\/www.beno.az\/ru\/wp-json\/wp\/v2\/product_tag?post=1319"}],"curies":[{"name":"wp","href":"https:\/\/api.w.org\/{rel}","templated":true}]}}