{"id":1316,"date":"2023-02-22T15:08:42","date_gmt":"2023-02-22T12:08:42","guid":{"rendered":"https:\/\/www.beno.az\/?post_type=product&#038;p=1316"},"modified":"2023-02-22T15:08:42","modified_gmt":"2023-02-22T12:08:42","slug":"pisik-v%c9%99-pisikl%c9%99rd%c9%99-madd%c9%99l%c9%99r-mubadil%c9%99sinin-normallasdirilmasi-ucun-beaphar-kitty-qida-%c9%99lav%c9%99si-1-tablet","status":"publish","type":"product","link":"https:\/\/www.beno.az\/ru\/checkout\/pisik-v%c9%99-pisikl%c9%99rd%c9%99-madd%c9%99l%c9%99r-mubadil%c9%99sinin-normallasdirilmasi-ucun-beaphar-kitty-qida-%c9%99lav%c9%99si-1-tablet\/","title":{"rendered":"Pi\u015fik v\u0259 pi\u015fikl\u0259rd\u0259 madd\u0259l\u0259r m\u00fcbadil\u0259sinin normalla\u015fd\u0131r\u0131lmas\u0131 \u00fc\u00e7\u00fcn Beaphar Kitty qida \u0259lav\u0259si, 1 tablet"},"content":{"rendered":"","protected":false},"excerpt":{"rendered":"","protected":false},"featured_media":1314,"comment_status":"open","ping_status":"closed","template":"","meta":[],"pwb-brand":[186],"product_brand":[],"product_cat":[36,31],"product_tag":[],"class_list":{"0":"post-1316","1":"product","2":"type-product","3":"status-publish","4":"has-post-thumbnail","6":"pwb-brand-beaphar","7":"product_cat-baytarliq-pisik","8":"product_cat-pisik","10":"first","11":"instock","12":"shipping-taxable","13":"product-type-simple"},"pure_taxonomies":{"pwb-brand":[{"term_id":186,"name":"Beaphar","slug":"beaphar","term_group":0,"term_taxonomy_id":186,"taxonomy":"pwb-brand","description":"","parent":0,"count":25,"filter":"raw","image":""}],"product_cat":[{"term_id":36,"name":"Baytarl\u0131q","slug":"baytarliq-pisik","term_group":0,"term_taxonomy_id":36,"taxonomy":"product_cat","description":"","parent":31,"count":47,"filter":"raw","image":""},{"term_id":31,"name":"Pi\u015fiyimiz","slug":"pisik","term_group":0,"term_taxonomy_id":31,"taxonomy":"product_cat","description":"","parent":0,"count":275,"filter":"raw","image":""}]},"brands":[{"id":186,"name":"Beaphar","slug":"beaphar"}],"_links":{"self":[{"href":"https:\/\/www.beno.az\/ru\/wp-json\/wp\/v2\/product\/1316","targetHints":{"allow":["GET"]}}],"collection":[{"href":"https:\/\/www.beno.az\/ru\/wp-json\/wp\/v2\/product"}],"about":[{"href":"https:\/\/www.beno.az\/ru\/wp-json\/wp\/v2\/types\/product"}],"replies":[{"embeddable":true,"href":"https:\/\/www.beno.az\/ru\/wp-json\/wp\/v2\/comments?post=1316"}],"version-history":[{"count":0,"href":"https:\/\/www.beno.az\/ru\/wp-json\/wp\/v2\/product\/1316\/revisions"}],"wp:featuredmedia":[{"embeddable":true,"href":"https:\/\/www.beno.az\/ru\/wp-json\/wp\/v2\/media\/1314"}],"wp:attachment":[{"href":"https:\/\/www.beno.az\/ru\/wp-json\/wp\/v2\/media?parent=1316"}],"wp:term":[{"taxonomy":"pwb-brand","embeddable":true,"href":"https:\/\/www.beno.az\/ru\/wp-json\/wp\/v2\/pwb-brand?post=1316"},{"taxonomy":"product_brand","embeddable":true,"href":"https:\/\/www.beno.az\/ru\/wp-json\/wp\/v2\/product_brand?post=1316"},{"taxonomy":"product_cat","embeddable":true,"href":"https:\/\/www.beno.az\/ru\/wp-json\/wp\/v2\/product_cat?post=1316"},{"taxonomy":"product_tag","embeddable":true,"href":"https:\/\/www.beno.az\/ru\/wp-json\/wp\/v2\/product_tag?post=1316"}],"curies":[{"name":"wp","href":"https:\/\/api.w.org\/{rel}","templated":true}]}}