{"id":1301,"date":"2023-02-22T14:49:56","date_gmt":"2023-02-22T11:49:56","guid":{"rendered":"https:\/\/www.beno.az\/?post_type=product&#038;p=1301"},"modified":"2023-02-22T14:49:56","modified_gmt":"2023-02-22T11:49:56","slug":"bio-pet-active-parfume-pisikl%c9%99r-v%c9%99-itl%c9%99r-ucun-b%c9%99novs%c9%99yi-%c9%99tirli-flashy-%c9%99tir-50-ml","status":"publish","type":"product","link":"https:\/\/www.beno.az\/ru\/checkout\/bio-pet-active-parfume-pisikl%c9%99r-v%c9%99-itl%c9%99r-ucun-b%c9%99novs%c9%99yi-%c9%99tirli-flashy-%c9%99tir-50-ml\/","title":{"rendered":"Bio Pet Active Parfume Pi\u015fikl\u0259r v\u0259 itl\u0259r \u00fc\u00e7\u00fcn b\u0259n\u00f6v\u015f\u0259yi \u0259tirli Flashy \u018ftir 50 ml."},"content":{"rendered":"","protected":false},"excerpt":{"rendered":"","protected":false},"featured_media":1302,"comment_status":"open","ping_status":"closed","template":"","meta":[],"pwb-brand":[254],"product_brand":[],"product_cat":[26,39,16,31],"product_tag":[],"class_list":{"0":"post-1301","1":"product","2":"type-product","3":"status-publish","4":"has-post-thumbnail","6":"pwb-brand-bio-petactive","7":"product_cat-giyiyena-it","8":"product_cat-gigiyena-pisik","9":"product_cat-it","10":"product_cat-pisik","12":"first","13":"instock","14":"shipping-taxable","15":"product-type-simple"},"pure_taxonomies":{"pwb-brand":[{"term_id":254,"name":"Bio Petactive","slug":"bio-petactive","term_group":0,"term_taxonomy_id":254,"taxonomy":"pwb-brand","description":"","parent":0,"count":4,"filter":"raw","image":""}],"product_cat":[{"term_id":26,"name":"Gigiyena","slug":"giyiyena-it","term_group":0,"term_taxonomy_id":26,"taxonomy":"product_cat","description":"","parent":16,"count":55,"filter":"raw","image":""},{"term_id":39,"name":"Gigiyena","slug":"gigiyena-pisik","term_group":0,"term_taxonomy_id":39,"taxonomy":"product_cat","description":"","parent":31,"count":37,"filter":"raw","image":""},{"term_id":16,"name":"\u0130TL\u018fR","slug":"it","term_group":0,"term_taxonomy_id":16,"taxonomy":"product_cat","description":"","parent":0,"count":228,"filter":"raw","image":""},{"term_id":31,"name":"Pi\u015fiyimiz","slug":"pisik","term_group":0,"term_taxonomy_id":31,"taxonomy":"product_cat","description":"","parent":0,"count":275,"filter":"raw","image":""}]},"brands":[{"id":254,"name":"Bio Petactive","slug":"bio-petactive"}],"_links":{"self":[{"href":"https:\/\/www.beno.az\/ru\/wp-json\/wp\/v2\/product\/1301","targetHints":{"allow":["GET"]}}],"collection":[{"href":"https:\/\/www.beno.az\/ru\/wp-json\/wp\/v2\/product"}],"about":[{"href":"https:\/\/www.beno.az\/ru\/wp-json\/wp\/v2\/types\/product"}],"replies":[{"embeddable":true,"href":"https:\/\/www.beno.az\/ru\/wp-json\/wp\/v2\/comments?post=1301"}],"version-history":[{"count":0,"href":"https:\/\/www.beno.az\/ru\/wp-json\/wp\/v2\/product\/1301\/revisions"}],"wp:featuredmedia":[{"embeddable":true,"href":"https:\/\/www.beno.az\/ru\/wp-json\/wp\/v2\/media\/1302"}],"wp:attachment":[{"href":"https:\/\/www.beno.az\/ru\/wp-json\/wp\/v2\/media?parent=1301"}],"wp:term":[{"taxonomy":"pwb-brand","embeddable":true,"href":"https:\/\/www.beno.az\/ru\/wp-json\/wp\/v2\/pwb-brand?post=1301"},{"taxonomy":"product_brand","embeddable":true,"href":"https:\/\/www.beno.az\/ru\/wp-json\/wp\/v2\/product_brand?post=1301"},{"taxonomy":"product_cat","embeddable":true,"href":"https:\/\/www.beno.az\/ru\/wp-json\/wp\/v2\/product_cat?post=1301"},{"taxonomy":"product_tag","embeddable":true,"href":"https:\/\/www.beno.az\/ru\/wp-json\/wp\/v2\/product_tag?post=1301"}],"curies":[{"name":"wp","href":"https:\/\/api.w.org\/{rel}","templated":true}]}}