{"id":1271,"date":"2023-02-14T13:03:56","date_gmt":"2023-02-14T10:03:56","guid":{"rendered":"https:\/\/www.beno.az\/?post_type=product&#038;p=1271"},"modified":"2023-12-25T13:31:00","modified_gmt":"2023-12-25T10:31:00","slug":"trendline-boyukl%c9%99r-ucun-quru-yem%c9%99k-yetkin-itl%c9%99r-ucun-quzu-v%c9%99-duyu-il%c9%99-1-kq","status":"publish","type":"product","link":"https:\/\/www.beno.az\/ru\/checkout\/trendline-boyukl%c9%99r-ucun-quru-yem%c9%99k-yetkin-itl%c9%99r-ucun-quzu-v%c9%99-duyu-il%c9%99-1-kq\/","title":{"rendered":"Trendline B\u00f6y\u00fckl\u0259r \u00fc\u00e7\u00fcn Quru Yem\u0259k, Yetkin \u0130tl\u0259r \u00fc\u00e7\u00fcn, Quzu v\u0259 D\u00fcy\u00fc il\u0259 1 kq"},"content":{"rendered":"<p>\u0447&gt;\u0441<\/p>","protected":false},"excerpt":{"rendered":"<p>\u0447&gt;\u0441<\/p>","protected":false},"featured_media":1287,"comment_status":"open","ping_status":"closed","template":"","meta":[],"pwb-brand":[253],"product_brand":[],"product_cat":[],"product_tag":[],"class_list":{"0":"post-1271","1":"product","2":"type-product","3":"status-publish","4":"has-post-thumbnail","6":"pwb-brand-trendline","8":"first","9":"instock","10":"shipping-taxable","11":"purchasable","12":"product-type-simple"},"pure_taxonomies":{"pwb-brand":[{"term_id":253,"name":"Trendline","slug":"trendline","term_group":0,"term_taxonomy_id":253,"taxonomy":"pwb-brand","description":"","parent":0,"count":4,"filter":"raw","image":""}]},"brands":[{"id":253,"name":"Trendline","slug":"trendline"}],"_links":{"self":[{"href":"https:\/\/www.beno.az\/ru\/wp-json\/wp\/v2\/product\/1271","targetHints":{"allow":["GET"]}}],"collection":[{"href":"https:\/\/www.beno.az\/ru\/wp-json\/wp\/v2\/product"}],"about":[{"href":"https:\/\/www.beno.az\/ru\/wp-json\/wp\/v2\/types\/product"}],"replies":[{"embeddable":true,"href":"https:\/\/www.beno.az\/ru\/wp-json\/wp\/v2\/comments?post=1271"}],"version-history":[{"count":1,"href":"https:\/\/www.beno.az\/ru\/wp-json\/wp\/v2\/product\/1271\/revisions"}],"predecessor-version":[{"id":11168,"href":"https:\/\/www.beno.az\/ru\/wp-json\/wp\/v2\/product\/1271\/revisions\/11168"}],"wp:featuredmedia":[{"embeddable":true,"href":"https:\/\/www.beno.az\/ru\/wp-json\/wp\/v2\/media\/1287"}],"wp:attachment":[{"href":"https:\/\/www.beno.az\/ru\/wp-json\/wp\/v2\/media?parent=1271"}],"wp:term":[{"taxonomy":"pwb-brand","embeddable":true,"href":"https:\/\/www.beno.az\/ru\/wp-json\/wp\/v2\/pwb-brand?post=1271"},{"taxonomy":"product_brand","embeddable":true,"href":"https:\/\/www.beno.az\/ru\/wp-json\/wp\/v2\/product_brand?post=1271"},{"taxonomy":"product_cat","embeddable":true,"href":"https:\/\/www.beno.az\/ru\/wp-json\/wp\/v2\/product_cat?post=1271"},{"taxonomy":"product_tag","embeddable":true,"href":"https:\/\/www.beno.az\/ru\/wp-json\/wp\/v2\/product_tag?post=1271"}],"curies":[{"name":"wp","href":"https:\/\/api.w.org\/{rel}","templated":true}]}}