{"id":1262,"date":"2023-02-13T14:13:55","date_gmt":"2023-02-13T11:13:55","guid":{"rendered":"https:\/\/www.beno.az\/?post_type=product&#038;p=1262"},"modified":"2023-04-02T17:09:57","modified_gmt":"2023-04-02T14:09:57","slug":"royal-canin-urinary-s-o-pisik-baytarliq-p%c9%99hrizi-sidik-sistemi-x%c9%99st%c9%99likl%c9%99ri-olan-pisikl%c9%99r-ucun-quru-qida-1-kq","status":"publish","type":"product","link":"https:\/\/www.beno.az\/ru\/checkout\/royal-canin-urinary-s-o-pisik-baytarliq-p%c9%99hrizi-sidik-sistemi-x%c9%99st%c9%99likl%c9%99ri-olan-pisikl%c9%99r-ucun-quru-qida-1-kq\/","title":{"rendered":"Royal Canin Urinary S\/O Pi\u015fik Baytarl\u0131q P\u0259hrizi Sidik Sistemi X\u0259st\u0259likl\u0259ri Olan Pi\u015fikl\u0259r \u00fc\u00e7\u00fcn, Quru Qida 1 kq"},"content":{"rendered":"","protected":false},"excerpt":{"rendered":"","protected":false},"featured_media":1263,"comment_status":"open","ping_status":"closed","template":"","meta":[],"pwb-brand":[134],"product_brand":[],"product_cat":[31,33],"product_tag":[],"class_list":{"0":"post-1262","1":"product","2":"type-product","3":"status-publish","4":"has-post-thumbnail","6":"pwb-brand-brend-royalcanin","7":"product_cat-pisik","8":"product_cat-quruyemler-ceki-ile-pisik","10":"first","11":"instock","12":"shipping-taxable","13":"purchasable","14":"product-type-simple"},"pure_taxonomies":{"pwb-brand":[{"term_id":134,"name":"Royal Canin","slug":"brend-royalcanin","term_group":0,"term_taxonomy_id":134,"taxonomy":"pwb-brand","description":"","parent":0,"count":30,"filter":"raw","image":""}],"product_cat":[{"term_id":31,"name":"Pi\u015fiyimiz","slug":"pisik","term_group":0,"term_taxonomy_id":31,"taxonomy":"product_cat","description":"","parent":0,"count":275,"filter":"raw","image":""},{"term_id":33,"name":"Quru yeml\u0259r \u00e7\u0259ki il\u0259","slug":"quruyemler-ceki-ile-pisik","term_group":0,"term_taxonomy_id":33,"taxonomy":"product_cat","description":"","parent":31,"count":77,"filter":"raw","image":""}]},"brands":[{"id":134,"name":"Royal Canin","slug":"brend-royalcanin"}],"_links":{"self":[{"href":"https:\/\/www.beno.az\/ru\/wp-json\/wp\/v2\/product\/1262","targetHints":{"allow":["GET"]}}],"collection":[{"href":"https:\/\/www.beno.az\/ru\/wp-json\/wp\/v2\/product"}],"about":[{"href":"https:\/\/www.beno.az\/ru\/wp-json\/wp\/v2\/types\/product"}],"replies":[{"embeddable":true,"href":"https:\/\/www.beno.az\/ru\/wp-json\/wp\/v2\/comments?post=1262"}],"version-history":[{"count":0,"href":"https:\/\/www.beno.az\/ru\/wp-json\/wp\/v2\/product\/1262\/revisions"}],"wp:featuredmedia":[{"embeddable":true,"href":"https:\/\/www.beno.az\/ru\/wp-json\/wp\/v2\/media\/1263"}],"wp:attachment":[{"href":"https:\/\/www.beno.az\/ru\/wp-json\/wp\/v2\/media?parent=1262"}],"wp:term":[{"taxonomy":"pwb-brand","embeddable":true,"href":"https:\/\/www.beno.az\/ru\/wp-json\/wp\/v2\/pwb-brand?post=1262"},{"taxonomy":"product_brand","embeddable":true,"href":"https:\/\/www.beno.az\/ru\/wp-json\/wp\/v2\/product_brand?post=1262"},{"taxonomy":"product_cat","embeddable":true,"href":"https:\/\/www.beno.az\/ru\/wp-json\/wp\/v2\/product_cat?post=1262"},{"taxonomy":"product_tag","embeddable":true,"href":"https:\/\/www.beno.az\/ru\/wp-json\/wp\/v2\/product_tag?post=1262"}],"curies":[{"name":"wp","href":"https:\/\/api.w.org\/{rel}","templated":true}]}}